{"id":12173,"date":"2024-09-25T14:26:16","date_gmt":"2024-09-25T13:26:16","guid":{"rendered":"https:\/\/distribution.audio-technica.eu\/fr-fr\/?post_type=product&#038;p=12173"},"modified":"2024-09-25T15:48:13","modified_gmt":"2024-09-25T14:48:13","slug":"1235a-sam-studio-monitor","status":"publish","type":"product","link":"https:\/\/distribution.audio-technica.eu\/fr-fr\/produits\/1235a-sam-studio-monitor\/","title":{"rendered":"1235A SAM\u2122 Studio Monitor"},"content":{"rendered":"<p>La 1235A est l\u2019h\u00e9riti\u00e8re de l\u2019embl\u00e9matique 1035. Elle poss\u00e8de une capacit\u00e9 SPL \u00e9lev\u00e9e et une image pr\u00e9cise. La 1035 est devenue la r\u00e9f\u00e9rence des studios prestigieux du monde entier qui exigeaient de v\u00e9ritables performances \u00e0 des niveaux de pression acoustique \u00e9lev\u00e9s et sur de longues p\u00e9riodes d\u2019\u00e9coute.<\/p>\n<p>Aujourd\u2019hui, avec une r\u00e9solution de 96 kHz offre puissance et contr\u00f4le via le GLM5 et notre technologie Smart Active Monitoring. La 1235A est \u00e9galement disponible sous forme de kit de mise \u00e0 niveau \u00e0 installer ult\u00e9rieurement pour les propri\u00e9taires de mod\u00e8les 1035A ou B.<\/p>\n<p><strong>Applications<\/strong> : project studio, studios, mastering, mixage film, son immersif<\/p>\n","protected":false},"excerpt":{"rendered":"<p>Une unit\u00e9 d\u2019amplification RAM-XL calibr\u00e9e individuellement avec un c\u00e2ble d\u2019alimentation d\u20191,8 m et un c\u00e2ble RJ45 de 5 m et de 10 m ainsi qu\u2019un c\u00e2ble speakon de 10 m sont fournis.<\/p>\n","protected":false},"featured_media":12174,"template":"","meta":{"_acf_changed":false},"product_brand":[],"product_cat":[2165],"product_tag":[],"class_list":{"0":"post-12173","1":"product","2":"type-product","3":"status-publish","4":"has-post-thumbnail","6":"product_cat-sam-master-studio-monitor","7":"product_series-studio-monitor","9":"first","10":"instock","11":"shipping-taxable","12":"product-type-simple"},"acf":[],"yoast_head":"<!-- This site is optimized with the Yoast SEO plugin v27.1.1 - https:\/\/yoast.com\/product\/yoast-seo-wordpress\/ -->\n<title>1235A SAM\u2122 Studio Monitor - FR Audio-Technica Distribution<\/title>\n<meta name=\"description\" content=\"La 1035 est devenue la r\u00e9f\u00e9rence des studios prestigieux du monde entier qui exigeaient de v\u00e9ritables performances \u00e0 des niveaux de pression acoustique \u00e9lev\u00e9s et sur de longues p\u00e9riodes d\u2019\u00e9coute.\" \/>\n<meta name=\"robots\" content=\"index, follow, max-snippet:-1, max-image-preview:large, max-video-preview:-1\" \/>\n<link rel=\"canonical\" href=\"https:\/\/distribution.audio-technica.eu\/fr-fr\/produits\/1235a-sam-studio-monitor\/\" \/>\n<meta property=\"og:locale\" content=\"fr_FR\" \/>\n<meta property=\"og:type\" content=\"article\" \/>\n<meta property=\"og:title\" content=\"1235A SAM\u2122 Studio Monitor - FR Audio-Technica Distribution\" \/>\n<meta property=\"og:description\" content=\"La 1035 est devenue la r\u00e9f\u00e9rence des studios prestigieux du monde entier qui exigeaient de v\u00e9ritables performances \u00e0 des niveaux de pression acoustique \u00e9lev\u00e9s et sur de longues p\u00e9riodes d\u2019\u00e9coute.\" \/>\n<meta property=\"og:url\" content=\"https:\/\/distribution.audio-technica.eu\/fr-fr\/produits\/1235a-sam-studio-monitor\/\" \/>\n<meta property=\"og:site_name\" content=\"FR Audio-Technica Distribution\" \/>\n<meta property=\"article:modified_time\" content=\"2024-09-25T14:48:13+00:00\" \/>\n<meta property=\"og:image\" content=\"https:\/\/distribution.audio-technica.eu\/app\/uploads\/sites\/3\/1235A-1.jpg\" \/>\n\t<meta property=\"og:image:width\" content=\"837\" \/>\n\t<meta property=\"og:image:height\" content=\"832\" \/>\n\t<meta property=\"og:image:type\" content=\"image\/jpeg\" \/>\n<meta name=\"twitter:card\" content=\"summary_large_image\" \/>\n<meta name=\"twitter:label1\" content=\"Dur\u00e9e de lecture estim\u00e9e\" \/>\n\t<meta name=\"twitter:data1\" content=\"1 minute\" \/>\n<script type=\"application\/ld+json\" class=\"yoast-schema-graph\">{\"@context\":\"https:\/\/schema.org\",\"@graph\":[{\"@type\":\"WebPage\",\"@id\":\"https:\/\/distribution.audio-technica.eu\/fr-fr\/produits\/1235a-sam-studio-monitor\/\",\"url\":\"https:\/\/distribution.audio-technica.eu\/fr-fr\/produits\/1235a-sam-studio-monitor\/\",\"name\":\"1235A SAM\u2122 Studio Monitor - FR Audio-Technica Distribution\",\"isPartOf\":{\"@id\":\"https:\/\/distribution.audio-technica.eu\/fr-fr\/#website\"},\"primaryImageOfPage\":{\"@id\":\"https:\/\/distribution.audio-technica.eu\/fr-fr\/produits\/1235a-sam-studio-monitor\/#primaryimage\"},\"image\":{\"@id\":\"https:\/\/distribution.audio-technica.eu\/fr-fr\/produits\/1235a-sam-studio-monitor\/#primaryimage\"},\"thumbnailUrl\":\"\/app\/uploads\/sites\/3\/1235A-1.jpg\",\"datePublished\":\"2024-09-25T13:26:16+00:00\",\"dateModified\":\"2024-09-25T14:48:13+00:00\",\"description\":\"La 1035 est devenue la r\u00e9f\u00e9rence des studios prestigieux du monde entier qui exigeaient de v\u00e9ritables performances \u00e0 des niveaux de pression acoustique \u00e9lev\u00e9s et sur de longues p\u00e9riodes d\u2019\u00e9coute.\",\"breadcrumb\":{\"@id\":\"https:\/\/distribution.audio-technica.eu\/fr-fr\/produits\/1235a-sam-studio-monitor\/#breadcrumb\"},\"inLanguage\":\"fr-FR\",\"potentialAction\":[{\"@type\":\"ReadAction\",\"target\":[\"https:\/\/distribution.audio-technica.eu\/fr-fr\/produits\/1235a-sam-studio-monitor\/\"]}]},{\"@type\":\"ImageObject\",\"inLanguage\":\"fr-FR\",\"@id\":\"https:\/\/distribution.audio-technica.eu\/fr-fr\/produits\/1235a-sam-studio-monitor\/#primaryimage\",\"url\":\"\/app\/uploads\/sites\/3\/1235A-1.jpg\",\"contentUrl\":\"\/app\/uploads\/sites\/3\/1235A-1.jpg\",\"width\":837,\"height\":832},{\"@type\":\"BreadcrumbList\",\"@id\":\"https:\/\/distribution.audio-technica.eu\/fr-fr\/produits\/1235a-sam-studio-monitor\/#breadcrumb\",\"itemListElement\":[{\"@type\":\"ListItem\",\"position\":1,\"name\":\"Products\",\"item\":\"https:\/\/distribution.audio-technica.eu\/fr-fr\/\"},{\"@type\":\"ListItem\",\"position\":2,\"name\":\"Produits\",\"item\":\"https:\/\/distribution.audio-technica.eu\/fr-fr\/produits\/\"},{\"@type\":\"ListItem\",\"position\":3,\"name\":\"1235A SAM\u2122 Studio Monitor\"}]},{\"@type\":\"WebSite\",\"@id\":\"https:\/\/distribution.audio-technica.eu\/fr-fr\/#website\",\"url\":\"https:\/\/distribution.audio-technica.eu\/fr-fr\/\",\"name\":\"FR Audio-Technica Distribution\",\"description\":\"\",\"potentialAction\":[{\"@type\":\"SearchAction\",\"target\":{\"@type\":\"EntryPoint\",\"urlTemplate\":\"https:\/\/distribution.audio-technica.eu\/fr-fr\/?s={search_term_string}\"},\"query-input\":{\"@type\":\"PropertyValueSpecification\",\"valueRequired\":true,\"valueName\":\"search_term_string\"}}],\"inLanguage\":\"fr-FR\"}]}<\/script>\n<!-- \/ Yoast SEO plugin. -->","yoast_head_json":{"title":"1235A SAM\u2122 Studio Monitor - FR Audio-Technica Distribution","description":"La 1035 est devenue la r\u00e9f\u00e9rence des studios prestigieux du monde entier qui exigeaient de v\u00e9ritables performances \u00e0 des niveaux de pression acoustique \u00e9lev\u00e9s et sur de longues p\u00e9riodes d\u2019\u00e9coute.","robots":{"index":"index","follow":"follow","max-snippet":"max-snippet:-1","max-image-preview":"max-image-preview:large","max-video-preview":"max-video-preview:-1"},"canonical":"https:\/\/distribution.audio-technica.eu\/fr-fr\/produits\/1235a-sam-studio-monitor\/","og_locale":"fr_FR","og_type":"article","og_title":"1235A SAM\u2122 Studio Monitor - FR Audio-Technica Distribution","og_description":"La 1035 est devenue la r\u00e9f\u00e9rence des studios prestigieux du monde entier qui exigeaient de v\u00e9ritables performances \u00e0 des niveaux de pression acoustique \u00e9lev\u00e9s et sur de longues p\u00e9riodes d\u2019\u00e9coute.","og_url":"https:\/\/distribution.audio-technica.eu\/fr-fr\/produits\/1235a-sam-studio-monitor\/","og_site_name":"FR Audio-Technica Distribution","article_modified_time":"2024-09-25T14:48:13+00:00","og_image":[{"width":837,"height":832,"url":"https:\/\/distribution.audio-technica.eu\/app\/uploads\/sites\/3\/1235A-1.jpg","type":"image\/jpeg"}],"twitter_card":"summary_large_image","twitter_misc":{"Dur\u00e9e de lecture estim\u00e9e":"1 minute"},"schema":{"@context":"https:\/\/schema.org","@graph":[{"@type":"WebPage","@id":"https:\/\/distribution.audio-technica.eu\/fr-fr\/produits\/1235a-sam-studio-monitor\/","url":"https:\/\/distribution.audio-technica.eu\/fr-fr\/produits\/1235a-sam-studio-monitor\/","name":"1235A SAM\u2122 Studio Monitor - FR Audio-Technica Distribution","isPartOf":{"@id":"https:\/\/distribution.audio-technica.eu\/fr-fr\/#website"},"primaryImageOfPage":{"@id":"https:\/\/distribution.audio-technica.eu\/fr-fr\/produits\/1235a-sam-studio-monitor\/#primaryimage"},"image":{"@id":"https:\/\/distribution.audio-technica.eu\/fr-fr\/produits\/1235a-sam-studio-monitor\/#primaryimage"},"thumbnailUrl":"\/app\/uploads\/sites\/3\/1235A-1.jpg","datePublished":"2024-09-25T13:26:16+00:00","dateModified":"2024-09-25T14:48:13+00:00","description":"La 1035 est devenue la r\u00e9f\u00e9rence des studios prestigieux du monde entier qui exigeaient de v\u00e9ritables performances \u00e0 des niveaux de pression acoustique \u00e9lev\u00e9s et sur de longues p\u00e9riodes d\u2019\u00e9coute.","breadcrumb":{"@id":"https:\/\/distribution.audio-technica.eu\/fr-fr\/produits\/1235a-sam-studio-monitor\/#breadcrumb"},"inLanguage":"fr-FR","potentialAction":[{"@type":"ReadAction","target":["https:\/\/distribution.audio-technica.eu\/fr-fr\/produits\/1235a-sam-studio-monitor\/"]}]},{"@type":"ImageObject","inLanguage":"fr-FR","@id":"https:\/\/distribution.audio-technica.eu\/fr-fr\/produits\/1235a-sam-studio-monitor\/#primaryimage","url":"\/app\/uploads\/sites\/3\/1235A-1.jpg","contentUrl":"\/app\/uploads\/sites\/3\/1235A-1.jpg","width":837,"height":832},{"@type":"BreadcrumbList","@id":"https:\/\/distribution.audio-technica.eu\/fr-fr\/produits\/1235a-sam-studio-monitor\/#breadcrumb","itemListElement":[{"@type":"ListItem","position":1,"name":"Products","item":"https:\/\/distribution.audio-technica.eu\/fr-fr\/"},{"@type":"ListItem","position":2,"name":"Produits","item":"https:\/\/distribution.audio-technica.eu\/fr-fr\/produits\/"},{"@type":"ListItem","position":3,"name":"1235A SAM\u2122 Studio Monitor"}]},{"@type":"WebSite","@id":"https:\/\/distribution.audio-technica.eu\/fr-fr\/#website","url":"https:\/\/distribution.audio-technica.eu\/fr-fr\/","name":"FR Audio-Technica Distribution","description":"","potentialAction":[{"@type":"SearchAction","target":{"@type":"EntryPoint","urlTemplate":"https:\/\/distribution.audio-technica.eu\/fr-fr\/?s={search_term_string}"},"query-input":{"@type":"PropertyValueSpecification","valueRequired":true,"valueName":"search_term_string"}}],"inLanguage":"fr-FR"}]}},"_links":{"self":[{"href":"https:\/\/distribution.audio-technica.eu\/fr-fr\/wp-json\/wp\/v2\/product\/12173","targetHints":{"allow":["GET"]}}],"collection":[{"href":"https:\/\/distribution.audio-technica.eu\/fr-fr\/wp-json\/wp\/v2\/product"}],"about":[{"href":"https:\/\/distribution.audio-technica.eu\/fr-fr\/wp-json\/wp\/v2\/types\/product"}],"wp:featuredmedia":[{"embeddable":true,"href":"https:\/\/distribution.audio-technica.eu\/fr-fr\/wp-json\/wp\/v2\/media\/12174"}],"wp:attachment":[{"href":"https:\/\/distribution.audio-technica.eu\/fr-fr\/wp-json\/wp\/v2\/media?parent=12173"}],"wp:term":[{"taxonomy":"product_brand","embeddable":true,"href":"https:\/\/distribution.audio-technica.eu\/fr-fr\/wp-json\/wp\/v2\/product_brand?post=12173"},{"taxonomy":"product_cat","embeddable":true,"href":"https:\/\/distribution.audio-technica.eu\/fr-fr\/wp-json\/wp\/v2\/product_cat?post=12173"},{"taxonomy":"product_tag","embeddable":true,"href":"https:\/\/distribution.audio-technica.eu\/fr-fr\/wp-json\/wp\/v2\/product_tag?post=12173"}],"curies":[{"name":"wp","href":"https:\/\/api.w.org\/{rel}","templated":true}]}}