{"id":12211,"date":"2024-09-25T15:00:47","date_gmt":"2024-09-25T14:00:47","guid":{"rendered":"https:\/\/distribution.audio-technica.eu\/fr-fr\/?post_type=product&#038;p=12211"},"modified":"2024-09-25T15:52:33","modified_gmt":"2024-09-25T14:52:33","slug":"1238ac-sam-studio-monitor","status":"publish","type":"product","link":"https:\/\/distribution.audio-technica.eu\/fr-fr\/produits\/1238ac-sam-studio-monitor\/","title":{"rendered":"1238AC SAM\u2122 Studio Monitor"},"content":{"rendered":"<p>La 1238AC est une enceinte 3 voies actives pour une utilisation de mixage film en enceinte centrale. C\u2019est un mod\u00e8le encastrable horizontalement. Elle est dot\u00e9e du SAM comme tous les autres mod\u00e8les de cette gamme et est param\u00e9trable via le GLM5. Elle est le compl\u00e9ment id\u00e9al des 1238A pour une utilisation en mixage multicanal. Amplification d\u00e9port\u00e9e possible.<\/p>\n<p><strong>Applications<\/strong> : mixage multicanal musique et film<\/p>\n","protected":false},"excerpt":{"rendered":"<p>Une unit\u00e9 d\u2019amplification RAM-XL calibr\u00e9e individuellement avec un c\u00e2ble d\u2019alimentation d\u20191,8 m, un c\u00e2ble RJ45 de 5 m et de 10 m ainsi que 2 c\u00e2bles speakon de 10 m sont fournis.<\/p>\n","protected":false},"featured_media":12224,"template":"","meta":{"_acf_changed":false},"product_brand":[],"product_cat":[2144,2165],"product_tag":[],"class_list":{"0":"post-12211","1":"product","2":"type-product","3":"status-publish","4":"has-post-thumbnail","6":"product_cat-enceintes","7":"product_cat-sam-master-studio-monitor","8":"product_series-studio-monitor","10":"first","11":"instock","12":"shipping-taxable","13":"product-type-simple"},"acf":[],"yoast_head":"<!-- This site is optimized with the Yoast SEO plugin v27.1.1 - https:\/\/yoast.com\/product\/yoast-seo-wordpress\/ -->\n<title>1238AC SAM\u2122 Studio Monitor - FR Audio-Technica Distribution<\/title>\n<meta name=\"description\" content=\"La 1238AC est une enceinte 3 voies actives pour une utilisation de mixage film en enceinte centrale. C\u2019est un mod\u00e8le encastrable horizontalement.\" \/>\n<meta name=\"robots\" content=\"index, follow, max-snippet:-1, max-image-preview:large, max-video-preview:-1\" \/>\n<link rel=\"canonical\" href=\"https:\/\/distribution.audio-technica.eu\/fr-fr\/produits\/1238ac-sam-studio-monitor\/\" \/>\n<meta property=\"og:locale\" content=\"fr_FR\" \/>\n<meta property=\"og:type\" content=\"article\" \/>\n<meta property=\"og:title\" content=\"1238AC SAM\u2122 Studio Monitor - FR Audio-Technica Distribution\" \/>\n<meta property=\"og:description\" content=\"La 1238AC est une enceinte 3 voies actives pour une utilisation de mixage film en enceinte centrale. C\u2019est un mod\u00e8le encastrable horizontalement.\" \/>\n<meta property=\"og:url\" content=\"https:\/\/distribution.audio-technica.eu\/fr-fr\/produits\/1238ac-sam-studio-monitor\/\" \/>\n<meta property=\"og:site_name\" content=\"FR Audio-Technica Distribution\" \/>\n<meta property=\"article:modified_time\" content=\"2024-09-25T14:52:33+00:00\" \/>\n<meta property=\"og:image\" content=\"https:\/\/distribution.audio-technica.eu\/app\/uploads\/sites\/3\/1238AC-1-1.jpg\" \/>\n\t<meta property=\"og:image:width\" content=\"822\" \/>\n\t<meta property=\"og:image:height\" content=\"821\" \/>\n\t<meta property=\"og:image:type\" content=\"image\/jpeg\" \/>\n<meta name=\"twitter:card\" content=\"summary_large_image\" \/>\n<meta name=\"twitter:label1\" content=\"Dur\u00e9e de lecture estim\u00e9e\" \/>\n\t<meta name=\"twitter:data1\" content=\"1 minute\" \/>\n<script type=\"application\/ld+json\" class=\"yoast-schema-graph\">{\"@context\":\"https:\/\/schema.org\",\"@graph\":[{\"@type\":\"WebPage\",\"@id\":\"https:\/\/distribution.audio-technica.eu\/fr-fr\/produits\/1238ac-sam-studio-monitor\/\",\"url\":\"https:\/\/distribution.audio-technica.eu\/fr-fr\/produits\/1238ac-sam-studio-monitor\/\",\"name\":\"1238AC SAM\u2122 Studio Monitor - FR Audio-Technica Distribution\",\"isPartOf\":{\"@id\":\"https:\/\/distribution.audio-technica.eu\/fr-fr\/#website\"},\"primaryImageOfPage\":{\"@id\":\"https:\/\/distribution.audio-technica.eu\/fr-fr\/produits\/1238ac-sam-studio-monitor\/#primaryimage\"},\"image\":{\"@id\":\"https:\/\/distribution.audio-technica.eu\/fr-fr\/produits\/1238ac-sam-studio-monitor\/#primaryimage\"},\"thumbnailUrl\":\"\/app\/uploads\/sites\/3\/1238AC-1-1.jpg\",\"datePublished\":\"2024-09-25T14:00:47+00:00\",\"dateModified\":\"2024-09-25T14:52:33+00:00\",\"description\":\"La 1238AC est une enceinte 3 voies actives pour une utilisation de mixage film en enceinte centrale. C\u2019est un mod\u00e8le encastrable horizontalement.\",\"breadcrumb\":{\"@id\":\"https:\/\/distribution.audio-technica.eu\/fr-fr\/produits\/1238ac-sam-studio-monitor\/#breadcrumb\"},\"inLanguage\":\"fr-FR\",\"potentialAction\":[{\"@type\":\"ReadAction\",\"target\":[\"https:\/\/distribution.audio-technica.eu\/fr-fr\/produits\/1238ac-sam-studio-monitor\/\"]}]},{\"@type\":\"ImageObject\",\"inLanguage\":\"fr-FR\",\"@id\":\"https:\/\/distribution.audio-technica.eu\/fr-fr\/produits\/1238ac-sam-studio-monitor\/#primaryimage\",\"url\":\"\/app\/uploads\/sites\/3\/1238AC-1-1.jpg\",\"contentUrl\":\"\/app\/uploads\/sites\/3\/1238AC-1-1.jpg\",\"width\":822,\"height\":821},{\"@type\":\"BreadcrumbList\",\"@id\":\"https:\/\/distribution.audio-technica.eu\/fr-fr\/produits\/1238ac-sam-studio-monitor\/#breadcrumb\",\"itemListElement\":[{\"@type\":\"ListItem\",\"position\":1,\"name\":\"Products\",\"item\":\"https:\/\/distribution.audio-technica.eu\/fr-fr\/\"},{\"@type\":\"ListItem\",\"position\":2,\"name\":\"Produits\",\"item\":\"https:\/\/distribution.audio-technica.eu\/fr-fr\/produits\/\"},{\"@type\":\"ListItem\",\"position\":3,\"name\":\"1238AC SAM\u2122 Studio Monitor\"}]},{\"@type\":\"WebSite\",\"@id\":\"https:\/\/distribution.audio-technica.eu\/fr-fr\/#website\",\"url\":\"https:\/\/distribution.audio-technica.eu\/fr-fr\/\",\"name\":\"FR Audio-Technica Distribution\",\"description\":\"\",\"potentialAction\":[{\"@type\":\"SearchAction\",\"target\":{\"@type\":\"EntryPoint\",\"urlTemplate\":\"https:\/\/distribution.audio-technica.eu\/fr-fr\/?s={search_term_string}\"},\"query-input\":{\"@type\":\"PropertyValueSpecification\",\"valueRequired\":true,\"valueName\":\"search_term_string\"}}],\"inLanguage\":\"fr-FR\"}]}<\/script>\n<!-- \/ Yoast SEO plugin. -->","yoast_head_json":{"title":"1238AC SAM\u2122 Studio Monitor - FR Audio-Technica Distribution","description":"La 1238AC est une enceinte 3 voies actives pour une utilisation de mixage film en enceinte centrale. C\u2019est un mod\u00e8le encastrable horizontalement.","robots":{"index":"index","follow":"follow","max-snippet":"max-snippet:-1","max-image-preview":"max-image-preview:large","max-video-preview":"max-video-preview:-1"},"canonical":"https:\/\/distribution.audio-technica.eu\/fr-fr\/produits\/1238ac-sam-studio-monitor\/","og_locale":"fr_FR","og_type":"article","og_title":"1238AC SAM\u2122 Studio Monitor - FR Audio-Technica Distribution","og_description":"La 1238AC est une enceinte 3 voies actives pour une utilisation de mixage film en enceinte centrale. C\u2019est un mod\u00e8le encastrable horizontalement.","og_url":"https:\/\/distribution.audio-technica.eu\/fr-fr\/produits\/1238ac-sam-studio-monitor\/","og_site_name":"FR Audio-Technica Distribution","article_modified_time":"2024-09-25T14:52:33+00:00","og_image":[{"width":822,"height":821,"url":"https:\/\/distribution.audio-technica.eu\/app\/uploads\/sites\/3\/1238AC-1-1.jpg","type":"image\/jpeg"}],"twitter_card":"summary_large_image","twitter_misc":{"Dur\u00e9e de lecture estim\u00e9e":"1 minute"},"schema":{"@context":"https:\/\/schema.org","@graph":[{"@type":"WebPage","@id":"https:\/\/distribution.audio-technica.eu\/fr-fr\/produits\/1238ac-sam-studio-monitor\/","url":"https:\/\/distribution.audio-technica.eu\/fr-fr\/produits\/1238ac-sam-studio-monitor\/","name":"1238AC SAM\u2122 Studio Monitor - FR Audio-Technica Distribution","isPartOf":{"@id":"https:\/\/distribution.audio-technica.eu\/fr-fr\/#website"},"primaryImageOfPage":{"@id":"https:\/\/distribution.audio-technica.eu\/fr-fr\/produits\/1238ac-sam-studio-monitor\/#primaryimage"},"image":{"@id":"https:\/\/distribution.audio-technica.eu\/fr-fr\/produits\/1238ac-sam-studio-monitor\/#primaryimage"},"thumbnailUrl":"\/app\/uploads\/sites\/3\/1238AC-1-1.jpg","datePublished":"2024-09-25T14:00:47+00:00","dateModified":"2024-09-25T14:52:33+00:00","description":"La 1238AC est une enceinte 3 voies actives pour une utilisation de mixage film en enceinte centrale. C\u2019est un mod\u00e8le encastrable horizontalement.","breadcrumb":{"@id":"https:\/\/distribution.audio-technica.eu\/fr-fr\/produits\/1238ac-sam-studio-monitor\/#breadcrumb"},"inLanguage":"fr-FR","potentialAction":[{"@type":"ReadAction","target":["https:\/\/distribution.audio-technica.eu\/fr-fr\/produits\/1238ac-sam-studio-monitor\/"]}]},{"@type":"ImageObject","inLanguage":"fr-FR","@id":"https:\/\/distribution.audio-technica.eu\/fr-fr\/produits\/1238ac-sam-studio-monitor\/#primaryimage","url":"\/app\/uploads\/sites\/3\/1238AC-1-1.jpg","contentUrl":"\/app\/uploads\/sites\/3\/1238AC-1-1.jpg","width":822,"height":821},{"@type":"BreadcrumbList","@id":"https:\/\/distribution.audio-technica.eu\/fr-fr\/produits\/1238ac-sam-studio-monitor\/#breadcrumb","itemListElement":[{"@type":"ListItem","position":1,"name":"Products","item":"https:\/\/distribution.audio-technica.eu\/fr-fr\/"},{"@type":"ListItem","position":2,"name":"Produits","item":"https:\/\/distribution.audio-technica.eu\/fr-fr\/produits\/"},{"@type":"ListItem","position":3,"name":"1238AC SAM\u2122 Studio Monitor"}]},{"@type":"WebSite","@id":"https:\/\/distribution.audio-technica.eu\/fr-fr\/#website","url":"https:\/\/distribution.audio-technica.eu\/fr-fr\/","name":"FR Audio-Technica Distribution","description":"","potentialAction":[{"@type":"SearchAction","target":{"@type":"EntryPoint","urlTemplate":"https:\/\/distribution.audio-technica.eu\/fr-fr\/?s={search_term_string}"},"query-input":{"@type":"PropertyValueSpecification","valueRequired":true,"valueName":"search_term_string"}}],"inLanguage":"fr-FR"}]}},"_links":{"self":[{"href":"https:\/\/distribution.audio-technica.eu\/fr-fr\/wp-json\/wp\/v2\/product\/12211","targetHints":{"allow":["GET"]}}],"collection":[{"href":"https:\/\/distribution.audio-technica.eu\/fr-fr\/wp-json\/wp\/v2\/product"}],"about":[{"href":"https:\/\/distribution.audio-technica.eu\/fr-fr\/wp-json\/wp\/v2\/types\/product"}],"wp:featuredmedia":[{"embeddable":true,"href":"https:\/\/distribution.audio-technica.eu\/fr-fr\/wp-json\/wp\/v2\/media\/12224"}],"wp:attachment":[{"href":"https:\/\/distribution.audio-technica.eu\/fr-fr\/wp-json\/wp\/v2\/media?parent=12211"}],"wp:term":[{"taxonomy":"product_brand","embeddable":true,"href":"https:\/\/distribution.audio-technica.eu\/fr-fr\/wp-json\/wp\/v2\/product_brand?post=12211"},{"taxonomy":"product_cat","embeddable":true,"href":"https:\/\/distribution.audio-technica.eu\/fr-fr\/wp-json\/wp\/v2\/product_cat?post=12211"},{"taxonomy":"product_tag","embeddable":true,"href":"https:\/\/distribution.audio-technica.eu\/fr-fr\/wp-json\/wp\/v2\/product_tag?post=12211"}],"curies":[{"name":"wp","href":"https:\/\/api.w.org\/{rel}","templated":true}]}}