{"id":12234,"date":"2024-09-25T15:23:21","date_gmt":"2024-09-25T14:23:21","guid":{"rendered":"https:\/\/distribution.audio-technica.eu\/fr-fr\/?post_type=product&#038;p=12234"},"modified":"2024-09-25T15:54:38","modified_gmt":"2024-09-25T14:54:38","slug":"8381a","status":"publish","type":"product","link":"https:\/\/distribution.audio-technica.eu\/fr-fr\/produits\/8381a\/","title":{"rendered":"8381A"},"content":{"rendered":"<p>La 8381A, est une enceinte 5 voies actives, coaxiale Point Source\u2122, contr\u00f4l\u00e9e par DSP \u00e9tudi\u00e9e pour fonctionner en champs libre. Elle propose une image ultra pr\u00e9cise dans les hautes fr\u00e9quences et un contr\u00f4le du grave \u00e0 3 woofers. Elle est dot\u00e9e d\u2019entr\u00e9e analogique et AES\/EBU. Con\u00e7ue pour l\u2019enregistrement, le mixage, le mastering, et \u00e9galement pour une \u00e9coute audiophile de tr\u00e8s haut niveau. La 8381A est param\u00e9trable via le syst\u00e8me de calibration GLM 5 et peut donc s\u2019adapter \u00e0 n\u2019importe quel environnement acoustique.<\/p>\n<p>Dot\u00e9e d\u2019une plage de fr\u00e9quences ultra large s\u2019\u00e9tendant de 20 Hz \u00e0 35 kHz, d\u2019une puissance d\u2019amplification de 6 kW et d\u2019un niveau de pression acoustique de 126 dB, la 8381A offre les caract\u00e9ristiques et les sp\u00e9cifications les plus sophistiqu\u00e9es de tous les moniteurs audios actuellement disponibles sur le march\u00e9.<\/p>\n<p><strong>Applications<\/strong> : salles de contr\u00f4le, studios d\u2019enregistrement, studios de mixage et de mastering professionnels.<\/p>\n","protected":false},"excerpt":{"rendered":"<p>Amplification d\u00e9port\u00e9e.<br \/>\n\u2013 C\u00e2ble d\u2019alimentation d\u20191,8 m et c\u00e2ble r\u00e9seau GLM de 5 m fournis.<\/p>\n","protected":false},"featured_media":12256,"template":"","meta":{"_acf_changed":false},"product_brand":[],"product_cat":[2144,2165],"product_tag":[],"class_list":{"0":"post-12234","1":"product","2":"type-product","3":"status-publish","4":"has-post-thumbnail","6":"product_cat-enceintes","7":"product_cat-sam-master-studio-monitor","8":"product_series-studio-monitor","10":"first","11":"instock","12":"shipping-taxable","13":"product-type-simple"},"acf":[],"yoast_head":"<!-- This site is optimized with the Yoast SEO plugin v27.1.1 - https:\/\/yoast.com\/product\/yoast-seo-wordpress\/ -->\n<title>8381A - FR Audio-Technica Distribution<\/title>\n<meta name=\"description\" content=\"La 8381A, est une enceinte 5 voies actives, coaxiale Point Source\u2122, contr\u00f4l\u00e9e par DSP \u00e9tudi\u00e9e pour fonctionner en champs libre.\" \/>\n<meta name=\"robots\" content=\"index, follow, max-snippet:-1, max-image-preview:large, max-video-preview:-1\" \/>\n<link rel=\"canonical\" href=\"https:\/\/distribution.audio-technica.eu\/fr-fr\/produits\/8381a\/\" \/>\n<meta property=\"og:locale\" content=\"fr_FR\" \/>\n<meta property=\"og:type\" content=\"article\" \/>\n<meta property=\"og:title\" content=\"8381A - FR Audio-Technica Distribution\" \/>\n<meta property=\"og:description\" content=\"La 8381A, est une enceinte 5 voies actives, coaxiale Point Source\u2122, contr\u00f4l\u00e9e par DSP \u00e9tudi\u00e9e pour fonctionner en champs libre.\" \/>\n<meta property=\"og:url\" content=\"https:\/\/distribution.audio-technica.eu\/fr-fr\/produits\/8381a\/\" \/>\n<meta property=\"og:site_name\" content=\"FR Audio-Technica Distribution\" \/>\n<meta property=\"article:modified_time\" content=\"2024-09-25T14:54:38+00:00\" \/>\n<meta property=\"og:image\" content=\"https:\/\/distribution.audio-technica.eu\/app\/uploads\/sites\/3\/8381-1-1.jpg\" \/>\n\t<meta property=\"og:image:width\" content=\"832\" \/>\n\t<meta property=\"og:image:height\" content=\"832\" \/>\n\t<meta property=\"og:image:type\" content=\"image\/jpeg\" \/>\n<meta name=\"twitter:card\" content=\"summary_large_image\" \/>\n<meta name=\"twitter:label1\" content=\"Dur\u00e9e de lecture estim\u00e9e\" \/>\n\t<meta name=\"twitter:data1\" content=\"1 minute\" \/>\n<script type=\"application\/ld+json\" class=\"yoast-schema-graph\">{\"@context\":\"https:\/\/schema.org\",\"@graph\":[{\"@type\":\"WebPage\",\"@id\":\"https:\/\/distribution.audio-technica.eu\/fr-fr\/produits\/8381a\/\",\"url\":\"https:\/\/distribution.audio-technica.eu\/fr-fr\/produits\/8381a\/\",\"name\":\"8381A - FR Audio-Technica Distribution\",\"isPartOf\":{\"@id\":\"https:\/\/distribution.audio-technica.eu\/fr-fr\/#website\"},\"primaryImageOfPage\":{\"@id\":\"https:\/\/distribution.audio-technica.eu\/fr-fr\/produits\/8381a\/#primaryimage\"},\"image\":{\"@id\":\"https:\/\/distribution.audio-technica.eu\/fr-fr\/produits\/8381a\/#primaryimage\"},\"thumbnailUrl\":\"\/app\/uploads\/sites\/3\/8381-1-1.jpg\",\"datePublished\":\"2024-09-25T14:23:21+00:00\",\"dateModified\":\"2024-09-25T14:54:38+00:00\",\"description\":\"La 8381A, est une enceinte 5 voies actives, coaxiale Point Source\u2122, contr\u00f4l\u00e9e par DSP \u00e9tudi\u00e9e pour fonctionner en champs libre.\",\"breadcrumb\":{\"@id\":\"https:\/\/distribution.audio-technica.eu\/fr-fr\/produits\/8381a\/#breadcrumb\"},\"inLanguage\":\"fr-FR\",\"potentialAction\":[{\"@type\":\"ReadAction\",\"target\":[\"https:\/\/distribution.audio-technica.eu\/fr-fr\/produits\/8381a\/\"]}]},{\"@type\":\"ImageObject\",\"inLanguage\":\"fr-FR\",\"@id\":\"https:\/\/distribution.audio-technica.eu\/fr-fr\/produits\/8381a\/#primaryimage\",\"url\":\"\/app\/uploads\/sites\/3\/8381-1-1.jpg\",\"contentUrl\":\"\/app\/uploads\/sites\/3\/8381-1-1.jpg\",\"width\":832,\"height\":832},{\"@type\":\"BreadcrumbList\",\"@id\":\"https:\/\/distribution.audio-technica.eu\/fr-fr\/produits\/8381a\/#breadcrumb\",\"itemListElement\":[{\"@type\":\"ListItem\",\"position\":1,\"name\":\"Products\",\"item\":\"https:\/\/distribution.audio-technica.eu\/fr-fr\/\"},{\"@type\":\"ListItem\",\"position\":2,\"name\":\"Produits\",\"item\":\"https:\/\/distribution.audio-technica.eu\/fr-fr\/produits\/\"},{\"@type\":\"ListItem\",\"position\":3,\"name\":\"8381A\"}]},{\"@type\":\"WebSite\",\"@id\":\"https:\/\/distribution.audio-technica.eu\/fr-fr\/#website\",\"url\":\"https:\/\/distribution.audio-technica.eu\/fr-fr\/\",\"name\":\"FR Audio-Technica Distribution\",\"description\":\"\",\"potentialAction\":[{\"@type\":\"SearchAction\",\"target\":{\"@type\":\"EntryPoint\",\"urlTemplate\":\"https:\/\/distribution.audio-technica.eu\/fr-fr\/?s={search_term_string}\"},\"query-input\":{\"@type\":\"PropertyValueSpecification\",\"valueRequired\":true,\"valueName\":\"search_term_string\"}}],\"inLanguage\":\"fr-FR\"}]}<\/script>\n<!-- \/ Yoast SEO plugin. -->","yoast_head_json":{"title":"8381A - FR Audio-Technica Distribution","description":"La 8381A, est une enceinte 5 voies actives, coaxiale Point Source\u2122, contr\u00f4l\u00e9e par DSP \u00e9tudi\u00e9e pour fonctionner en champs libre.","robots":{"index":"index","follow":"follow","max-snippet":"max-snippet:-1","max-image-preview":"max-image-preview:large","max-video-preview":"max-video-preview:-1"},"canonical":"https:\/\/distribution.audio-technica.eu\/fr-fr\/produits\/8381a\/","og_locale":"fr_FR","og_type":"article","og_title":"8381A - FR Audio-Technica Distribution","og_description":"La 8381A, est une enceinte 5 voies actives, coaxiale Point Source\u2122, contr\u00f4l\u00e9e par DSP \u00e9tudi\u00e9e pour fonctionner en champs libre.","og_url":"https:\/\/distribution.audio-technica.eu\/fr-fr\/produits\/8381a\/","og_site_name":"FR Audio-Technica Distribution","article_modified_time":"2024-09-25T14:54:38+00:00","og_image":[{"width":832,"height":832,"url":"https:\/\/distribution.audio-technica.eu\/app\/uploads\/sites\/3\/8381-1-1.jpg","type":"image\/jpeg"}],"twitter_card":"summary_large_image","twitter_misc":{"Dur\u00e9e de lecture estim\u00e9e":"1 minute"},"schema":{"@context":"https:\/\/schema.org","@graph":[{"@type":"WebPage","@id":"https:\/\/distribution.audio-technica.eu\/fr-fr\/produits\/8381a\/","url":"https:\/\/distribution.audio-technica.eu\/fr-fr\/produits\/8381a\/","name":"8381A - FR Audio-Technica Distribution","isPartOf":{"@id":"https:\/\/distribution.audio-technica.eu\/fr-fr\/#website"},"primaryImageOfPage":{"@id":"https:\/\/distribution.audio-technica.eu\/fr-fr\/produits\/8381a\/#primaryimage"},"image":{"@id":"https:\/\/distribution.audio-technica.eu\/fr-fr\/produits\/8381a\/#primaryimage"},"thumbnailUrl":"\/app\/uploads\/sites\/3\/8381-1-1.jpg","datePublished":"2024-09-25T14:23:21+00:00","dateModified":"2024-09-25T14:54:38+00:00","description":"La 8381A, est une enceinte 5 voies actives, coaxiale Point Source\u2122, contr\u00f4l\u00e9e par DSP \u00e9tudi\u00e9e pour fonctionner en champs libre.","breadcrumb":{"@id":"https:\/\/distribution.audio-technica.eu\/fr-fr\/produits\/8381a\/#breadcrumb"},"inLanguage":"fr-FR","potentialAction":[{"@type":"ReadAction","target":["https:\/\/distribution.audio-technica.eu\/fr-fr\/produits\/8381a\/"]}]},{"@type":"ImageObject","inLanguage":"fr-FR","@id":"https:\/\/distribution.audio-technica.eu\/fr-fr\/produits\/8381a\/#primaryimage","url":"\/app\/uploads\/sites\/3\/8381-1-1.jpg","contentUrl":"\/app\/uploads\/sites\/3\/8381-1-1.jpg","width":832,"height":832},{"@type":"BreadcrumbList","@id":"https:\/\/distribution.audio-technica.eu\/fr-fr\/produits\/8381a\/#breadcrumb","itemListElement":[{"@type":"ListItem","position":1,"name":"Products","item":"https:\/\/distribution.audio-technica.eu\/fr-fr\/"},{"@type":"ListItem","position":2,"name":"Produits","item":"https:\/\/distribution.audio-technica.eu\/fr-fr\/produits\/"},{"@type":"ListItem","position":3,"name":"8381A"}]},{"@type":"WebSite","@id":"https:\/\/distribution.audio-technica.eu\/fr-fr\/#website","url":"https:\/\/distribution.audio-technica.eu\/fr-fr\/","name":"FR Audio-Technica Distribution","description":"","potentialAction":[{"@type":"SearchAction","target":{"@type":"EntryPoint","urlTemplate":"https:\/\/distribution.audio-technica.eu\/fr-fr\/?s={search_term_string}"},"query-input":{"@type":"PropertyValueSpecification","valueRequired":true,"valueName":"search_term_string"}}],"inLanguage":"fr-FR"}]}},"_links":{"self":[{"href":"https:\/\/distribution.audio-technica.eu\/fr-fr\/wp-json\/wp\/v2\/product\/12234","targetHints":{"allow":["GET"]}}],"collection":[{"href":"https:\/\/distribution.audio-technica.eu\/fr-fr\/wp-json\/wp\/v2\/product"}],"about":[{"href":"https:\/\/distribution.audio-technica.eu\/fr-fr\/wp-json\/wp\/v2\/types\/product"}],"wp:featuredmedia":[{"embeddable":true,"href":"https:\/\/distribution.audio-technica.eu\/fr-fr\/wp-json\/wp\/v2\/media\/12256"}],"wp:attachment":[{"href":"https:\/\/distribution.audio-technica.eu\/fr-fr\/wp-json\/wp\/v2\/media?parent=12234"}],"wp:term":[{"taxonomy":"product_brand","embeddable":true,"href":"https:\/\/distribution.audio-technica.eu\/fr-fr\/wp-json\/wp\/v2\/product_brand?post=12234"},{"taxonomy":"product_cat","embeddable":true,"href":"https:\/\/distribution.audio-technica.eu\/fr-fr\/wp-json\/wp\/v2\/product_cat?post=12234"},{"taxonomy":"product_tag","embeddable":true,"href":"https:\/\/distribution.audio-technica.eu\/fr-fr\/wp-json\/wp\/v2\/product_tag?post=12234"}],"curies":[{"name":"wp","href":"https:\/\/api.w.org\/{rel}","templated":true}]}}