{"id":12257,"date":"2024-09-25T15:31:17","date_gmt":"2024-09-25T14:31:17","guid":{"rendered":"https:\/\/distribution.audio-technica.eu\/fr-fr\/?post_type=product&#038;p=12257"},"modified":"2024-09-25T15:55:45","modified_gmt":"2024-09-25T14:55:45","slug":"9320a","status":"publish","type":"product","link":"https:\/\/distribution.audio-technica.eu\/fr-fr\/produits\/9320a\/","title":{"rendered":"9320A"},"content":{"rendered":"<p>Le 9320A est le contr\u00f4leur de monitoring multifonction de la nouvelle plateforme UNIO de Genelec. Il permet de configurer, de param\u00e9trer et de commander des syst\u00e8mes d\u2019\u00e9coute en st\u00e9r\u00e9o ou en multicanal de la s\u00e9rie SAM ainsi que les fameuses enceintes de la s\u00e9rie The Ones, et nombre de fonctionnalit\u00e9s de v\u00e9rification.<\/p>\n<p><strong>Applications<\/strong> : mixage multicanal musique et film<\/p>\n","protected":false},"excerpt":{"rendered":"<p>Le 9320A est le contr\u00f4leur de monitoring multifonction de la nouvelle plateforme UNIO de Genelec. Il permet de configurer, de param\u00e9trer et de commander des syst\u00e8mes d\u2019\u00e9coute en st\u00e9r\u00e9o ou en multicanal de la s\u00e9rie SAM ainsi que les fameuses enceintes de la s\u00e9rie The Ones, et nombre de fonctionnalit\u00e9s de v\u00e9rification. Applications : mixage [&hellip;]<\/p>\n","protected":false},"featured_media":12258,"template":"","meta":{"_acf_changed":false},"product_brand":[],"product_cat":[2165],"product_tag":[],"class_list":{"0":"post-12257","1":"product","2":"type-product","3":"status-publish","4":"has-post-thumbnail","6":"product_cat-sam-master-studio-monitor","7":"product_series-studio-monitor","9":"first","10":"instock","11":"shipping-taxable","12":"product-type-simple"},"acf":[],"yoast_head":"<!-- This site is optimized with the Yoast SEO plugin v27.1.1 - https:\/\/yoast.com\/product\/yoast-seo-wordpress\/ -->\n<title>9320A - FR Audio-Technica Distribution<\/title>\n<meta name=\"description\" content=\"Le 9320 A permet de configurer, de param\u00e9trer et de commander des syst\u00e8mes d\u2019\u00e9coute en st\u00e9r\u00e9o ou en multicanal de la s\u00e9rie SAM ainsi que les fameuses enceintes de la s\u00e9rie The Ones, et nombre de fonctionnalit\u00e9s de v\u00e9rification.\" \/>\n<meta name=\"robots\" content=\"index, follow, max-snippet:-1, max-image-preview:large, max-video-preview:-1\" \/>\n<link rel=\"canonical\" href=\"https:\/\/distribution.audio-technica.eu\/fr-fr\/produits\/9320a\/\" \/>\n<meta property=\"og:locale\" content=\"fr_FR\" \/>\n<meta property=\"og:type\" content=\"article\" \/>\n<meta property=\"og:title\" content=\"9320A - FR Audio-Technica Distribution\" \/>\n<meta property=\"og:description\" content=\"Le 9320 A permet de configurer, de param\u00e9trer et de commander des syst\u00e8mes d\u2019\u00e9coute en st\u00e9r\u00e9o ou en multicanal de la s\u00e9rie SAM ainsi que les fameuses enceintes de la s\u00e9rie The Ones, et nombre de fonctionnalit\u00e9s de v\u00e9rification.\" \/>\n<meta property=\"og:url\" content=\"https:\/\/distribution.audio-technica.eu\/fr-fr\/produits\/9320a\/\" \/>\n<meta property=\"og:site_name\" content=\"FR Audio-Technica Distribution\" \/>\n<meta property=\"article:modified_time\" content=\"2024-09-25T14:55:45+00:00\" \/>\n<meta property=\"og:image\" content=\"https:\/\/distribution.audio-technica.eu\/app\/uploads\/sites\/3\/9320-1.jpg\" \/>\n\t<meta property=\"og:image:width\" content=\"818\" \/>\n\t<meta property=\"og:image:height\" content=\"823\" \/>\n\t<meta property=\"og:image:type\" content=\"image\/jpeg\" \/>\n<meta name=\"twitter:card\" content=\"summary_large_image\" \/>\n<meta name=\"twitter:label1\" content=\"Dur\u00e9e de lecture estim\u00e9e\" \/>\n\t<meta name=\"twitter:data1\" content=\"1 minute\" \/>\n<script type=\"application\/ld+json\" class=\"yoast-schema-graph\">{\"@context\":\"https:\/\/schema.org\",\"@graph\":[{\"@type\":\"WebPage\",\"@id\":\"https:\/\/distribution.audio-technica.eu\/fr-fr\/produits\/9320a\/\",\"url\":\"https:\/\/distribution.audio-technica.eu\/fr-fr\/produits\/9320a\/\",\"name\":\"9320A - FR Audio-Technica Distribution\",\"isPartOf\":{\"@id\":\"https:\/\/distribution.audio-technica.eu\/fr-fr\/#website\"},\"primaryImageOfPage\":{\"@id\":\"https:\/\/distribution.audio-technica.eu\/fr-fr\/produits\/9320a\/#primaryimage\"},\"image\":{\"@id\":\"https:\/\/distribution.audio-technica.eu\/fr-fr\/produits\/9320a\/#primaryimage\"},\"thumbnailUrl\":\"\/app\/uploads\/sites\/3\/9320-1.jpg\",\"datePublished\":\"2024-09-25T14:31:17+00:00\",\"dateModified\":\"2024-09-25T14:55:45+00:00\",\"description\":\"Le 9320 A permet de configurer, de param\u00e9trer et de commander des syst\u00e8mes d\u2019\u00e9coute en st\u00e9r\u00e9o ou en multicanal de la s\u00e9rie SAM ainsi que les fameuses enceintes de la s\u00e9rie The Ones, et nombre de fonctionnalit\u00e9s de v\u00e9rification.\",\"breadcrumb\":{\"@id\":\"https:\/\/distribution.audio-technica.eu\/fr-fr\/produits\/9320a\/#breadcrumb\"},\"inLanguage\":\"fr-FR\",\"potentialAction\":[{\"@type\":\"ReadAction\",\"target\":[\"https:\/\/distribution.audio-technica.eu\/fr-fr\/produits\/9320a\/\"]}]},{\"@type\":\"ImageObject\",\"inLanguage\":\"fr-FR\",\"@id\":\"https:\/\/distribution.audio-technica.eu\/fr-fr\/produits\/9320a\/#primaryimage\",\"url\":\"\/app\/uploads\/sites\/3\/9320-1.jpg\",\"contentUrl\":\"\/app\/uploads\/sites\/3\/9320-1.jpg\",\"width\":818,\"height\":823},{\"@type\":\"BreadcrumbList\",\"@id\":\"https:\/\/distribution.audio-technica.eu\/fr-fr\/produits\/9320a\/#breadcrumb\",\"itemListElement\":[{\"@type\":\"ListItem\",\"position\":1,\"name\":\"Products\",\"item\":\"https:\/\/distribution.audio-technica.eu\/fr-fr\/\"},{\"@type\":\"ListItem\",\"position\":2,\"name\":\"Produits\",\"item\":\"https:\/\/distribution.audio-technica.eu\/fr-fr\/produits\/\"},{\"@type\":\"ListItem\",\"position\":3,\"name\":\"9320A\"}]},{\"@type\":\"WebSite\",\"@id\":\"https:\/\/distribution.audio-technica.eu\/fr-fr\/#website\",\"url\":\"https:\/\/distribution.audio-technica.eu\/fr-fr\/\",\"name\":\"FR Audio-Technica Distribution\",\"description\":\"\",\"potentialAction\":[{\"@type\":\"SearchAction\",\"target\":{\"@type\":\"EntryPoint\",\"urlTemplate\":\"https:\/\/distribution.audio-technica.eu\/fr-fr\/?s={search_term_string}\"},\"query-input\":{\"@type\":\"PropertyValueSpecification\",\"valueRequired\":true,\"valueName\":\"search_term_string\"}}],\"inLanguage\":\"fr-FR\"}]}<\/script>\n<!-- \/ Yoast SEO plugin. -->","yoast_head_json":{"title":"9320A - FR Audio-Technica Distribution","description":"Le 9320 A permet de configurer, de param\u00e9trer et de commander des syst\u00e8mes d\u2019\u00e9coute en st\u00e9r\u00e9o ou en multicanal de la s\u00e9rie SAM ainsi que les fameuses enceintes de la s\u00e9rie The Ones, et nombre de fonctionnalit\u00e9s de v\u00e9rification.","robots":{"index":"index","follow":"follow","max-snippet":"max-snippet:-1","max-image-preview":"max-image-preview:large","max-video-preview":"max-video-preview:-1"},"canonical":"https:\/\/distribution.audio-technica.eu\/fr-fr\/produits\/9320a\/","og_locale":"fr_FR","og_type":"article","og_title":"9320A - FR Audio-Technica Distribution","og_description":"Le 9320 A permet de configurer, de param\u00e9trer et de commander des syst\u00e8mes d\u2019\u00e9coute en st\u00e9r\u00e9o ou en multicanal de la s\u00e9rie SAM ainsi que les fameuses enceintes de la s\u00e9rie The Ones, et nombre de fonctionnalit\u00e9s de v\u00e9rification.","og_url":"https:\/\/distribution.audio-technica.eu\/fr-fr\/produits\/9320a\/","og_site_name":"FR Audio-Technica Distribution","article_modified_time":"2024-09-25T14:55:45+00:00","og_image":[{"width":818,"height":823,"url":"https:\/\/distribution.audio-technica.eu\/app\/uploads\/sites\/3\/9320-1.jpg","type":"image\/jpeg"}],"twitter_card":"summary_large_image","twitter_misc":{"Dur\u00e9e de lecture estim\u00e9e":"1 minute"},"schema":{"@context":"https:\/\/schema.org","@graph":[{"@type":"WebPage","@id":"https:\/\/distribution.audio-technica.eu\/fr-fr\/produits\/9320a\/","url":"https:\/\/distribution.audio-technica.eu\/fr-fr\/produits\/9320a\/","name":"9320A - FR Audio-Technica Distribution","isPartOf":{"@id":"https:\/\/distribution.audio-technica.eu\/fr-fr\/#website"},"primaryImageOfPage":{"@id":"https:\/\/distribution.audio-technica.eu\/fr-fr\/produits\/9320a\/#primaryimage"},"image":{"@id":"https:\/\/distribution.audio-technica.eu\/fr-fr\/produits\/9320a\/#primaryimage"},"thumbnailUrl":"\/app\/uploads\/sites\/3\/9320-1.jpg","datePublished":"2024-09-25T14:31:17+00:00","dateModified":"2024-09-25T14:55:45+00:00","description":"Le 9320 A permet de configurer, de param\u00e9trer et de commander des syst\u00e8mes d\u2019\u00e9coute en st\u00e9r\u00e9o ou en multicanal de la s\u00e9rie SAM ainsi que les fameuses enceintes de la s\u00e9rie The Ones, et nombre de fonctionnalit\u00e9s de v\u00e9rification.","breadcrumb":{"@id":"https:\/\/distribution.audio-technica.eu\/fr-fr\/produits\/9320a\/#breadcrumb"},"inLanguage":"fr-FR","potentialAction":[{"@type":"ReadAction","target":["https:\/\/distribution.audio-technica.eu\/fr-fr\/produits\/9320a\/"]}]},{"@type":"ImageObject","inLanguage":"fr-FR","@id":"https:\/\/distribution.audio-technica.eu\/fr-fr\/produits\/9320a\/#primaryimage","url":"\/app\/uploads\/sites\/3\/9320-1.jpg","contentUrl":"\/app\/uploads\/sites\/3\/9320-1.jpg","width":818,"height":823},{"@type":"BreadcrumbList","@id":"https:\/\/distribution.audio-technica.eu\/fr-fr\/produits\/9320a\/#breadcrumb","itemListElement":[{"@type":"ListItem","position":1,"name":"Products","item":"https:\/\/distribution.audio-technica.eu\/fr-fr\/"},{"@type":"ListItem","position":2,"name":"Produits","item":"https:\/\/distribution.audio-technica.eu\/fr-fr\/produits\/"},{"@type":"ListItem","position":3,"name":"9320A"}]},{"@type":"WebSite","@id":"https:\/\/distribution.audio-technica.eu\/fr-fr\/#website","url":"https:\/\/distribution.audio-technica.eu\/fr-fr\/","name":"FR Audio-Technica Distribution","description":"","potentialAction":[{"@type":"SearchAction","target":{"@type":"EntryPoint","urlTemplate":"https:\/\/distribution.audio-technica.eu\/fr-fr\/?s={search_term_string}"},"query-input":{"@type":"PropertyValueSpecification","valueRequired":true,"valueName":"search_term_string"}}],"inLanguage":"fr-FR"}]}},"_links":{"self":[{"href":"https:\/\/distribution.audio-technica.eu\/fr-fr\/wp-json\/wp\/v2\/product\/12257","targetHints":{"allow":["GET"]}}],"collection":[{"href":"https:\/\/distribution.audio-technica.eu\/fr-fr\/wp-json\/wp\/v2\/product"}],"about":[{"href":"https:\/\/distribution.audio-technica.eu\/fr-fr\/wp-json\/wp\/v2\/types\/product"}],"wp:featuredmedia":[{"embeddable":true,"href":"https:\/\/distribution.audio-technica.eu\/fr-fr\/wp-json\/wp\/v2\/media\/12258"}],"wp:attachment":[{"href":"https:\/\/distribution.audio-technica.eu\/fr-fr\/wp-json\/wp\/v2\/media?parent=12257"}],"wp:term":[{"taxonomy":"product_brand","embeddable":true,"href":"https:\/\/distribution.audio-technica.eu\/fr-fr\/wp-json\/wp\/v2\/product_brand?post=12257"},{"taxonomy":"product_cat","embeddable":true,"href":"https:\/\/distribution.audio-technica.eu\/fr-fr\/wp-json\/wp\/v2\/product_cat?post=12257"},{"taxonomy":"product_tag","embeddable":true,"href":"https:\/\/distribution.audio-technica.eu\/fr-fr\/wp-json\/wp\/v2\/product_tag?post=12257"}],"curies":[{"name":"wp","href":"https:\/\/api.w.org\/{rel}","templated":true}]}}