{"id":12262,"date":"2024-09-25T15:42:22","date_gmt":"2024-09-25T14:42:22","guid":{"rendered":"https:\/\/distribution.audio-technica.eu\/fr-fr\/?post_type=product&#038;p=12262"},"modified":"2024-09-25T15:42:22","modified_gmt":"2024-09-25T14:42:22","slug":"s360a-sam-studio-monitor","status":"publish","type":"product","link":"https:\/\/distribution.audio-technica.eu\/fr-fr\/produits\/s360a-sam-studio-monitor\/","title":{"rendered":"S360A SAM\u2122 Studio Monitor"},"content":{"rendered":"<p>Le S360A est un moniteur 2 voies actives de forte puissance utilisable en monitoring ou en enceinte surround en champ libre ou encastr\u00e9e. Elle est id\u00e9ale pour une utilisation en multicanal avec un sweet spot jusqu\u2019\u00e0 8 m\u00e8tres \u00e0 82dB.<\/p>\n<p><strong>Applications<\/strong> : mixage film ou diffusion immersive<\/p>\n","protected":false},"excerpt":{"rendered":"<p>Amplification d\u00e9port\u00e9e possible.<br \/>\n\u2013 C\u00e2ble d\u2019alimentation de 1,8 m et c\u00e2ble r\u00e9seau GLM de 5 m fournis.<\/p>\n","protected":false},"featured_media":12263,"template":"","meta":{"_acf_changed":false},"product_brand":[],"product_cat":[2162],"product_tag":[],"class_list":{"0":"post-12262","1":"product","2":"type-product","3":"status-publish","4":"has-post-thumbnail","6":"product_cat-smart-active-monitor","7":"product_series-studio-monitor","9":"first","10":"instock","11":"shipping-taxable","12":"product-type-simple"},"acf":[],"yoast_head":"<!-- This site is optimized with the Yoast SEO plugin v27.1.1 - https:\/\/yoast.com\/product\/yoast-seo-wordpress\/ -->\n<title>S360A SAM\u2122 Studio Monitor - FR Audio-Technica Distribution<\/title>\n<meta name=\"description\" content=\"Le S360A est un moniteur 2 voies actives de forte puissance utilisable en monitoring ou en enceinte surround en champ libre ou encastr\u00e9e.\" \/>\n<meta name=\"robots\" content=\"index, follow, max-snippet:-1, max-image-preview:large, max-video-preview:-1\" \/>\n<link rel=\"canonical\" href=\"https:\/\/distribution.audio-technica.eu\/fr-fr\/produits\/s360a-sam-studio-monitor\/\" \/>\n<meta property=\"og:locale\" content=\"fr_FR\" \/>\n<meta property=\"og:type\" content=\"article\" \/>\n<meta property=\"og:title\" content=\"S360A SAM\u2122 Studio Monitor - FR Audio-Technica Distribution\" \/>\n<meta property=\"og:description\" content=\"Le S360A est un moniteur 2 voies actives de forte puissance utilisable en monitoring ou en enceinte surround en champ libre ou encastr\u00e9e.\" \/>\n<meta property=\"og:url\" content=\"https:\/\/distribution.audio-technica.eu\/fr-fr\/produits\/s360a-sam-studio-monitor\/\" \/>\n<meta property=\"og:site_name\" content=\"FR Audio-Technica Distribution\" \/>\n<meta property=\"og:image\" content=\"https:\/\/distribution.audio-technica.eu\/app\/uploads\/sites\/3\/S360A-1.jpg\" \/>\n\t<meta property=\"og:image:width\" content=\"827\" \/>\n\t<meta property=\"og:image:height\" content=\"831\" \/>\n\t<meta property=\"og:image:type\" content=\"image\/jpeg\" \/>\n<meta name=\"twitter:card\" content=\"summary_large_image\" \/>\n<meta name=\"twitter:label1\" content=\"Dur\u00e9e de lecture estim\u00e9e\" \/>\n\t<meta name=\"twitter:data1\" content=\"1 minute\" \/>\n<script type=\"application\/ld+json\" class=\"yoast-schema-graph\">{\"@context\":\"https:\/\/schema.org\",\"@graph\":[{\"@type\":\"WebPage\",\"@id\":\"https:\/\/distribution.audio-technica.eu\/fr-fr\/produits\/s360a-sam-studio-monitor\/\",\"url\":\"https:\/\/distribution.audio-technica.eu\/fr-fr\/produits\/s360a-sam-studio-monitor\/\",\"name\":\"S360A SAM\u2122 Studio Monitor - FR Audio-Technica Distribution\",\"isPartOf\":{\"@id\":\"https:\/\/distribution.audio-technica.eu\/fr-fr\/#website\"},\"primaryImageOfPage\":{\"@id\":\"https:\/\/distribution.audio-technica.eu\/fr-fr\/produits\/s360a-sam-studio-monitor\/#primaryimage\"},\"image\":{\"@id\":\"https:\/\/distribution.audio-technica.eu\/fr-fr\/produits\/s360a-sam-studio-monitor\/#primaryimage\"},\"thumbnailUrl\":\"\/app\/uploads\/sites\/3\/S360A-1.jpg\",\"datePublished\":\"2024-09-25T14:42:22+00:00\",\"description\":\"Le S360A est un moniteur 2 voies actives de forte puissance utilisable en monitoring ou en enceinte surround en champ libre ou encastr\u00e9e.\",\"breadcrumb\":{\"@id\":\"https:\/\/distribution.audio-technica.eu\/fr-fr\/produits\/s360a-sam-studio-monitor\/#breadcrumb\"},\"inLanguage\":\"fr-FR\",\"potentialAction\":[{\"@type\":\"ReadAction\",\"target\":[\"https:\/\/distribution.audio-technica.eu\/fr-fr\/produits\/s360a-sam-studio-monitor\/\"]}]},{\"@type\":\"ImageObject\",\"inLanguage\":\"fr-FR\",\"@id\":\"https:\/\/distribution.audio-technica.eu\/fr-fr\/produits\/s360a-sam-studio-monitor\/#primaryimage\",\"url\":\"\/app\/uploads\/sites\/3\/S360A-1.jpg\",\"contentUrl\":\"\/app\/uploads\/sites\/3\/S360A-1.jpg\",\"width\":827,\"height\":831},{\"@type\":\"BreadcrumbList\",\"@id\":\"https:\/\/distribution.audio-technica.eu\/fr-fr\/produits\/s360a-sam-studio-monitor\/#breadcrumb\",\"itemListElement\":[{\"@type\":\"ListItem\",\"position\":1,\"name\":\"Products\",\"item\":\"https:\/\/distribution.audio-technica.eu\/fr-fr\/\"},{\"@type\":\"ListItem\",\"position\":2,\"name\":\"Produits\",\"item\":\"https:\/\/distribution.audio-technica.eu\/fr-fr\/produits\/\"},{\"@type\":\"ListItem\",\"position\":3,\"name\":\"S360A SAM\u2122 Studio Monitor\"}]},{\"@type\":\"WebSite\",\"@id\":\"https:\/\/distribution.audio-technica.eu\/fr-fr\/#website\",\"url\":\"https:\/\/distribution.audio-technica.eu\/fr-fr\/\",\"name\":\"FR Audio-Technica Distribution\",\"description\":\"\",\"potentialAction\":[{\"@type\":\"SearchAction\",\"target\":{\"@type\":\"EntryPoint\",\"urlTemplate\":\"https:\/\/distribution.audio-technica.eu\/fr-fr\/?s={search_term_string}\"},\"query-input\":{\"@type\":\"PropertyValueSpecification\",\"valueRequired\":true,\"valueName\":\"search_term_string\"}}],\"inLanguage\":\"fr-FR\"}]}<\/script>\n<!-- \/ Yoast SEO plugin. -->","yoast_head_json":{"title":"S360A SAM\u2122 Studio Monitor - FR Audio-Technica Distribution","description":"Le S360A est un moniteur 2 voies actives de forte puissance utilisable en monitoring ou en enceinte surround en champ libre ou encastr\u00e9e.","robots":{"index":"index","follow":"follow","max-snippet":"max-snippet:-1","max-image-preview":"max-image-preview:large","max-video-preview":"max-video-preview:-1"},"canonical":"https:\/\/distribution.audio-technica.eu\/fr-fr\/produits\/s360a-sam-studio-monitor\/","og_locale":"fr_FR","og_type":"article","og_title":"S360A SAM\u2122 Studio Monitor - FR Audio-Technica Distribution","og_description":"Le S360A est un moniteur 2 voies actives de forte puissance utilisable en monitoring ou en enceinte surround en champ libre ou encastr\u00e9e.","og_url":"https:\/\/distribution.audio-technica.eu\/fr-fr\/produits\/s360a-sam-studio-monitor\/","og_site_name":"FR Audio-Technica Distribution","og_image":[{"width":827,"height":831,"url":"https:\/\/distribution.audio-technica.eu\/app\/uploads\/sites\/3\/S360A-1.jpg","type":"image\/jpeg"}],"twitter_card":"summary_large_image","twitter_misc":{"Dur\u00e9e de lecture estim\u00e9e":"1 minute"},"schema":{"@context":"https:\/\/schema.org","@graph":[{"@type":"WebPage","@id":"https:\/\/distribution.audio-technica.eu\/fr-fr\/produits\/s360a-sam-studio-monitor\/","url":"https:\/\/distribution.audio-technica.eu\/fr-fr\/produits\/s360a-sam-studio-monitor\/","name":"S360A SAM\u2122 Studio Monitor - FR Audio-Technica Distribution","isPartOf":{"@id":"https:\/\/distribution.audio-technica.eu\/fr-fr\/#website"},"primaryImageOfPage":{"@id":"https:\/\/distribution.audio-technica.eu\/fr-fr\/produits\/s360a-sam-studio-monitor\/#primaryimage"},"image":{"@id":"https:\/\/distribution.audio-technica.eu\/fr-fr\/produits\/s360a-sam-studio-monitor\/#primaryimage"},"thumbnailUrl":"\/app\/uploads\/sites\/3\/S360A-1.jpg","datePublished":"2024-09-25T14:42:22+00:00","description":"Le S360A est un moniteur 2 voies actives de forte puissance utilisable en monitoring ou en enceinte surround en champ libre ou encastr\u00e9e.","breadcrumb":{"@id":"https:\/\/distribution.audio-technica.eu\/fr-fr\/produits\/s360a-sam-studio-monitor\/#breadcrumb"},"inLanguage":"fr-FR","potentialAction":[{"@type":"ReadAction","target":["https:\/\/distribution.audio-technica.eu\/fr-fr\/produits\/s360a-sam-studio-monitor\/"]}]},{"@type":"ImageObject","inLanguage":"fr-FR","@id":"https:\/\/distribution.audio-technica.eu\/fr-fr\/produits\/s360a-sam-studio-monitor\/#primaryimage","url":"\/app\/uploads\/sites\/3\/S360A-1.jpg","contentUrl":"\/app\/uploads\/sites\/3\/S360A-1.jpg","width":827,"height":831},{"@type":"BreadcrumbList","@id":"https:\/\/distribution.audio-technica.eu\/fr-fr\/produits\/s360a-sam-studio-monitor\/#breadcrumb","itemListElement":[{"@type":"ListItem","position":1,"name":"Products","item":"https:\/\/distribution.audio-technica.eu\/fr-fr\/"},{"@type":"ListItem","position":2,"name":"Produits","item":"https:\/\/distribution.audio-technica.eu\/fr-fr\/produits\/"},{"@type":"ListItem","position":3,"name":"S360A SAM\u2122 Studio Monitor"}]},{"@type":"WebSite","@id":"https:\/\/distribution.audio-technica.eu\/fr-fr\/#website","url":"https:\/\/distribution.audio-technica.eu\/fr-fr\/","name":"FR Audio-Technica Distribution","description":"","potentialAction":[{"@type":"SearchAction","target":{"@type":"EntryPoint","urlTemplate":"https:\/\/distribution.audio-technica.eu\/fr-fr\/?s={search_term_string}"},"query-input":{"@type":"PropertyValueSpecification","valueRequired":true,"valueName":"search_term_string"}}],"inLanguage":"fr-FR"}]}},"_links":{"self":[{"href":"https:\/\/distribution.audio-technica.eu\/fr-fr\/wp-json\/wp\/v2\/product\/12262","targetHints":{"allow":["GET"]}}],"collection":[{"href":"https:\/\/distribution.audio-technica.eu\/fr-fr\/wp-json\/wp\/v2\/product"}],"about":[{"href":"https:\/\/distribution.audio-technica.eu\/fr-fr\/wp-json\/wp\/v2\/types\/product"}],"wp:featuredmedia":[{"embeddable":true,"href":"https:\/\/distribution.audio-technica.eu\/fr-fr\/wp-json\/wp\/v2\/media\/12263"}],"wp:attachment":[{"href":"https:\/\/distribution.audio-technica.eu\/fr-fr\/wp-json\/wp\/v2\/media?parent=12262"}],"wp:term":[{"taxonomy":"product_brand","embeddable":true,"href":"https:\/\/distribution.audio-technica.eu\/fr-fr\/wp-json\/wp\/v2\/product_brand?post=12262"},{"taxonomy":"product_cat","embeddable":true,"href":"https:\/\/distribution.audio-technica.eu\/fr-fr\/wp-json\/wp\/v2\/product_cat?post=12262"},{"taxonomy":"product_tag","embeddable":true,"href":"https:\/\/distribution.audio-technica.eu\/fr-fr\/wp-json\/wp\/v2\/product_tag?post=12262"}],"curies":[{"name":"wp","href":"https:\/\/api.w.org\/{rel}","templated":true}]}}