{"id":12278,"date":"2024-09-25T16:02:33","date_gmt":"2024-09-25T15:02:33","guid":{"rendered":"https:\/\/distribution.audio-technica.eu\/fr-fr\/?post_type=product&#038;p=12278"},"modified":"2024-09-25T16:37:40","modified_gmt":"2024-09-25T15:37:40","slug":"7040a","status":"publish","type":"product","link":"https:\/\/distribution.audio-technica.eu\/fr-fr\/produits\/7040a\/","title":{"rendered":"7040A"},"content":{"rendered":"<p>Le 7040A est le subwoofer le plus compact de la gamme 7000. Malgr\u00e9 sa petite taille, il est le compl\u00e9ment id\u00e9al de la s\u00e9rie 7000, il d\u00e9livre un grave pr\u00e9cis et sans distorsion jusqu\u2019\u00e0 30Hz.<\/p>\n<p><strong>Applications<\/strong> : home studio, petite r\u00e9gie<\/p>\n","protected":false},"excerpt":{"rendered":"<p>Subwoofer amplifi\u00e9 6.5\u201d<br \/>\n\u2013 Tr\u00e8s compact.<br \/>\n\u2013 Amplification classe D.<br \/>\n\u2013 Circuit de d\u00e9tection des signaux (ISS\u2122) pour une mise en veille automatique de l\u2019enceinte.<br \/>\n\u2013 Puissance 50W RMS.<br \/>\n\u2013 R\u00e9ponse en fr\u00e9quence : 30 Hz &#8211; 90 Hz.<br \/>\n\u2013 C\u00e2ble d\u2019alimentation d\u20191,8 m fourni.<\/p>\n","protected":false},"featured_media":12279,"template":"","meta":{"_acf_changed":false},"product_brand":[],"product_cat":[2166,2167],"product_tag":[],"class_list":{"0":"post-12278","1":"product","2":"type-product","3":"status-publish","4":"has-post-thumbnail","6":"product_cat-caissons-de-graves","7":"product_cat-subwoofer","8":"product_series-serie-7000-subwoofers","10":"first","11":"instock","12":"shipping-taxable","13":"product-type-simple"},"acf":[],"yoast_head":"<!-- This site is optimized with the Yoast SEO plugin v27.1.1 - https:\/\/yoast.com\/product\/yoast-seo-wordpress\/ -->\n<title>7040A - FR Audio-Technica Distribution<\/title>\n<meta name=\"description\" content=\"Malgr\u00e9 sa petite taille, il est le compl\u00e9ment id\u00e9al de la s\u00e9rie 7000, il d\u00e9livre un grave pr\u00e9cis et sans distorsion jusqu\u2019\u00e0 30Hz.\" \/>\n<meta name=\"robots\" content=\"index, follow, max-snippet:-1, max-image-preview:large, max-video-preview:-1\" \/>\n<link rel=\"canonical\" href=\"https:\/\/distribution.audio-technica.eu\/fr-fr\/produits\/7040a\/\" \/>\n<meta property=\"og:locale\" content=\"fr_FR\" \/>\n<meta property=\"og:type\" content=\"article\" \/>\n<meta property=\"og:title\" content=\"7040A - FR Audio-Technica Distribution\" \/>\n<meta property=\"og:description\" content=\"Malgr\u00e9 sa petite taille, il est le compl\u00e9ment id\u00e9al de la s\u00e9rie 7000, il d\u00e9livre un grave pr\u00e9cis et sans distorsion jusqu\u2019\u00e0 30Hz.\" \/>\n<meta property=\"og:url\" content=\"https:\/\/distribution.audio-technica.eu\/fr-fr\/produits\/7040a\/\" \/>\n<meta property=\"og:site_name\" content=\"FR Audio-Technica Distribution\" \/>\n<meta property=\"article:modified_time\" content=\"2024-09-25T15:37:40+00:00\" \/>\n<meta property=\"og:image\" content=\"https:\/\/distribution.audio-technica.eu\/app\/uploads\/sites\/3\/7040-1.jpg\" \/>\n\t<meta property=\"og:image:width\" content=\"817\" \/>\n\t<meta property=\"og:image:height\" content=\"831\" \/>\n\t<meta property=\"og:image:type\" content=\"image\/jpeg\" \/>\n<meta name=\"twitter:card\" content=\"summary_large_image\" \/>\n<meta name=\"twitter:label1\" content=\"Dur\u00e9e de lecture estim\u00e9e\" \/>\n\t<meta name=\"twitter:data1\" content=\"1 minute\" \/>\n<script type=\"application\/ld+json\" class=\"yoast-schema-graph\">{\"@context\":\"https:\/\/schema.org\",\"@graph\":[{\"@type\":\"WebPage\",\"@id\":\"https:\/\/distribution.audio-technica.eu\/fr-fr\/produits\/7040a\/\",\"url\":\"https:\/\/distribution.audio-technica.eu\/fr-fr\/produits\/7040a\/\",\"name\":\"7040A - FR Audio-Technica Distribution\",\"isPartOf\":{\"@id\":\"https:\/\/distribution.audio-technica.eu\/fr-fr\/#website\"},\"primaryImageOfPage\":{\"@id\":\"https:\/\/distribution.audio-technica.eu\/fr-fr\/produits\/7040a\/#primaryimage\"},\"image\":{\"@id\":\"https:\/\/distribution.audio-technica.eu\/fr-fr\/produits\/7040a\/#primaryimage\"},\"thumbnailUrl\":\"\/app\/uploads\/sites\/3\/7040-1.jpg\",\"datePublished\":\"2024-09-25T15:02:33+00:00\",\"dateModified\":\"2024-09-25T15:37:40+00:00\",\"description\":\"Malgr\u00e9 sa petite taille, il est le compl\u00e9ment id\u00e9al de la s\u00e9rie 7000, il d\u00e9livre un grave pr\u00e9cis et sans distorsion jusqu\u2019\u00e0 30Hz.\",\"breadcrumb\":{\"@id\":\"https:\/\/distribution.audio-technica.eu\/fr-fr\/produits\/7040a\/#breadcrumb\"},\"inLanguage\":\"fr-FR\",\"potentialAction\":[{\"@type\":\"ReadAction\",\"target\":[\"https:\/\/distribution.audio-technica.eu\/fr-fr\/produits\/7040a\/\"]}]},{\"@type\":\"ImageObject\",\"inLanguage\":\"fr-FR\",\"@id\":\"https:\/\/distribution.audio-technica.eu\/fr-fr\/produits\/7040a\/#primaryimage\",\"url\":\"\/app\/uploads\/sites\/3\/7040-1.jpg\",\"contentUrl\":\"\/app\/uploads\/sites\/3\/7040-1.jpg\",\"width\":817,\"height\":831},{\"@type\":\"BreadcrumbList\",\"@id\":\"https:\/\/distribution.audio-technica.eu\/fr-fr\/produits\/7040a\/#breadcrumb\",\"itemListElement\":[{\"@type\":\"ListItem\",\"position\":1,\"name\":\"Products\",\"item\":\"https:\/\/distribution.audio-technica.eu\/fr-fr\/\"},{\"@type\":\"ListItem\",\"position\":2,\"name\":\"Produits\",\"item\":\"https:\/\/distribution.audio-technica.eu\/fr-fr\/produits\/\"},{\"@type\":\"ListItem\",\"position\":3,\"name\":\"7040A\"}]},{\"@type\":\"WebSite\",\"@id\":\"https:\/\/distribution.audio-technica.eu\/fr-fr\/#website\",\"url\":\"https:\/\/distribution.audio-technica.eu\/fr-fr\/\",\"name\":\"FR Audio-Technica Distribution\",\"description\":\"\",\"potentialAction\":[{\"@type\":\"SearchAction\",\"target\":{\"@type\":\"EntryPoint\",\"urlTemplate\":\"https:\/\/distribution.audio-technica.eu\/fr-fr\/?s={search_term_string}\"},\"query-input\":{\"@type\":\"PropertyValueSpecification\",\"valueRequired\":true,\"valueName\":\"search_term_string\"}}],\"inLanguage\":\"fr-FR\"}]}<\/script>\n<!-- \/ Yoast SEO plugin. -->","yoast_head_json":{"title":"7040A - FR Audio-Technica Distribution","description":"Malgr\u00e9 sa petite taille, il est le compl\u00e9ment id\u00e9al de la s\u00e9rie 7000, il d\u00e9livre un grave pr\u00e9cis et sans distorsion jusqu\u2019\u00e0 30Hz.","robots":{"index":"index","follow":"follow","max-snippet":"max-snippet:-1","max-image-preview":"max-image-preview:large","max-video-preview":"max-video-preview:-1"},"canonical":"https:\/\/distribution.audio-technica.eu\/fr-fr\/produits\/7040a\/","og_locale":"fr_FR","og_type":"article","og_title":"7040A - FR Audio-Technica Distribution","og_description":"Malgr\u00e9 sa petite taille, il est le compl\u00e9ment id\u00e9al de la s\u00e9rie 7000, il d\u00e9livre un grave pr\u00e9cis et sans distorsion jusqu\u2019\u00e0 30Hz.","og_url":"https:\/\/distribution.audio-technica.eu\/fr-fr\/produits\/7040a\/","og_site_name":"FR Audio-Technica Distribution","article_modified_time":"2024-09-25T15:37:40+00:00","og_image":[{"width":817,"height":831,"url":"https:\/\/distribution.audio-technica.eu\/app\/uploads\/sites\/3\/7040-1.jpg","type":"image\/jpeg"}],"twitter_card":"summary_large_image","twitter_misc":{"Dur\u00e9e de lecture estim\u00e9e":"1 minute"},"schema":{"@context":"https:\/\/schema.org","@graph":[{"@type":"WebPage","@id":"https:\/\/distribution.audio-technica.eu\/fr-fr\/produits\/7040a\/","url":"https:\/\/distribution.audio-technica.eu\/fr-fr\/produits\/7040a\/","name":"7040A - FR Audio-Technica Distribution","isPartOf":{"@id":"https:\/\/distribution.audio-technica.eu\/fr-fr\/#website"},"primaryImageOfPage":{"@id":"https:\/\/distribution.audio-technica.eu\/fr-fr\/produits\/7040a\/#primaryimage"},"image":{"@id":"https:\/\/distribution.audio-technica.eu\/fr-fr\/produits\/7040a\/#primaryimage"},"thumbnailUrl":"\/app\/uploads\/sites\/3\/7040-1.jpg","datePublished":"2024-09-25T15:02:33+00:00","dateModified":"2024-09-25T15:37:40+00:00","description":"Malgr\u00e9 sa petite taille, il est le compl\u00e9ment id\u00e9al de la s\u00e9rie 7000, il d\u00e9livre un grave pr\u00e9cis et sans distorsion jusqu\u2019\u00e0 30Hz.","breadcrumb":{"@id":"https:\/\/distribution.audio-technica.eu\/fr-fr\/produits\/7040a\/#breadcrumb"},"inLanguage":"fr-FR","potentialAction":[{"@type":"ReadAction","target":["https:\/\/distribution.audio-technica.eu\/fr-fr\/produits\/7040a\/"]}]},{"@type":"ImageObject","inLanguage":"fr-FR","@id":"https:\/\/distribution.audio-technica.eu\/fr-fr\/produits\/7040a\/#primaryimage","url":"\/app\/uploads\/sites\/3\/7040-1.jpg","contentUrl":"\/app\/uploads\/sites\/3\/7040-1.jpg","width":817,"height":831},{"@type":"BreadcrumbList","@id":"https:\/\/distribution.audio-technica.eu\/fr-fr\/produits\/7040a\/#breadcrumb","itemListElement":[{"@type":"ListItem","position":1,"name":"Products","item":"https:\/\/distribution.audio-technica.eu\/fr-fr\/"},{"@type":"ListItem","position":2,"name":"Produits","item":"https:\/\/distribution.audio-technica.eu\/fr-fr\/produits\/"},{"@type":"ListItem","position":3,"name":"7040A"}]},{"@type":"WebSite","@id":"https:\/\/distribution.audio-technica.eu\/fr-fr\/#website","url":"https:\/\/distribution.audio-technica.eu\/fr-fr\/","name":"FR Audio-Technica Distribution","description":"","potentialAction":[{"@type":"SearchAction","target":{"@type":"EntryPoint","urlTemplate":"https:\/\/distribution.audio-technica.eu\/fr-fr\/?s={search_term_string}"},"query-input":{"@type":"PropertyValueSpecification","valueRequired":true,"valueName":"search_term_string"}}],"inLanguage":"fr-FR"}]}},"_links":{"self":[{"href":"https:\/\/distribution.audio-technica.eu\/fr-fr\/wp-json\/wp\/v2\/product\/12278","targetHints":{"allow":["GET"]}}],"collection":[{"href":"https:\/\/distribution.audio-technica.eu\/fr-fr\/wp-json\/wp\/v2\/product"}],"about":[{"href":"https:\/\/distribution.audio-technica.eu\/fr-fr\/wp-json\/wp\/v2\/types\/product"}],"wp:featuredmedia":[{"embeddable":true,"href":"https:\/\/distribution.audio-technica.eu\/fr-fr\/wp-json\/wp\/v2\/media\/12279"}],"wp:attachment":[{"href":"https:\/\/distribution.audio-technica.eu\/fr-fr\/wp-json\/wp\/v2\/media?parent=12278"}],"wp:term":[{"taxonomy":"product_brand","embeddable":true,"href":"https:\/\/distribution.audio-technica.eu\/fr-fr\/wp-json\/wp\/v2\/product_brand?post=12278"},{"taxonomy":"product_cat","embeddable":true,"href":"https:\/\/distribution.audio-technica.eu\/fr-fr\/wp-json\/wp\/v2\/product_cat?post=12278"},{"taxonomy":"product_tag","embeddable":true,"href":"https:\/\/distribution.audio-technica.eu\/fr-fr\/wp-json\/wp\/v2\/product_tag?post=12278"}],"curies":[{"name":"wp","href":"https:\/\/api.w.org\/{rel}","templated":true}]}}