{"id":12287,"date":"2024-09-25T16:07:14","date_gmt":"2024-09-25T15:07:14","guid":{"rendered":"https:\/\/distribution.audio-technica.eu\/fr-fr\/?post_type=product&#038;p=12287"},"modified":"2024-09-25T16:38:36","modified_gmt":"2024-09-25T15:38:36","slug":"7050c","status":"publish","type":"product","link":"https:\/\/distribution.audio-technica.eu\/fr-fr\/produits\/7050c\/","title":{"rendered":"7050C"},"content":{"rendered":"<p>Pour tous ceux qui exigent un subwoofer compact avec des performances LF \u00e9tendues, un SPL g\u00e9n\u00e9reux et un contr\u00f4le du bass management.<\/p>\n<p>Partenaire parfait pour tout moniteur en champ proche, en particulier nos propres mod\u00e8les 8010, 8020 et 8030, le 7050C pr\u00e9sente un certain nombre d\u2019am\u00e9liorations par rapport \u00e0 ses pr\u00e9d\u00e9cesseurs A et B, notamment une gestion des basses int\u00e9gr\u00e9e, une distorsion plus faible, une alimentation universelle \u00e0 d\u00e9coupage et un niveau de pression acoustique maximal accru de 103 dB.<\/p>\n<p><strong>Applications<\/strong> : home studio, petite r\u00e9gie<\/p>\n","protected":false},"excerpt":{"rendered":"<p>Subwoofer amplifi\u00e9 8\u201d<br \/>\n\u2013 Am\u00e9lioration de la conception du mod\u00e8le populaire 7050.<br \/>\n\u2013 Faible distorsion.<br \/>\n\u2013 Niveau SPL \u00e9lev\u00e9.<br \/>\n\u2013 Alimentation universelle.<br \/>\n\u2013 Fr\u00e9quences de coupures ajustables.<br \/>\n\u2013 C\u00e2ble d\u2019alimentation d\u20191,8 m fourni.<\/p>\n","protected":false},"featured_media":12288,"template":"","meta":{"_acf_changed":false},"product_brand":[],"product_cat":[2166,2167],"product_tag":[],"class_list":{"0":"post-12287","1":"product","2":"type-product","3":"status-publish","4":"has-post-thumbnail","6":"product_cat-caissons-de-graves","7":"product_cat-subwoofer","8":"product_series-serie-7000-subwoofers","10":"first","11":"instock","12":"shipping-taxable","13":"product-type-simple"},"acf":[],"yoast_head":"<!-- This site is optimized with the Yoast SEO plugin v27.1.1 - https:\/\/yoast.com\/product\/yoast-seo-wordpress\/ -->\n<title>7050C - FR Audio-Technica Distribution<\/title>\n<meta name=\"description\" content=\"Pour tous ceux qui exigent un subwoofer compact avec des performances LF \u00e9tendues, un SPL g\u00e9n\u00e9reux et un contr\u00f4le du bass management.\" \/>\n<meta name=\"robots\" content=\"index, follow, max-snippet:-1, max-image-preview:large, max-video-preview:-1\" \/>\n<link rel=\"canonical\" href=\"https:\/\/distribution.audio-technica.eu\/fr-fr\/produits\/7050c\/\" \/>\n<meta property=\"og:locale\" content=\"fr_FR\" \/>\n<meta property=\"og:type\" content=\"article\" \/>\n<meta property=\"og:title\" content=\"7050C - FR Audio-Technica Distribution\" \/>\n<meta property=\"og:description\" content=\"Pour tous ceux qui exigent un subwoofer compact avec des performances LF \u00e9tendues, un SPL g\u00e9n\u00e9reux et un contr\u00f4le du bass management.\" \/>\n<meta property=\"og:url\" content=\"https:\/\/distribution.audio-technica.eu\/fr-fr\/produits\/7050c\/\" \/>\n<meta property=\"og:site_name\" content=\"FR Audio-Technica Distribution\" \/>\n<meta property=\"article:modified_time\" content=\"2024-09-25T15:38:36+00:00\" \/>\n<meta property=\"og:image\" content=\"https:\/\/distribution.audio-technica.eu\/app\/uploads\/sites\/3\/7050-1.jpg\" \/>\n\t<meta property=\"og:image:width\" content=\"822\" \/>\n\t<meta property=\"og:image:height\" content=\"825\" \/>\n\t<meta property=\"og:image:type\" content=\"image\/jpeg\" \/>\n<meta name=\"twitter:card\" content=\"summary_large_image\" \/>\n<meta name=\"twitter:label1\" content=\"Dur\u00e9e de lecture estim\u00e9e\" \/>\n\t<meta name=\"twitter:data1\" content=\"1 minute\" \/>\n<script type=\"application\/ld+json\" class=\"yoast-schema-graph\">{\"@context\":\"https:\/\/schema.org\",\"@graph\":[{\"@type\":\"WebPage\",\"@id\":\"https:\/\/distribution.audio-technica.eu\/fr-fr\/produits\/7050c\/\",\"url\":\"https:\/\/distribution.audio-technica.eu\/fr-fr\/produits\/7050c\/\",\"name\":\"7050C - FR Audio-Technica Distribution\",\"isPartOf\":{\"@id\":\"https:\/\/distribution.audio-technica.eu\/fr-fr\/#website\"},\"primaryImageOfPage\":{\"@id\":\"https:\/\/distribution.audio-technica.eu\/fr-fr\/produits\/7050c\/#primaryimage\"},\"image\":{\"@id\":\"https:\/\/distribution.audio-technica.eu\/fr-fr\/produits\/7050c\/#primaryimage\"},\"thumbnailUrl\":\"\/app\/uploads\/sites\/3\/7050-1.jpg\",\"datePublished\":\"2024-09-25T15:07:14+00:00\",\"dateModified\":\"2024-09-25T15:38:36+00:00\",\"description\":\"Pour tous ceux qui exigent un subwoofer compact avec des performances LF \u00e9tendues, un SPL g\u00e9n\u00e9reux et un contr\u00f4le du bass management.\",\"breadcrumb\":{\"@id\":\"https:\/\/distribution.audio-technica.eu\/fr-fr\/produits\/7050c\/#breadcrumb\"},\"inLanguage\":\"fr-FR\",\"potentialAction\":[{\"@type\":\"ReadAction\",\"target\":[\"https:\/\/distribution.audio-technica.eu\/fr-fr\/produits\/7050c\/\"]}]},{\"@type\":\"ImageObject\",\"inLanguage\":\"fr-FR\",\"@id\":\"https:\/\/distribution.audio-technica.eu\/fr-fr\/produits\/7050c\/#primaryimage\",\"url\":\"\/app\/uploads\/sites\/3\/7050-1.jpg\",\"contentUrl\":\"\/app\/uploads\/sites\/3\/7050-1.jpg\",\"width\":822,\"height\":825},{\"@type\":\"BreadcrumbList\",\"@id\":\"https:\/\/distribution.audio-technica.eu\/fr-fr\/produits\/7050c\/#breadcrumb\",\"itemListElement\":[{\"@type\":\"ListItem\",\"position\":1,\"name\":\"Products\",\"item\":\"https:\/\/distribution.audio-technica.eu\/fr-fr\/\"},{\"@type\":\"ListItem\",\"position\":2,\"name\":\"Produits\",\"item\":\"https:\/\/distribution.audio-technica.eu\/fr-fr\/produits\/\"},{\"@type\":\"ListItem\",\"position\":3,\"name\":\"7050C\"}]},{\"@type\":\"WebSite\",\"@id\":\"https:\/\/distribution.audio-technica.eu\/fr-fr\/#website\",\"url\":\"https:\/\/distribution.audio-technica.eu\/fr-fr\/\",\"name\":\"FR Audio-Technica Distribution\",\"description\":\"\",\"potentialAction\":[{\"@type\":\"SearchAction\",\"target\":{\"@type\":\"EntryPoint\",\"urlTemplate\":\"https:\/\/distribution.audio-technica.eu\/fr-fr\/?s={search_term_string}\"},\"query-input\":{\"@type\":\"PropertyValueSpecification\",\"valueRequired\":true,\"valueName\":\"search_term_string\"}}],\"inLanguage\":\"fr-FR\"}]}<\/script>\n<!-- \/ Yoast SEO plugin. -->","yoast_head_json":{"title":"7050C - FR Audio-Technica Distribution","description":"Pour tous ceux qui exigent un subwoofer compact avec des performances LF \u00e9tendues, un SPL g\u00e9n\u00e9reux et un contr\u00f4le du bass management.","robots":{"index":"index","follow":"follow","max-snippet":"max-snippet:-1","max-image-preview":"max-image-preview:large","max-video-preview":"max-video-preview:-1"},"canonical":"https:\/\/distribution.audio-technica.eu\/fr-fr\/produits\/7050c\/","og_locale":"fr_FR","og_type":"article","og_title":"7050C - FR Audio-Technica Distribution","og_description":"Pour tous ceux qui exigent un subwoofer compact avec des performances LF \u00e9tendues, un SPL g\u00e9n\u00e9reux et un contr\u00f4le du bass management.","og_url":"https:\/\/distribution.audio-technica.eu\/fr-fr\/produits\/7050c\/","og_site_name":"FR Audio-Technica Distribution","article_modified_time":"2024-09-25T15:38:36+00:00","og_image":[{"width":822,"height":825,"url":"https:\/\/distribution.audio-technica.eu\/app\/uploads\/sites\/3\/7050-1.jpg","type":"image\/jpeg"}],"twitter_card":"summary_large_image","twitter_misc":{"Dur\u00e9e de lecture estim\u00e9e":"1 minute"},"schema":{"@context":"https:\/\/schema.org","@graph":[{"@type":"WebPage","@id":"https:\/\/distribution.audio-technica.eu\/fr-fr\/produits\/7050c\/","url":"https:\/\/distribution.audio-technica.eu\/fr-fr\/produits\/7050c\/","name":"7050C - FR Audio-Technica Distribution","isPartOf":{"@id":"https:\/\/distribution.audio-technica.eu\/fr-fr\/#website"},"primaryImageOfPage":{"@id":"https:\/\/distribution.audio-technica.eu\/fr-fr\/produits\/7050c\/#primaryimage"},"image":{"@id":"https:\/\/distribution.audio-technica.eu\/fr-fr\/produits\/7050c\/#primaryimage"},"thumbnailUrl":"\/app\/uploads\/sites\/3\/7050-1.jpg","datePublished":"2024-09-25T15:07:14+00:00","dateModified":"2024-09-25T15:38:36+00:00","description":"Pour tous ceux qui exigent un subwoofer compact avec des performances LF \u00e9tendues, un SPL g\u00e9n\u00e9reux et un contr\u00f4le du bass management.","breadcrumb":{"@id":"https:\/\/distribution.audio-technica.eu\/fr-fr\/produits\/7050c\/#breadcrumb"},"inLanguage":"fr-FR","potentialAction":[{"@type":"ReadAction","target":["https:\/\/distribution.audio-technica.eu\/fr-fr\/produits\/7050c\/"]}]},{"@type":"ImageObject","inLanguage":"fr-FR","@id":"https:\/\/distribution.audio-technica.eu\/fr-fr\/produits\/7050c\/#primaryimage","url":"\/app\/uploads\/sites\/3\/7050-1.jpg","contentUrl":"\/app\/uploads\/sites\/3\/7050-1.jpg","width":822,"height":825},{"@type":"BreadcrumbList","@id":"https:\/\/distribution.audio-technica.eu\/fr-fr\/produits\/7050c\/#breadcrumb","itemListElement":[{"@type":"ListItem","position":1,"name":"Products","item":"https:\/\/distribution.audio-technica.eu\/fr-fr\/"},{"@type":"ListItem","position":2,"name":"Produits","item":"https:\/\/distribution.audio-technica.eu\/fr-fr\/produits\/"},{"@type":"ListItem","position":3,"name":"7050C"}]},{"@type":"WebSite","@id":"https:\/\/distribution.audio-technica.eu\/fr-fr\/#website","url":"https:\/\/distribution.audio-technica.eu\/fr-fr\/","name":"FR Audio-Technica Distribution","description":"","potentialAction":[{"@type":"SearchAction","target":{"@type":"EntryPoint","urlTemplate":"https:\/\/distribution.audio-technica.eu\/fr-fr\/?s={search_term_string}"},"query-input":{"@type":"PropertyValueSpecification","valueRequired":true,"valueName":"search_term_string"}}],"inLanguage":"fr-FR"}]}},"_links":{"self":[{"href":"https:\/\/distribution.audio-technica.eu\/fr-fr\/wp-json\/wp\/v2\/product\/12287","targetHints":{"allow":["GET"]}}],"collection":[{"href":"https:\/\/distribution.audio-technica.eu\/fr-fr\/wp-json\/wp\/v2\/product"}],"about":[{"href":"https:\/\/distribution.audio-technica.eu\/fr-fr\/wp-json\/wp\/v2\/types\/product"}],"wp:featuredmedia":[{"embeddable":true,"href":"https:\/\/distribution.audio-technica.eu\/fr-fr\/wp-json\/wp\/v2\/media\/12288"}],"wp:attachment":[{"href":"https:\/\/distribution.audio-technica.eu\/fr-fr\/wp-json\/wp\/v2\/media?parent=12287"}],"wp:term":[{"taxonomy":"product_brand","embeddable":true,"href":"https:\/\/distribution.audio-technica.eu\/fr-fr\/wp-json\/wp\/v2\/product_brand?post=12287"},{"taxonomy":"product_cat","embeddable":true,"href":"https:\/\/distribution.audio-technica.eu\/fr-fr\/wp-json\/wp\/v2\/product_cat?post=12287"},{"taxonomy":"product_tag","embeddable":true,"href":"https:\/\/distribution.audio-technica.eu\/fr-fr\/wp-json\/wp\/v2\/product_tag?post=12287"}],"curies":[{"name":"wp","href":"https:\/\/api.w.org\/{rel}","templated":true}]}}