{"id":12295,"date":"2024-09-25T16:13:36","date_gmt":"2024-09-25T15:13:36","guid":{"rendered":"https:\/\/distribution.audio-technica.eu\/fr-fr\/?post_type=product&#038;p=12295"},"modified":"2024-09-25T16:39:26","modified_gmt":"2024-09-25T15:39:26","slug":"7350a-sam-studio-subwoofer","status":"publish","type":"product","link":"https:\/\/distribution.audio-technica.eu\/fr-fr\/produits\/7350a-sam-studio-subwoofer\/","title":{"rendered":"7350A SAM\u2122 Studio Subwoofer"},"content":{"rendered":"<p>Le premier mod\u00e8le des subwoofers SAM est enti\u00e8rement param\u00e9trable via le GLM5, c\u2019est-\u00e0-dire la gestion des fr\u00e9quences de coupures et des r\u00e9glages de niveaux. Con\u00e7u pour compl\u00e9ter nos enceintes de monitoring 8320A et 8330A, le 7350A permet une extension et une gestion des basses fr\u00e9quences tr\u00e8s pr\u00e9cise.<\/p>\n<p><strong>Applications<\/strong> : home studio, studio, r\u00e9gie de post-production<\/p>\n","protected":false},"excerpt":{"rendered":"<p>Subwoofer amplifi\u00e9 SAM 8\u201d<br \/>\n\u2013 Compatible GLM et AutoCal.<br \/>\n\u2013 Entr\u00e9es\/sorties analogiques et num\u00e9riques.<br \/>\n\u2013 Puissance 150W RMS.<br \/>\n\u2013 R\u00e9ponse en fr\u00e9quence : 22 Hz- 160 Hz.<br \/>\n\u2013 C\u00e2ble d\u2019alimentation d\u20191,8 m et c\u00e2ble RJ45 de 5 m fournis.<\/p>\n","protected":false},"featured_media":12296,"template":"","meta":{"_acf_changed":false},"product_brand":[],"product_cat":[2166,2167],"product_tag":[],"class_list":{"0":"post-12295","1":"product","2":"type-product","3":"status-publish","4":"has-post-thumbnail","6":"product_cat-caissons-de-graves","7":"product_cat-subwoofer","8":"product_series-serie-7000-subwoofers","10":"first","11":"instock","12":"shipping-taxable","13":"product-type-simple"},"acf":[],"yoast_head":"<!-- This site is optimized with the Yoast SEO plugin v27.1.1 - https:\/\/yoast.com\/product\/yoast-seo-wordpress\/ -->\n<title>7350A SAM\u2122 Studio Subwoofer - FR Audio-Technica Distribution<\/title>\n<meta name=\"description\" content=\"Con\u00e7u pour compl\u00e9ter nos enceintes de monitoring 8320A et 8330A, le 7350A permet une extension et une gestion des basses fr\u00e9quences tr\u00e8s pr\u00e9cise.\" \/>\n<meta name=\"robots\" content=\"index, follow, max-snippet:-1, max-image-preview:large, max-video-preview:-1\" \/>\n<link rel=\"canonical\" href=\"https:\/\/distribution.audio-technica.eu\/fr-fr\/produits\/7350a-sam-studio-subwoofer\/\" \/>\n<meta property=\"og:locale\" content=\"fr_FR\" \/>\n<meta property=\"og:type\" content=\"article\" \/>\n<meta property=\"og:title\" content=\"7350A SAM\u2122 Studio Subwoofer - FR Audio-Technica Distribution\" \/>\n<meta property=\"og:description\" content=\"Con\u00e7u pour compl\u00e9ter nos enceintes de monitoring 8320A et 8330A, le 7350A permet une extension et une gestion des basses fr\u00e9quences tr\u00e8s pr\u00e9cise.\" \/>\n<meta property=\"og:url\" content=\"https:\/\/distribution.audio-technica.eu\/fr-fr\/produits\/7350a-sam-studio-subwoofer\/\" \/>\n<meta property=\"og:site_name\" content=\"FR Audio-Technica Distribution\" \/>\n<meta property=\"article:modified_time\" content=\"2024-09-25T15:39:26+00:00\" \/>\n<meta property=\"og:image\" content=\"https:\/\/distribution.audio-technica.eu\/app\/uploads\/sites\/3\/7350-1.jpg\" \/>\n\t<meta property=\"og:image:width\" content=\"837\" \/>\n\t<meta property=\"og:image:height\" content=\"832\" \/>\n\t<meta property=\"og:image:type\" content=\"image\/jpeg\" \/>\n<meta name=\"twitter:card\" content=\"summary_large_image\" \/>\n<meta name=\"twitter:label1\" content=\"Dur\u00e9e de lecture estim\u00e9e\" \/>\n\t<meta name=\"twitter:data1\" content=\"1 minute\" \/>\n<script type=\"application\/ld+json\" class=\"yoast-schema-graph\">{\"@context\":\"https:\/\/schema.org\",\"@graph\":[{\"@type\":\"WebPage\",\"@id\":\"https:\/\/distribution.audio-technica.eu\/fr-fr\/produits\/7350a-sam-studio-subwoofer\/\",\"url\":\"https:\/\/distribution.audio-technica.eu\/fr-fr\/produits\/7350a-sam-studio-subwoofer\/\",\"name\":\"7350A SAM\u2122 Studio Subwoofer - FR Audio-Technica Distribution\",\"isPartOf\":{\"@id\":\"https:\/\/distribution.audio-technica.eu\/fr-fr\/#website\"},\"primaryImageOfPage\":{\"@id\":\"https:\/\/distribution.audio-technica.eu\/fr-fr\/produits\/7350a-sam-studio-subwoofer\/#primaryimage\"},\"image\":{\"@id\":\"https:\/\/distribution.audio-technica.eu\/fr-fr\/produits\/7350a-sam-studio-subwoofer\/#primaryimage\"},\"thumbnailUrl\":\"\/app\/uploads\/sites\/3\/7350-1.jpg\",\"datePublished\":\"2024-09-25T15:13:36+00:00\",\"dateModified\":\"2024-09-25T15:39:26+00:00\",\"description\":\"Con\u00e7u pour compl\u00e9ter nos enceintes de monitoring 8320A et 8330A, le 7350A permet une extension et une gestion des basses fr\u00e9quences tr\u00e8s pr\u00e9cise.\",\"breadcrumb\":{\"@id\":\"https:\/\/distribution.audio-technica.eu\/fr-fr\/produits\/7350a-sam-studio-subwoofer\/#breadcrumb\"},\"inLanguage\":\"fr-FR\",\"potentialAction\":[{\"@type\":\"ReadAction\",\"target\":[\"https:\/\/distribution.audio-technica.eu\/fr-fr\/produits\/7350a-sam-studio-subwoofer\/\"]}]},{\"@type\":\"ImageObject\",\"inLanguage\":\"fr-FR\",\"@id\":\"https:\/\/distribution.audio-technica.eu\/fr-fr\/produits\/7350a-sam-studio-subwoofer\/#primaryimage\",\"url\":\"\/app\/uploads\/sites\/3\/7350-1.jpg\",\"contentUrl\":\"\/app\/uploads\/sites\/3\/7350-1.jpg\",\"width\":837,\"height\":832},{\"@type\":\"BreadcrumbList\",\"@id\":\"https:\/\/distribution.audio-technica.eu\/fr-fr\/produits\/7350a-sam-studio-subwoofer\/#breadcrumb\",\"itemListElement\":[{\"@type\":\"ListItem\",\"position\":1,\"name\":\"Products\",\"item\":\"https:\/\/distribution.audio-technica.eu\/fr-fr\/\"},{\"@type\":\"ListItem\",\"position\":2,\"name\":\"Produits\",\"item\":\"https:\/\/distribution.audio-technica.eu\/fr-fr\/produits\/\"},{\"@type\":\"ListItem\",\"position\":3,\"name\":\"7350A SAM\u2122 Studio Subwoofer\"}]},{\"@type\":\"WebSite\",\"@id\":\"https:\/\/distribution.audio-technica.eu\/fr-fr\/#website\",\"url\":\"https:\/\/distribution.audio-technica.eu\/fr-fr\/\",\"name\":\"FR Audio-Technica Distribution\",\"description\":\"\",\"potentialAction\":[{\"@type\":\"SearchAction\",\"target\":{\"@type\":\"EntryPoint\",\"urlTemplate\":\"https:\/\/distribution.audio-technica.eu\/fr-fr\/?s={search_term_string}\"},\"query-input\":{\"@type\":\"PropertyValueSpecification\",\"valueRequired\":true,\"valueName\":\"search_term_string\"}}],\"inLanguage\":\"fr-FR\"}]}<\/script>\n<!-- \/ Yoast SEO plugin. -->","yoast_head_json":{"title":"7350A SAM\u2122 Studio Subwoofer - FR Audio-Technica Distribution","description":"Con\u00e7u pour compl\u00e9ter nos enceintes de monitoring 8320A et 8330A, le 7350A permet une extension et une gestion des basses fr\u00e9quences tr\u00e8s pr\u00e9cise.","robots":{"index":"index","follow":"follow","max-snippet":"max-snippet:-1","max-image-preview":"max-image-preview:large","max-video-preview":"max-video-preview:-1"},"canonical":"https:\/\/distribution.audio-technica.eu\/fr-fr\/produits\/7350a-sam-studio-subwoofer\/","og_locale":"fr_FR","og_type":"article","og_title":"7350A SAM\u2122 Studio Subwoofer - FR Audio-Technica Distribution","og_description":"Con\u00e7u pour compl\u00e9ter nos enceintes de monitoring 8320A et 8330A, le 7350A permet une extension et une gestion des basses fr\u00e9quences tr\u00e8s pr\u00e9cise.","og_url":"https:\/\/distribution.audio-technica.eu\/fr-fr\/produits\/7350a-sam-studio-subwoofer\/","og_site_name":"FR Audio-Technica Distribution","article_modified_time":"2024-09-25T15:39:26+00:00","og_image":[{"width":837,"height":832,"url":"https:\/\/distribution.audio-technica.eu\/app\/uploads\/sites\/3\/7350-1.jpg","type":"image\/jpeg"}],"twitter_card":"summary_large_image","twitter_misc":{"Dur\u00e9e de lecture estim\u00e9e":"1 minute"},"schema":{"@context":"https:\/\/schema.org","@graph":[{"@type":"WebPage","@id":"https:\/\/distribution.audio-technica.eu\/fr-fr\/produits\/7350a-sam-studio-subwoofer\/","url":"https:\/\/distribution.audio-technica.eu\/fr-fr\/produits\/7350a-sam-studio-subwoofer\/","name":"7350A SAM\u2122 Studio Subwoofer - FR Audio-Technica Distribution","isPartOf":{"@id":"https:\/\/distribution.audio-technica.eu\/fr-fr\/#website"},"primaryImageOfPage":{"@id":"https:\/\/distribution.audio-technica.eu\/fr-fr\/produits\/7350a-sam-studio-subwoofer\/#primaryimage"},"image":{"@id":"https:\/\/distribution.audio-technica.eu\/fr-fr\/produits\/7350a-sam-studio-subwoofer\/#primaryimage"},"thumbnailUrl":"\/app\/uploads\/sites\/3\/7350-1.jpg","datePublished":"2024-09-25T15:13:36+00:00","dateModified":"2024-09-25T15:39:26+00:00","description":"Con\u00e7u pour compl\u00e9ter nos enceintes de monitoring 8320A et 8330A, le 7350A permet une extension et une gestion des basses fr\u00e9quences tr\u00e8s pr\u00e9cise.","breadcrumb":{"@id":"https:\/\/distribution.audio-technica.eu\/fr-fr\/produits\/7350a-sam-studio-subwoofer\/#breadcrumb"},"inLanguage":"fr-FR","potentialAction":[{"@type":"ReadAction","target":["https:\/\/distribution.audio-technica.eu\/fr-fr\/produits\/7350a-sam-studio-subwoofer\/"]}]},{"@type":"ImageObject","inLanguage":"fr-FR","@id":"https:\/\/distribution.audio-technica.eu\/fr-fr\/produits\/7350a-sam-studio-subwoofer\/#primaryimage","url":"\/app\/uploads\/sites\/3\/7350-1.jpg","contentUrl":"\/app\/uploads\/sites\/3\/7350-1.jpg","width":837,"height":832},{"@type":"BreadcrumbList","@id":"https:\/\/distribution.audio-technica.eu\/fr-fr\/produits\/7350a-sam-studio-subwoofer\/#breadcrumb","itemListElement":[{"@type":"ListItem","position":1,"name":"Products","item":"https:\/\/distribution.audio-technica.eu\/fr-fr\/"},{"@type":"ListItem","position":2,"name":"Produits","item":"https:\/\/distribution.audio-technica.eu\/fr-fr\/produits\/"},{"@type":"ListItem","position":3,"name":"7350A SAM\u2122 Studio Subwoofer"}]},{"@type":"WebSite","@id":"https:\/\/distribution.audio-technica.eu\/fr-fr\/#website","url":"https:\/\/distribution.audio-technica.eu\/fr-fr\/","name":"FR Audio-Technica Distribution","description":"","potentialAction":[{"@type":"SearchAction","target":{"@type":"EntryPoint","urlTemplate":"https:\/\/distribution.audio-technica.eu\/fr-fr\/?s={search_term_string}"},"query-input":{"@type":"PropertyValueSpecification","valueRequired":true,"valueName":"search_term_string"}}],"inLanguage":"fr-FR"}]}},"_links":{"self":[{"href":"https:\/\/distribution.audio-technica.eu\/fr-fr\/wp-json\/wp\/v2\/product\/12295","targetHints":{"allow":["GET"]}}],"collection":[{"href":"https:\/\/distribution.audio-technica.eu\/fr-fr\/wp-json\/wp\/v2\/product"}],"about":[{"href":"https:\/\/distribution.audio-technica.eu\/fr-fr\/wp-json\/wp\/v2\/types\/product"}],"wp:featuredmedia":[{"embeddable":true,"href":"https:\/\/distribution.audio-technica.eu\/fr-fr\/wp-json\/wp\/v2\/media\/12296"}],"wp:attachment":[{"href":"https:\/\/distribution.audio-technica.eu\/fr-fr\/wp-json\/wp\/v2\/media?parent=12295"}],"wp:term":[{"taxonomy":"product_brand","embeddable":true,"href":"https:\/\/distribution.audio-technica.eu\/fr-fr\/wp-json\/wp\/v2\/product_brand?post=12295"},{"taxonomy":"product_cat","embeddable":true,"href":"https:\/\/distribution.audio-technica.eu\/fr-fr\/wp-json\/wp\/v2\/product_cat?post=12295"},{"taxonomy":"product_tag","embeddable":true,"href":"https:\/\/distribution.audio-technica.eu\/fr-fr\/wp-json\/wp\/v2\/product_tag?post=12295"}],"curies":[{"name":"wp","href":"https:\/\/api.w.org\/{rel}","templated":true}]}}