{"id":12303,"date":"2024-09-25T16:18:13","date_gmt":"2024-09-25T15:18:13","guid":{"rendered":"https:\/\/distribution.audio-technica.eu\/fr-fr\/?post_type=product&#038;p=12303"},"modified":"2024-09-25T16:40:18","modified_gmt":"2024-09-25T15:40:18","slug":"7360a-sam","status":"publish","type":"product","link":"https:\/\/distribution.audio-technica.eu\/fr-fr\/produits\/7360a-sam\/","title":{"rendered":"7360A SAM\u2122"},"content":{"rendered":"<p>Le 7360A de la s\u00e9rie SAM convient aux r\u00e9gies st\u00e9r\u00e9o et multicanales. Ce subwoofer s\u2019adapte intelligemment \u00e0 votre espace pour offrir une pr\u00e9cision absolue dans les basses fr\u00e9quences. Con\u00e7u autour de notre technologie de bo\u00eetier en spirale laminaire, le 7360A compact offre un niveau de pression acoustique stup\u00e9fiant de 109 dB avec une distorsion tr\u00e8s faible, ce qui permet d\u2019obtenir des performances LF propres, pr\u00e9cises jusqu\u2019\u00e0 19 Hz. Le 7360A garantit une pr\u00e9cision dans le grave \u00e0 laquelle vous pouvez faire confiance.<\/p>\n<p><strong>Applications<\/strong> : studios de mixage musique, cin\u00e9ma et post-production en multicanal<\/p>\n","protected":false},"excerpt":{"rendered":"<p>Subwoofer amplifi\u00e9 SAM 10\u201d<br \/>\n\u2013 Compatible GLM et AutoCal.<br \/>\n\u2013 Entr\u00e9es\/sorties analogiques et num\u00e9riques pour tout format multicanal.<br \/>\n\u2013 Puissance 300W RMS.<br \/>\n\u2013 R\u00e9ponse en fr\u00e9quence : 19 Hz- 150 Hz.<br \/>\n\u2013 C\u00e2ble d\u2019alimentation d\u20191,8 m et c\u00e2ble RJ45 de 5 m fournis.<\/p>\n","protected":false},"featured_media":12304,"template":"","meta":{"_acf_changed":false},"product_brand":[],"product_cat":[2166,2167],"product_tag":[],"class_list":{"0":"post-12303","1":"product","2":"type-product","3":"status-publish","4":"has-post-thumbnail","6":"product_cat-caissons-de-graves","7":"product_cat-subwoofer","8":"product_series-serie-7000-subwoofers","10":"first","11":"instock","12":"shipping-taxable","13":"product-type-simple"},"acf":[],"yoast_head":"<!-- This site is optimized with the Yoast SEO plugin v27.1.1 - https:\/\/yoast.com\/product\/yoast-seo-wordpress\/ -->\n<title>7360A SAM\u2122 - FR Audio-Technica Distribution<\/title>\n<meta name=\"description\" content=\"Le 7360, est un subwoofer qui s\u2019adapte intelligemment \u00e0 votre espace pour offrir une pr\u00e9cision absolue dans les basses fr\u00e9quences.\" \/>\n<meta name=\"robots\" content=\"index, follow, max-snippet:-1, max-image-preview:large, max-video-preview:-1\" \/>\n<link rel=\"canonical\" href=\"https:\/\/distribution.audio-technica.eu\/fr-fr\/produits\/7360a-sam\/\" \/>\n<meta property=\"og:locale\" content=\"fr_FR\" \/>\n<meta property=\"og:type\" content=\"article\" \/>\n<meta property=\"og:title\" content=\"7360A SAM\u2122 - FR Audio-Technica Distribution\" \/>\n<meta property=\"og:description\" content=\"Le 7360, est un subwoofer qui s\u2019adapte intelligemment \u00e0 votre espace pour offrir une pr\u00e9cision absolue dans les basses fr\u00e9quences.\" \/>\n<meta property=\"og:url\" content=\"https:\/\/distribution.audio-technica.eu\/fr-fr\/produits\/7360a-sam\/\" \/>\n<meta property=\"og:site_name\" content=\"FR Audio-Technica Distribution\" \/>\n<meta property=\"article:modified_time\" content=\"2024-09-25T15:40:18+00:00\" \/>\n<meta property=\"og:image\" content=\"https:\/\/distribution.audio-technica.eu\/app\/uploads\/sites\/3\/7360-1.jpg\" \/>\n\t<meta property=\"og:image:width\" content=\"822\" \/>\n\t<meta property=\"og:image:height\" content=\"822\" \/>\n\t<meta property=\"og:image:type\" content=\"image\/jpeg\" \/>\n<meta name=\"twitter:card\" content=\"summary_large_image\" \/>\n<meta name=\"twitter:label1\" content=\"Dur\u00e9e de lecture estim\u00e9e\" \/>\n\t<meta name=\"twitter:data1\" content=\"1 minute\" \/>\n<script type=\"application\/ld+json\" class=\"yoast-schema-graph\">{\"@context\":\"https:\/\/schema.org\",\"@graph\":[{\"@type\":\"WebPage\",\"@id\":\"https:\/\/distribution.audio-technica.eu\/fr-fr\/produits\/7360a-sam\/\",\"url\":\"https:\/\/distribution.audio-technica.eu\/fr-fr\/produits\/7360a-sam\/\",\"name\":\"7360A SAM\u2122 - FR Audio-Technica Distribution\",\"isPartOf\":{\"@id\":\"https:\/\/distribution.audio-technica.eu\/fr-fr\/#website\"},\"primaryImageOfPage\":{\"@id\":\"https:\/\/distribution.audio-technica.eu\/fr-fr\/produits\/7360a-sam\/#primaryimage\"},\"image\":{\"@id\":\"https:\/\/distribution.audio-technica.eu\/fr-fr\/produits\/7360a-sam\/#primaryimage\"},\"thumbnailUrl\":\"\/app\/uploads\/sites\/3\/7360-1.jpg\",\"datePublished\":\"2024-09-25T15:18:13+00:00\",\"dateModified\":\"2024-09-25T15:40:18+00:00\",\"description\":\"Le 7360, est un subwoofer qui s\u2019adapte intelligemment \u00e0 votre espace pour offrir une pr\u00e9cision absolue dans les basses fr\u00e9quences.\",\"breadcrumb\":{\"@id\":\"https:\/\/distribution.audio-technica.eu\/fr-fr\/produits\/7360a-sam\/#breadcrumb\"},\"inLanguage\":\"fr-FR\",\"potentialAction\":[{\"@type\":\"ReadAction\",\"target\":[\"https:\/\/distribution.audio-technica.eu\/fr-fr\/produits\/7360a-sam\/\"]}]},{\"@type\":\"ImageObject\",\"inLanguage\":\"fr-FR\",\"@id\":\"https:\/\/distribution.audio-technica.eu\/fr-fr\/produits\/7360a-sam\/#primaryimage\",\"url\":\"\/app\/uploads\/sites\/3\/7360-1.jpg\",\"contentUrl\":\"\/app\/uploads\/sites\/3\/7360-1.jpg\",\"width\":822,\"height\":822},{\"@type\":\"BreadcrumbList\",\"@id\":\"https:\/\/distribution.audio-technica.eu\/fr-fr\/produits\/7360a-sam\/#breadcrumb\",\"itemListElement\":[{\"@type\":\"ListItem\",\"position\":1,\"name\":\"Products\",\"item\":\"https:\/\/distribution.audio-technica.eu\/fr-fr\/\"},{\"@type\":\"ListItem\",\"position\":2,\"name\":\"Produits\",\"item\":\"https:\/\/distribution.audio-technica.eu\/fr-fr\/produits\/\"},{\"@type\":\"ListItem\",\"position\":3,\"name\":\"7360A SAM\u2122\"}]},{\"@type\":\"WebSite\",\"@id\":\"https:\/\/distribution.audio-technica.eu\/fr-fr\/#website\",\"url\":\"https:\/\/distribution.audio-technica.eu\/fr-fr\/\",\"name\":\"FR Audio-Technica Distribution\",\"description\":\"\",\"potentialAction\":[{\"@type\":\"SearchAction\",\"target\":{\"@type\":\"EntryPoint\",\"urlTemplate\":\"https:\/\/distribution.audio-technica.eu\/fr-fr\/?s={search_term_string}\"},\"query-input\":{\"@type\":\"PropertyValueSpecification\",\"valueRequired\":true,\"valueName\":\"search_term_string\"}}],\"inLanguage\":\"fr-FR\"}]}<\/script>\n<!-- \/ Yoast SEO plugin. -->","yoast_head_json":{"title":"7360A SAM\u2122 - FR Audio-Technica Distribution","description":"Le 7360, est un subwoofer qui s\u2019adapte intelligemment \u00e0 votre espace pour offrir une pr\u00e9cision absolue dans les basses fr\u00e9quences.","robots":{"index":"index","follow":"follow","max-snippet":"max-snippet:-1","max-image-preview":"max-image-preview:large","max-video-preview":"max-video-preview:-1"},"canonical":"https:\/\/distribution.audio-technica.eu\/fr-fr\/produits\/7360a-sam\/","og_locale":"fr_FR","og_type":"article","og_title":"7360A SAM\u2122 - FR Audio-Technica Distribution","og_description":"Le 7360, est un subwoofer qui s\u2019adapte intelligemment \u00e0 votre espace pour offrir une pr\u00e9cision absolue dans les basses fr\u00e9quences.","og_url":"https:\/\/distribution.audio-technica.eu\/fr-fr\/produits\/7360a-sam\/","og_site_name":"FR Audio-Technica Distribution","article_modified_time":"2024-09-25T15:40:18+00:00","og_image":[{"width":822,"height":822,"url":"https:\/\/distribution.audio-technica.eu\/app\/uploads\/sites\/3\/7360-1.jpg","type":"image\/jpeg"}],"twitter_card":"summary_large_image","twitter_misc":{"Dur\u00e9e de lecture estim\u00e9e":"1 minute"},"schema":{"@context":"https:\/\/schema.org","@graph":[{"@type":"WebPage","@id":"https:\/\/distribution.audio-technica.eu\/fr-fr\/produits\/7360a-sam\/","url":"https:\/\/distribution.audio-technica.eu\/fr-fr\/produits\/7360a-sam\/","name":"7360A SAM\u2122 - FR Audio-Technica Distribution","isPartOf":{"@id":"https:\/\/distribution.audio-technica.eu\/fr-fr\/#website"},"primaryImageOfPage":{"@id":"https:\/\/distribution.audio-technica.eu\/fr-fr\/produits\/7360a-sam\/#primaryimage"},"image":{"@id":"https:\/\/distribution.audio-technica.eu\/fr-fr\/produits\/7360a-sam\/#primaryimage"},"thumbnailUrl":"\/app\/uploads\/sites\/3\/7360-1.jpg","datePublished":"2024-09-25T15:18:13+00:00","dateModified":"2024-09-25T15:40:18+00:00","description":"Le 7360, est un subwoofer qui s\u2019adapte intelligemment \u00e0 votre espace pour offrir une pr\u00e9cision absolue dans les basses fr\u00e9quences.","breadcrumb":{"@id":"https:\/\/distribution.audio-technica.eu\/fr-fr\/produits\/7360a-sam\/#breadcrumb"},"inLanguage":"fr-FR","potentialAction":[{"@type":"ReadAction","target":["https:\/\/distribution.audio-technica.eu\/fr-fr\/produits\/7360a-sam\/"]}]},{"@type":"ImageObject","inLanguage":"fr-FR","@id":"https:\/\/distribution.audio-technica.eu\/fr-fr\/produits\/7360a-sam\/#primaryimage","url":"\/app\/uploads\/sites\/3\/7360-1.jpg","contentUrl":"\/app\/uploads\/sites\/3\/7360-1.jpg","width":822,"height":822},{"@type":"BreadcrumbList","@id":"https:\/\/distribution.audio-technica.eu\/fr-fr\/produits\/7360a-sam\/#breadcrumb","itemListElement":[{"@type":"ListItem","position":1,"name":"Products","item":"https:\/\/distribution.audio-technica.eu\/fr-fr\/"},{"@type":"ListItem","position":2,"name":"Produits","item":"https:\/\/distribution.audio-technica.eu\/fr-fr\/produits\/"},{"@type":"ListItem","position":3,"name":"7360A SAM\u2122"}]},{"@type":"WebSite","@id":"https:\/\/distribution.audio-technica.eu\/fr-fr\/#website","url":"https:\/\/distribution.audio-technica.eu\/fr-fr\/","name":"FR Audio-Technica Distribution","description":"","potentialAction":[{"@type":"SearchAction","target":{"@type":"EntryPoint","urlTemplate":"https:\/\/distribution.audio-technica.eu\/fr-fr\/?s={search_term_string}"},"query-input":{"@type":"PropertyValueSpecification","valueRequired":true,"valueName":"search_term_string"}}],"inLanguage":"fr-FR"}]}},"_links":{"self":[{"href":"https:\/\/distribution.audio-technica.eu\/fr-fr\/wp-json\/wp\/v2\/product\/12303","targetHints":{"allow":["GET"]}}],"collection":[{"href":"https:\/\/distribution.audio-technica.eu\/fr-fr\/wp-json\/wp\/v2\/product"}],"about":[{"href":"https:\/\/distribution.audio-technica.eu\/fr-fr\/wp-json\/wp\/v2\/types\/product"}],"wp:featuredmedia":[{"embeddable":true,"href":"https:\/\/distribution.audio-technica.eu\/fr-fr\/wp-json\/wp\/v2\/media\/12304"}],"wp:attachment":[{"href":"https:\/\/distribution.audio-technica.eu\/fr-fr\/wp-json\/wp\/v2\/media?parent=12303"}],"wp:term":[{"taxonomy":"product_brand","embeddable":true,"href":"https:\/\/distribution.audio-technica.eu\/fr-fr\/wp-json\/wp\/v2\/product_brand?post=12303"},{"taxonomy":"product_cat","embeddable":true,"href":"https:\/\/distribution.audio-technica.eu\/fr-fr\/wp-json\/wp\/v2\/product_cat?post=12303"},{"taxonomy":"product_tag","embeddable":true,"href":"https:\/\/distribution.audio-technica.eu\/fr-fr\/wp-json\/wp\/v2\/product_tag?post=12303"}],"curies":[{"name":"wp","href":"https:\/\/api.w.org\/{rel}","templated":true}]}}