{"id":12314,"date":"2024-09-25T16:28:46","date_gmt":"2024-09-25T15:28:46","guid":{"rendered":"https:\/\/distribution.audio-technica.eu\/fr-fr\/?post_type=product&#038;p=12314"},"modified":"2024-09-25T16:42:38","modified_gmt":"2024-09-25T15:42:38","slug":"7380a-sam","status":"publish","type":"product","link":"https:\/\/distribution.audio-technica.eu\/fr-fr\/produits\/7380a-sam\/","title":{"rendered":"7380A SAM\u2122"},"content":{"rendered":"<p>Ce subwoofer b\u00e9n\u00e9ficie d\u2019un niveau de pression acoustique \u00e9lev\u00e9 dans une plage d\u2019utilisation de 16 \u00e0 100 Hz. Offrant un niveau de performance normalement associ\u00e9 \u00e0 des enceintes beaucoup plus grandes, le caisson de graves 7380A offre \u00e0 la fois une puissance et un niveau de pression acoustique \u00e9lev\u00e9s, avec une r\u00e9ponse basse fr\u00e9quence \u00e9tendue \u00e0 faible distorsion et des options flexibles de gestion des basses.<\/p>\n<p>Gr\u00e2ce \u00e0 sa connectivit\u00e9 compl\u00e8te, le 7380A est aussi bien \u00e0 l\u2019aise dans un environnement st\u00e9r\u00e9o que multicanal, ce qui le rend parfait pour les applications de musique, de post-production, de film ou de diffusion qui exigent une reproduction des basses fr\u00e9quences puissante et fiable dans un format \u00e9tonnamment compact.<\/p>\n<p><strong>Applications<\/strong> : studios de mixage musique ou film<\/p>\n","protected":false},"excerpt":{"rendered":"<p>Subwoofer amplifi\u00e9 SAM 15\u201d<br \/>\n\u2013 Compatible GLM et AutoCal.<br \/>\n\u2013 Entr\u00e9es\/sorties analogiques pour applications multicanales en 5.1 et 7.1 et en st\u00e9r\u00e9o AES\/EBU.<br \/>\n\u2013 Puissance 800W RMS.<br \/>\n\u2013 R\u00e9ponse en fr\u00e9quence : 16 Hz &#8211; 100 Hz.<br \/>\n\u2013 C\u00e2ble d\u2019alimentation d\u20191,8 m et c\u00e2ble RJ45 de 5 m fournis.<\/p>\n","protected":false},"featured_media":12315,"template":"","meta":{"_acf_changed":false},"product_brand":[],"product_cat":[2166,2167],"product_tag":[],"class_list":{"0":"post-12314","1":"product","2":"type-product","3":"status-publish","4":"has-post-thumbnail","6":"product_cat-caissons-de-graves","7":"product_cat-subwoofer","8":"product_series-serie-7000-subwoofers","10":"first","11":"instock","12":"shipping-taxable","13":"product-type-simple"},"acf":[],"yoast_head":"<!-- This site is optimized with the Yoast SEO plugin v27.1.1 - https:\/\/yoast.com\/product\/yoast-seo-wordpress\/ -->\n<title>7380A SAM\u2122 - FR Audio-Technica Distribution<\/title>\n<meta name=\"description\" content=\"Le 7380A est un subwoofer b\u00e9n\u00e9ficiant d\u2019un niveau de pression acoustique \u00e9lev\u00e9 dans une plage d\u2019utilisation de 16 \u00e0 100 Hz.\" \/>\n<meta name=\"robots\" content=\"index, follow, max-snippet:-1, max-image-preview:large, max-video-preview:-1\" \/>\n<link rel=\"canonical\" href=\"https:\/\/distribution.audio-technica.eu\/fr-fr\/produits\/7380a-sam\/\" \/>\n<meta property=\"og:locale\" content=\"fr_FR\" \/>\n<meta property=\"og:type\" content=\"article\" \/>\n<meta property=\"og:title\" content=\"7380A SAM\u2122 - FR Audio-Technica Distribution\" \/>\n<meta property=\"og:description\" content=\"Le 7380A est un subwoofer b\u00e9n\u00e9ficiant d\u2019un niveau de pression acoustique \u00e9lev\u00e9 dans une plage d\u2019utilisation de 16 \u00e0 100 Hz.\" \/>\n<meta property=\"og:url\" content=\"https:\/\/distribution.audio-technica.eu\/fr-fr\/produits\/7380a-sam\/\" \/>\n<meta property=\"og:site_name\" content=\"FR Audio-Technica Distribution\" \/>\n<meta property=\"article:modified_time\" content=\"2024-09-25T15:42:38+00:00\" \/>\n<meta property=\"og:image\" content=\"https:\/\/distribution.audio-technica.eu\/app\/uploads\/sites\/3\/7380-1.jpg\" \/>\n\t<meta property=\"og:image:width\" content=\"822\" \/>\n\t<meta property=\"og:image:height\" content=\"827\" \/>\n\t<meta property=\"og:image:type\" content=\"image\/jpeg\" \/>\n<meta name=\"twitter:card\" content=\"summary_large_image\" \/>\n<meta name=\"twitter:label1\" content=\"Dur\u00e9e de lecture estim\u00e9e\" \/>\n\t<meta name=\"twitter:data1\" content=\"1 minute\" \/>\n<script type=\"application\/ld+json\" class=\"yoast-schema-graph\">{\"@context\":\"https:\/\/schema.org\",\"@graph\":[{\"@type\":\"WebPage\",\"@id\":\"https:\/\/distribution.audio-technica.eu\/fr-fr\/produits\/7380a-sam\/\",\"url\":\"https:\/\/distribution.audio-technica.eu\/fr-fr\/produits\/7380a-sam\/\",\"name\":\"7380A SAM\u2122 - FR Audio-Technica Distribution\",\"isPartOf\":{\"@id\":\"https:\/\/distribution.audio-technica.eu\/fr-fr\/#website\"},\"primaryImageOfPage\":{\"@id\":\"https:\/\/distribution.audio-technica.eu\/fr-fr\/produits\/7380a-sam\/#primaryimage\"},\"image\":{\"@id\":\"https:\/\/distribution.audio-technica.eu\/fr-fr\/produits\/7380a-sam\/#primaryimage\"},\"thumbnailUrl\":\"\/app\/uploads\/sites\/3\/7380-1.jpg\",\"datePublished\":\"2024-09-25T15:28:46+00:00\",\"dateModified\":\"2024-09-25T15:42:38+00:00\",\"description\":\"Le 7380A est un subwoofer b\u00e9n\u00e9ficiant d\u2019un niveau de pression acoustique \u00e9lev\u00e9 dans une plage d\u2019utilisation de 16 \u00e0 100 Hz.\",\"breadcrumb\":{\"@id\":\"https:\/\/distribution.audio-technica.eu\/fr-fr\/produits\/7380a-sam\/#breadcrumb\"},\"inLanguage\":\"fr-FR\",\"potentialAction\":[{\"@type\":\"ReadAction\",\"target\":[\"https:\/\/distribution.audio-technica.eu\/fr-fr\/produits\/7380a-sam\/\"]}]},{\"@type\":\"ImageObject\",\"inLanguage\":\"fr-FR\",\"@id\":\"https:\/\/distribution.audio-technica.eu\/fr-fr\/produits\/7380a-sam\/#primaryimage\",\"url\":\"\/app\/uploads\/sites\/3\/7380-1.jpg\",\"contentUrl\":\"\/app\/uploads\/sites\/3\/7380-1.jpg\",\"width\":822,\"height\":827},{\"@type\":\"BreadcrumbList\",\"@id\":\"https:\/\/distribution.audio-technica.eu\/fr-fr\/produits\/7380a-sam\/#breadcrumb\",\"itemListElement\":[{\"@type\":\"ListItem\",\"position\":1,\"name\":\"Products\",\"item\":\"https:\/\/distribution.audio-technica.eu\/fr-fr\/\"},{\"@type\":\"ListItem\",\"position\":2,\"name\":\"Produits\",\"item\":\"https:\/\/distribution.audio-technica.eu\/fr-fr\/produits\/\"},{\"@type\":\"ListItem\",\"position\":3,\"name\":\"7380A SAM\u2122\"}]},{\"@type\":\"WebSite\",\"@id\":\"https:\/\/distribution.audio-technica.eu\/fr-fr\/#website\",\"url\":\"https:\/\/distribution.audio-technica.eu\/fr-fr\/\",\"name\":\"FR Audio-Technica Distribution\",\"description\":\"\",\"potentialAction\":[{\"@type\":\"SearchAction\",\"target\":{\"@type\":\"EntryPoint\",\"urlTemplate\":\"https:\/\/distribution.audio-technica.eu\/fr-fr\/?s={search_term_string}\"},\"query-input\":{\"@type\":\"PropertyValueSpecification\",\"valueRequired\":true,\"valueName\":\"search_term_string\"}}],\"inLanguage\":\"fr-FR\"}]}<\/script>\n<!-- \/ Yoast SEO plugin. -->","yoast_head_json":{"title":"7380A SAM\u2122 - FR Audio-Technica Distribution","description":"Le 7380A est un subwoofer b\u00e9n\u00e9ficiant d\u2019un niveau de pression acoustique \u00e9lev\u00e9 dans une plage d\u2019utilisation de 16 \u00e0 100 Hz.","robots":{"index":"index","follow":"follow","max-snippet":"max-snippet:-1","max-image-preview":"max-image-preview:large","max-video-preview":"max-video-preview:-1"},"canonical":"https:\/\/distribution.audio-technica.eu\/fr-fr\/produits\/7380a-sam\/","og_locale":"fr_FR","og_type":"article","og_title":"7380A SAM\u2122 - FR Audio-Technica Distribution","og_description":"Le 7380A est un subwoofer b\u00e9n\u00e9ficiant d\u2019un niveau de pression acoustique \u00e9lev\u00e9 dans une plage d\u2019utilisation de 16 \u00e0 100 Hz.","og_url":"https:\/\/distribution.audio-technica.eu\/fr-fr\/produits\/7380a-sam\/","og_site_name":"FR Audio-Technica Distribution","article_modified_time":"2024-09-25T15:42:38+00:00","og_image":[{"width":822,"height":827,"url":"https:\/\/distribution.audio-technica.eu\/app\/uploads\/sites\/3\/7380-1.jpg","type":"image\/jpeg"}],"twitter_card":"summary_large_image","twitter_misc":{"Dur\u00e9e de lecture estim\u00e9e":"1 minute"},"schema":{"@context":"https:\/\/schema.org","@graph":[{"@type":"WebPage","@id":"https:\/\/distribution.audio-technica.eu\/fr-fr\/produits\/7380a-sam\/","url":"https:\/\/distribution.audio-technica.eu\/fr-fr\/produits\/7380a-sam\/","name":"7380A SAM\u2122 - FR Audio-Technica Distribution","isPartOf":{"@id":"https:\/\/distribution.audio-technica.eu\/fr-fr\/#website"},"primaryImageOfPage":{"@id":"https:\/\/distribution.audio-technica.eu\/fr-fr\/produits\/7380a-sam\/#primaryimage"},"image":{"@id":"https:\/\/distribution.audio-technica.eu\/fr-fr\/produits\/7380a-sam\/#primaryimage"},"thumbnailUrl":"\/app\/uploads\/sites\/3\/7380-1.jpg","datePublished":"2024-09-25T15:28:46+00:00","dateModified":"2024-09-25T15:42:38+00:00","description":"Le 7380A est un subwoofer b\u00e9n\u00e9ficiant d\u2019un niveau de pression acoustique \u00e9lev\u00e9 dans une plage d\u2019utilisation de 16 \u00e0 100 Hz.","breadcrumb":{"@id":"https:\/\/distribution.audio-technica.eu\/fr-fr\/produits\/7380a-sam\/#breadcrumb"},"inLanguage":"fr-FR","potentialAction":[{"@type":"ReadAction","target":["https:\/\/distribution.audio-technica.eu\/fr-fr\/produits\/7380a-sam\/"]}]},{"@type":"ImageObject","inLanguage":"fr-FR","@id":"https:\/\/distribution.audio-technica.eu\/fr-fr\/produits\/7380a-sam\/#primaryimage","url":"\/app\/uploads\/sites\/3\/7380-1.jpg","contentUrl":"\/app\/uploads\/sites\/3\/7380-1.jpg","width":822,"height":827},{"@type":"BreadcrumbList","@id":"https:\/\/distribution.audio-technica.eu\/fr-fr\/produits\/7380a-sam\/#breadcrumb","itemListElement":[{"@type":"ListItem","position":1,"name":"Products","item":"https:\/\/distribution.audio-technica.eu\/fr-fr\/"},{"@type":"ListItem","position":2,"name":"Produits","item":"https:\/\/distribution.audio-technica.eu\/fr-fr\/produits\/"},{"@type":"ListItem","position":3,"name":"7380A SAM\u2122"}]},{"@type":"WebSite","@id":"https:\/\/distribution.audio-technica.eu\/fr-fr\/#website","url":"https:\/\/distribution.audio-technica.eu\/fr-fr\/","name":"FR Audio-Technica Distribution","description":"","potentialAction":[{"@type":"SearchAction","target":{"@type":"EntryPoint","urlTemplate":"https:\/\/distribution.audio-technica.eu\/fr-fr\/?s={search_term_string}"},"query-input":{"@type":"PropertyValueSpecification","valueRequired":true,"valueName":"search_term_string"}}],"inLanguage":"fr-FR"}]}},"_links":{"self":[{"href":"https:\/\/distribution.audio-technica.eu\/fr-fr\/wp-json\/wp\/v2\/product\/12314","targetHints":{"allow":["GET"]}}],"collection":[{"href":"https:\/\/distribution.audio-technica.eu\/fr-fr\/wp-json\/wp\/v2\/product"}],"about":[{"href":"https:\/\/distribution.audio-technica.eu\/fr-fr\/wp-json\/wp\/v2\/types\/product"}],"wp:featuredmedia":[{"embeddable":true,"href":"https:\/\/distribution.audio-technica.eu\/fr-fr\/wp-json\/wp\/v2\/media\/12315"}],"wp:attachment":[{"href":"https:\/\/distribution.audio-technica.eu\/fr-fr\/wp-json\/wp\/v2\/media?parent=12314"}],"wp:term":[{"taxonomy":"product_brand","embeddable":true,"href":"https:\/\/distribution.audio-technica.eu\/fr-fr\/wp-json\/wp\/v2\/product_brand?post=12314"},{"taxonomy":"product_cat","embeddable":true,"href":"https:\/\/distribution.audio-technica.eu\/fr-fr\/wp-json\/wp\/v2\/product_cat?post=12314"},{"taxonomy":"product_tag","embeddable":true,"href":"https:\/\/distribution.audio-technica.eu\/fr-fr\/wp-json\/wp\/v2\/product_tag?post=12314"}],"curies":[{"name":"wp","href":"https:\/\/api.w.org\/{rel}","templated":true}]}}