{"id":12324,"date":"2024-09-25T16:36:16","date_gmt":"2024-09-25T15:36:16","guid":{"rendered":"https:\/\/distribution.audio-technica.eu\/fr-fr\/?post_type=product&#038;p=12324"},"modified":"2024-09-25T16:43:28","modified_gmt":"2024-09-25T15:43:28","slug":"7382a-sam","status":"publish","type":"product","link":"https:\/\/distribution.audio-technica.eu\/fr-fr\/produits\/7382a-sam\/","title":{"rendered":"7382A SAM\u2122"},"content":{"rendered":"<p>Le 7382A est le subwoofer le plus puissant de la gamme Genelec. Combinant puissance et clart\u00e9 avec des fonctions flexibles de calibrage et de gestion des basses, le 7382A est con\u00e7u pour \u00eatre utilis\u00e9 dans les audis de mixage film, les studios de musique et les home cin\u00e9mas haut de gamme. Avec une plage d\u2019utilisation de 15 \u00e0 100Hz, ce caisson de grave offre une tenue en fr\u00e9quence exceptionnelle.<\/p>\n<p>&nbsp;<\/p>\n<p><strong>Applications<\/strong> : mixage cin\u00e9ma, musique et home cin\u00e9mas haut de gamme<\/p>\n","protected":false},"excerpt":{"rendered":"<p>Subwoofer amplifi\u00e9 SAM 3 x 15\u201d<br \/>\n\u2013 SPL : 129 dB.<br \/>\n\u2013 Amplification : 2500 W (classe D).<br \/>\n\u2013 Compatible GLM.<br \/>\n\u2013 R\u00e9ponse en fr\u00e9quence : 15 Hz &#8211; 100 Hz (-6 dB) \/ LFE 15 Hz &#8211; 120 Hz (-6 dB).<br \/>\n\u2013 Une unit\u00e9 d\u2019amplification RAM-XL calibr\u00e9e individuellement avec un c\u00e2ble d\u2019alimentation, un c\u00e2ble RJ45 de 5 m et 1 c\u00e2ble speakon de 10 m sont fournis.<\/p>\n","protected":false},"featured_media":12325,"template":"","meta":{"_acf_changed":false},"product_brand":[],"product_cat":[2166,2167],"product_tag":[],"class_list":{"0":"post-12324","1":"product","2":"type-product","3":"status-publish","4":"has-post-thumbnail","6":"product_cat-caissons-de-graves","7":"product_cat-subwoofer","8":"product_series-serie-7000-subwoofers","10":"first","11":"instock","12":"shipping-taxable","13":"product-type-simple"},"acf":[],"yoast_head":"<!-- This site is optimized with the Yoast SEO plugin v27.1.1 - https:\/\/yoast.com\/product\/yoast-seo-wordpress\/ -->\n<title>7382A SAM\u2122 - FR Audio-Technica Distribution<\/title>\n<meta name=\"description\" content=\"Le 7382A est le subwoofer le plus puissant de la gamme Genelec. Il peut \u00eatre utilis\u00e9 dans les audis de mixage film, les studios de musique entre autres...\" \/>\n<meta name=\"robots\" content=\"index, follow, max-snippet:-1, max-image-preview:large, max-video-preview:-1\" \/>\n<link rel=\"canonical\" href=\"https:\/\/distribution.audio-technica.eu\/fr-fr\/produits\/7382a-sam\/\" \/>\n<meta property=\"og:locale\" content=\"fr_FR\" \/>\n<meta property=\"og:type\" content=\"article\" \/>\n<meta property=\"og:title\" content=\"7382A SAM\u2122 - FR Audio-Technica Distribution\" \/>\n<meta property=\"og:description\" content=\"Le 7382A est le subwoofer le plus puissant de la gamme Genelec. Il peut \u00eatre utilis\u00e9 dans les audis de mixage film, les studios de musique entre autres...\" \/>\n<meta property=\"og:url\" content=\"https:\/\/distribution.audio-technica.eu\/fr-fr\/produits\/7382a-sam\/\" \/>\n<meta property=\"og:site_name\" content=\"FR Audio-Technica Distribution\" \/>\n<meta property=\"article:modified_time\" content=\"2024-09-25T15:43:28+00:00\" \/>\n<meta property=\"og:image\" content=\"https:\/\/distribution.audio-technica.eu\/app\/uploads\/sites\/3\/7382-1.jpg\" \/>\n\t<meta property=\"og:image:width\" content=\"835\" \/>\n\t<meta property=\"og:image:height\" content=\"835\" \/>\n\t<meta property=\"og:image:type\" content=\"image\/jpeg\" \/>\n<meta name=\"twitter:card\" content=\"summary_large_image\" \/>\n<meta name=\"twitter:label1\" content=\"Dur\u00e9e de lecture estim\u00e9e\" \/>\n\t<meta name=\"twitter:data1\" content=\"1 minute\" \/>\n<script type=\"application\/ld+json\" class=\"yoast-schema-graph\">{\"@context\":\"https:\/\/schema.org\",\"@graph\":[{\"@type\":\"WebPage\",\"@id\":\"https:\/\/distribution.audio-technica.eu\/fr-fr\/produits\/7382a-sam\/\",\"url\":\"https:\/\/distribution.audio-technica.eu\/fr-fr\/produits\/7382a-sam\/\",\"name\":\"7382A SAM\u2122 - FR Audio-Technica Distribution\",\"isPartOf\":{\"@id\":\"https:\/\/distribution.audio-technica.eu\/fr-fr\/#website\"},\"primaryImageOfPage\":{\"@id\":\"https:\/\/distribution.audio-technica.eu\/fr-fr\/produits\/7382a-sam\/#primaryimage\"},\"image\":{\"@id\":\"https:\/\/distribution.audio-technica.eu\/fr-fr\/produits\/7382a-sam\/#primaryimage\"},\"thumbnailUrl\":\"\/app\/uploads\/sites\/3\/7382-1.jpg\",\"datePublished\":\"2024-09-25T15:36:16+00:00\",\"dateModified\":\"2024-09-25T15:43:28+00:00\",\"description\":\"Le 7382A est le subwoofer le plus puissant de la gamme Genelec. Il peut \u00eatre utilis\u00e9 dans les audis de mixage film, les studios de musique entre autres...\",\"breadcrumb\":{\"@id\":\"https:\/\/distribution.audio-technica.eu\/fr-fr\/produits\/7382a-sam\/#breadcrumb\"},\"inLanguage\":\"fr-FR\",\"potentialAction\":[{\"@type\":\"ReadAction\",\"target\":[\"https:\/\/distribution.audio-technica.eu\/fr-fr\/produits\/7382a-sam\/\"]}]},{\"@type\":\"ImageObject\",\"inLanguage\":\"fr-FR\",\"@id\":\"https:\/\/distribution.audio-technica.eu\/fr-fr\/produits\/7382a-sam\/#primaryimage\",\"url\":\"\/app\/uploads\/sites\/3\/7382-1.jpg\",\"contentUrl\":\"\/app\/uploads\/sites\/3\/7382-1.jpg\",\"width\":835,\"height\":835},{\"@type\":\"BreadcrumbList\",\"@id\":\"https:\/\/distribution.audio-technica.eu\/fr-fr\/produits\/7382a-sam\/#breadcrumb\",\"itemListElement\":[{\"@type\":\"ListItem\",\"position\":1,\"name\":\"Products\",\"item\":\"https:\/\/distribution.audio-technica.eu\/fr-fr\/\"},{\"@type\":\"ListItem\",\"position\":2,\"name\":\"Produits\",\"item\":\"https:\/\/distribution.audio-technica.eu\/fr-fr\/produits\/\"},{\"@type\":\"ListItem\",\"position\":3,\"name\":\"7382A SAM\u2122\"}]},{\"@type\":\"WebSite\",\"@id\":\"https:\/\/distribution.audio-technica.eu\/fr-fr\/#website\",\"url\":\"https:\/\/distribution.audio-technica.eu\/fr-fr\/\",\"name\":\"FR Audio-Technica Distribution\",\"description\":\"\",\"potentialAction\":[{\"@type\":\"SearchAction\",\"target\":{\"@type\":\"EntryPoint\",\"urlTemplate\":\"https:\/\/distribution.audio-technica.eu\/fr-fr\/?s={search_term_string}\"},\"query-input\":{\"@type\":\"PropertyValueSpecification\",\"valueRequired\":true,\"valueName\":\"search_term_string\"}}],\"inLanguage\":\"fr-FR\"}]}<\/script>\n<!-- \/ Yoast SEO plugin. -->","yoast_head_json":{"title":"7382A SAM\u2122 - FR Audio-Technica Distribution","description":"Le 7382A est le subwoofer le plus puissant de la gamme Genelec. Il peut \u00eatre utilis\u00e9 dans les audis de mixage film, les studios de musique entre autres...","robots":{"index":"index","follow":"follow","max-snippet":"max-snippet:-1","max-image-preview":"max-image-preview:large","max-video-preview":"max-video-preview:-1"},"canonical":"https:\/\/distribution.audio-technica.eu\/fr-fr\/produits\/7382a-sam\/","og_locale":"fr_FR","og_type":"article","og_title":"7382A SAM\u2122 - FR Audio-Technica Distribution","og_description":"Le 7382A est le subwoofer le plus puissant de la gamme Genelec. Il peut \u00eatre utilis\u00e9 dans les audis de mixage film, les studios de musique entre autres...","og_url":"https:\/\/distribution.audio-technica.eu\/fr-fr\/produits\/7382a-sam\/","og_site_name":"FR Audio-Technica Distribution","article_modified_time":"2024-09-25T15:43:28+00:00","og_image":[{"width":835,"height":835,"url":"https:\/\/distribution.audio-technica.eu\/app\/uploads\/sites\/3\/7382-1.jpg","type":"image\/jpeg"}],"twitter_card":"summary_large_image","twitter_misc":{"Dur\u00e9e de lecture estim\u00e9e":"1 minute"},"schema":{"@context":"https:\/\/schema.org","@graph":[{"@type":"WebPage","@id":"https:\/\/distribution.audio-technica.eu\/fr-fr\/produits\/7382a-sam\/","url":"https:\/\/distribution.audio-technica.eu\/fr-fr\/produits\/7382a-sam\/","name":"7382A SAM\u2122 - FR Audio-Technica Distribution","isPartOf":{"@id":"https:\/\/distribution.audio-technica.eu\/fr-fr\/#website"},"primaryImageOfPage":{"@id":"https:\/\/distribution.audio-technica.eu\/fr-fr\/produits\/7382a-sam\/#primaryimage"},"image":{"@id":"https:\/\/distribution.audio-technica.eu\/fr-fr\/produits\/7382a-sam\/#primaryimage"},"thumbnailUrl":"\/app\/uploads\/sites\/3\/7382-1.jpg","datePublished":"2024-09-25T15:36:16+00:00","dateModified":"2024-09-25T15:43:28+00:00","description":"Le 7382A est le subwoofer le plus puissant de la gamme Genelec. Il peut \u00eatre utilis\u00e9 dans les audis de mixage film, les studios de musique entre autres...","breadcrumb":{"@id":"https:\/\/distribution.audio-technica.eu\/fr-fr\/produits\/7382a-sam\/#breadcrumb"},"inLanguage":"fr-FR","potentialAction":[{"@type":"ReadAction","target":["https:\/\/distribution.audio-technica.eu\/fr-fr\/produits\/7382a-sam\/"]}]},{"@type":"ImageObject","inLanguage":"fr-FR","@id":"https:\/\/distribution.audio-technica.eu\/fr-fr\/produits\/7382a-sam\/#primaryimage","url":"\/app\/uploads\/sites\/3\/7382-1.jpg","contentUrl":"\/app\/uploads\/sites\/3\/7382-1.jpg","width":835,"height":835},{"@type":"BreadcrumbList","@id":"https:\/\/distribution.audio-technica.eu\/fr-fr\/produits\/7382a-sam\/#breadcrumb","itemListElement":[{"@type":"ListItem","position":1,"name":"Products","item":"https:\/\/distribution.audio-technica.eu\/fr-fr\/"},{"@type":"ListItem","position":2,"name":"Produits","item":"https:\/\/distribution.audio-technica.eu\/fr-fr\/produits\/"},{"@type":"ListItem","position":3,"name":"7382A SAM\u2122"}]},{"@type":"WebSite","@id":"https:\/\/distribution.audio-technica.eu\/fr-fr\/#website","url":"https:\/\/distribution.audio-technica.eu\/fr-fr\/","name":"FR Audio-Technica Distribution","description":"","potentialAction":[{"@type":"SearchAction","target":{"@type":"EntryPoint","urlTemplate":"https:\/\/distribution.audio-technica.eu\/fr-fr\/?s={search_term_string}"},"query-input":{"@type":"PropertyValueSpecification","valueRequired":true,"valueName":"search_term_string"}}],"inLanguage":"fr-FR"}]}},"_links":{"self":[{"href":"https:\/\/distribution.audio-technica.eu\/fr-fr\/wp-json\/wp\/v2\/product\/12324","targetHints":{"allow":["GET"]}}],"collection":[{"href":"https:\/\/distribution.audio-technica.eu\/fr-fr\/wp-json\/wp\/v2\/product"}],"about":[{"href":"https:\/\/distribution.audio-technica.eu\/fr-fr\/wp-json\/wp\/v2\/types\/product"}],"wp:featuredmedia":[{"embeddable":true,"href":"https:\/\/distribution.audio-technica.eu\/fr-fr\/wp-json\/wp\/v2\/media\/12325"}],"wp:attachment":[{"href":"https:\/\/distribution.audio-technica.eu\/fr-fr\/wp-json\/wp\/v2\/media?parent=12324"}],"wp:term":[{"taxonomy":"product_brand","embeddable":true,"href":"https:\/\/distribution.audio-technica.eu\/fr-fr\/wp-json\/wp\/v2\/product_brand?post=12324"},{"taxonomy":"product_cat","embeddable":true,"href":"https:\/\/distribution.audio-technica.eu\/fr-fr\/wp-json\/wp\/v2\/product_cat?post=12324"},{"taxonomy":"product_tag","embeddable":true,"href":"https:\/\/distribution.audio-technica.eu\/fr-fr\/wp-json\/wp\/v2\/product_tag?post=12324"}],"curies":[{"name":"wp","href":"https:\/\/api.w.org\/{rel}","templated":true}]}}