{"id":12337,"date":"2024-09-27T11:11:43","date_gmt":"2024-09-27T10:11:43","guid":{"rendered":"https:\/\/distribution.audio-technica.eu\/fr-fr\/?post_type=product&#038;p=12337"},"modified":"2024-09-27T11:19:52","modified_gmt":"2024-09-27T10:19:52","slug":"9301b","status":"publish","type":"product","link":"https:\/\/distribution.audio-technica.eu\/fr-fr\/produits\/9301b\/","title":{"rendered":"9301B"},"content":{"rendered":"<p>Cette interface d\u2019extension AES3 offre 16 entr\u00e9es et 16 sorties sur DB-25, permettant des configurations immersives allant jusqu\u2019au 9.1.6. Elle inclut \u00e9galement une sortie subwoofer suppl\u00e9mentaire en AES 3 sur XLR. La calibration de la pi\u00e8ce est r\u00e9alis\u00e9e gr\u00e2ce au syst\u00e8me GLM. De plus, il est possible de connecter une deuxi\u00e8me unit\u00e9 pour \u00e9tendre le setup jusqu\u2019au 22.2. Il s\u2019agit d\u2019un produit d\u2019extension indispensable pour toute configuration immersive en AES 3.<\/p>\n","protected":false},"excerpt":{"rendered":"<p>Interface multicanal AES<br \/>\n\u2013 16 canaux d\u2019entr\u00e9es et de sorties num\u00e9riques, dont une sortie subwoofer XLR<br \/>\n\u2013 Format audio num\u00e9rique : AES\/EBU (AES3)<br \/>\n\u2013 R\u00e9solution de 16 \u00e0 24 bits<br \/>\n\u2013 Fr\u00e9quences d\u2019\u00e9chantillonnage 32kHz \u00e0 192kHz<\/p>\n","protected":false},"featured_media":12338,"template":"","meta":{"_acf_changed":false},"product_brand":[],"product_cat":[2169],"product_tag":[],"class_list":{"0":"post-12337","1":"product","2":"type-product","3":"status-publish","4":"has-post-thumbnail","6":"product_cat-interface","8":"first","9":"instock","10":"shipping-taxable","11":"product-type-simple"},"acf":[],"yoast_head":"<!-- This site is optimized with the Yoast SEO plugin v27.1.1 - https:\/\/yoast.com\/product\/yoast-seo-wordpress\/ -->\n<title>9301B - FR Audio-Technica Distribution<\/title>\n<meta name=\"robots\" content=\"index, follow, max-snippet:-1, max-image-preview:large, max-video-preview:-1\" \/>\n<link rel=\"canonical\" href=\"https:\/\/distribution.audio-technica.eu\/fr-fr\/produits\/9301b\/\" \/>\n<meta property=\"og:locale\" content=\"fr_FR\" \/>\n<meta property=\"og:type\" content=\"article\" \/>\n<meta property=\"og:title\" content=\"9301B - FR Audio-Technica Distribution\" \/>\n<meta property=\"og:description\" content=\"Interface multicanal AES \u2013 16 canaux d\u2019entr\u00e9es et de sorties num\u00e9riques, dont une sortie subwoofer XLR \u2013 Format audio num\u00e9rique : AES\/EBU (AES3) \u2013 R\u00e9solution de 16 \u00e0 24 bits \u2013 Fr\u00e9quences d\u2019\u00e9chantillonnage 32kHz \u00e0 192kHz\" \/>\n<meta property=\"og:url\" content=\"https:\/\/distribution.audio-technica.eu\/fr-fr\/produits\/9301b\/\" \/>\n<meta property=\"og:site_name\" content=\"FR Audio-Technica Distribution\" \/>\n<meta property=\"article:modified_time\" content=\"2024-09-27T10:19:52+00:00\" \/>\n<meta property=\"og:image\" content=\"https:\/\/distribution.audio-technica.eu\/app\/uploads\/sites\/3\/9301B_1.jpg\" \/>\n\t<meta property=\"og:image:width\" content=\"769\" \/>\n\t<meta property=\"og:image:height\" content=\"755\" \/>\n\t<meta property=\"og:image:type\" content=\"image\/jpeg\" \/>\n<meta name=\"twitter:card\" content=\"summary_large_image\" \/>\n<meta name=\"twitter:label1\" content=\"Dur\u00e9e de lecture estim\u00e9e\" \/>\n\t<meta name=\"twitter:data1\" content=\"1 minute\" \/>\n<script type=\"application\/ld+json\" class=\"yoast-schema-graph\">{\"@context\":\"https:\/\/schema.org\",\"@graph\":[{\"@type\":\"WebPage\",\"@id\":\"https:\/\/distribution.audio-technica.eu\/fr-fr\/produits\/9301b\/\",\"url\":\"https:\/\/distribution.audio-technica.eu\/fr-fr\/produits\/9301b\/\",\"name\":\"9301B - FR Audio-Technica Distribution\",\"isPartOf\":{\"@id\":\"https:\/\/distribution.audio-technica.eu\/fr-fr\/#website\"},\"primaryImageOfPage\":{\"@id\":\"https:\/\/distribution.audio-technica.eu\/fr-fr\/produits\/9301b\/#primaryimage\"},\"image\":{\"@id\":\"https:\/\/distribution.audio-technica.eu\/fr-fr\/produits\/9301b\/#primaryimage\"},\"thumbnailUrl\":\"\/app\/uploads\/sites\/3\/9301B_1.jpg\",\"datePublished\":\"2024-09-27T10:11:43+00:00\",\"dateModified\":\"2024-09-27T10:19:52+00:00\",\"breadcrumb\":{\"@id\":\"https:\/\/distribution.audio-technica.eu\/fr-fr\/produits\/9301b\/#breadcrumb\"},\"inLanguage\":\"fr-FR\",\"potentialAction\":[{\"@type\":\"ReadAction\",\"target\":[\"https:\/\/distribution.audio-technica.eu\/fr-fr\/produits\/9301b\/\"]}]},{\"@type\":\"ImageObject\",\"inLanguage\":\"fr-FR\",\"@id\":\"https:\/\/distribution.audio-technica.eu\/fr-fr\/produits\/9301b\/#primaryimage\",\"url\":\"\/app\/uploads\/sites\/3\/9301B_1.jpg\",\"contentUrl\":\"\/app\/uploads\/sites\/3\/9301B_1.jpg\",\"width\":769,\"height\":755},{\"@type\":\"BreadcrumbList\",\"@id\":\"https:\/\/distribution.audio-technica.eu\/fr-fr\/produits\/9301b\/#breadcrumb\",\"itemListElement\":[{\"@type\":\"ListItem\",\"position\":1,\"name\":\"Products\",\"item\":\"https:\/\/distribution.audio-technica.eu\/fr-fr\/\"},{\"@type\":\"ListItem\",\"position\":2,\"name\":\"Produits\",\"item\":\"https:\/\/distribution.audio-technica.eu\/fr-fr\/produits\/\"},{\"@type\":\"ListItem\",\"position\":3,\"name\":\"9301B\"}]},{\"@type\":\"WebSite\",\"@id\":\"https:\/\/distribution.audio-technica.eu\/fr-fr\/#website\",\"url\":\"https:\/\/distribution.audio-technica.eu\/fr-fr\/\",\"name\":\"FR Audio-Technica Distribution\",\"description\":\"\",\"potentialAction\":[{\"@type\":\"SearchAction\",\"target\":{\"@type\":\"EntryPoint\",\"urlTemplate\":\"https:\/\/distribution.audio-technica.eu\/fr-fr\/?s={search_term_string}\"},\"query-input\":{\"@type\":\"PropertyValueSpecification\",\"valueRequired\":true,\"valueName\":\"search_term_string\"}}],\"inLanguage\":\"fr-FR\"}]}<\/script>\n<!-- \/ Yoast SEO plugin. -->","yoast_head_json":{"title":"9301B - FR Audio-Technica Distribution","robots":{"index":"index","follow":"follow","max-snippet":"max-snippet:-1","max-image-preview":"max-image-preview:large","max-video-preview":"max-video-preview:-1"},"canonical":"https:\/\/distribution.audio-technica.eu\/fr-fr\/produits\/9301b\/","og_locale":"fr_FR","og_type":"article","og_title":"9301B - FR Audio-Technica Distribution","og_description":"Interface multicanal AES \u2013 16 canaux d\u2019entr\u00e9es et de sorties num\u00e9riques, dont une sortie subwoofer XLR \u2013 Format audio num\u00e9rique : AES\/EBU (AES3) \u2013 R\u00e9solution de 16 \u00e0 24 bits \u2013 Fr\u00e9quences d\u2019\u00e9chantillonnage 32kHz \u00e0 192kHz","og_url":"https:\/\/distribution.audio-technica.eu\/fr-fr\/produits\/9301b\/","og_site_name":"FR Audio-Technica Distribution","article_modified_time":"2024-09-27T10:19:52+00:00","og_image":[{"width":769,"height":755,"url":"https:\/\/distribution.audio-technica.eu\/app\/uploads\/sites\/3\/9301B_1.jpg","type":"image\/jpeg"}],"twitter_card":"summary_large_image","twitter_misc":{"Dur\u00e9e de lecture estim\u00e9e":"1 minute"},"schema":{"@context":"https:\/\/schema.org","@graph":[{"@type":"WebPage","@id":"https:\/\/distribution.audio-technica.eu\/fr-fr\/produits\/9301b\/","url":"https:\/\/distribution.audio-technica.eu\/fr-fr\/produits\/9301b\/","name":"9301B - FR Audio-Technica Distribution","isPartOf":{"@id":"https:\/\/distribution.audio-technica.eu\/fr-fr\/#website"},"primaryImageOfPage":{"@id":"https:\/\/distribution.audio-technica.eu\/fr-fr\/produits\/9301b\/#primaryimage"},"image":{"@id":"https:\/\/distribution.audio-technica.eu\/fr-fr\/produits\/9301b\/#primaryimage"},"thumbnailUrl":"\/app\/uploads\/sites\/3\/9301B_1.jpg","datePublished":"2024-09-27T10:11:43+00:00","dateModified":"2024-09-27T10:19:52+00:00","breadcrumb":{"@id":"https:\/\/distribution.audio-technica.eu\/fr-fr\/produits\/9301b\/#breadcrumb"},"inLanguage":"fr-FR","potentialAction":[{"@type":"ReadAction","target":["https:\/\/distribution.audio-technica.eu\/fr-fr\/produits\/9301b\/"]}]},{"@type":"ImageObject","inLanguage":"fr-FR","@id":"https:\/\/distribution.audio-technica.eu\/fr-fr\/produits\/9301b\/#primaryimage","url":"\/app\/uploads\/sites\/3\/9301B_1.jpg","contentUrl":"\/app\/uploads\/sites\/3\/9301B_1.jpg","width":769,"height":755},{"@type":"BreadcrumbList","@id":"https:\/\/distribution.audio-technica.eu\/fr-fr\/produits\/9301b\/#breadcrumb","itemListElement":[{"@type":"ListItem","position":1,"name":"Products","item":"https:\/\/distribution.audio-technica.eu\/fr-fr\/"},{"@type":"ListItem","position":2,"name":"Produits","item":"https:\/\/distribution.audio-technica.eu\/fr-fr\/produits\/"},{"@type":"ListItem","position":3,"name":"9301B"}]},{"@type":"WebSite","@id":"https:\/\/distribution.audio-technica.eu\/fr-fr\/#website","url":"https:\/\/distribution.audio-technica.eu\/fr-fr\/","name":"FR Audio-Technica Distribution","description":"","potentialAction":[{"@type":"SearchAction","target":{"@type":"EntryPoint","urlTemplate":"https:\/\/distribution.audio-technica.eu\/fr-fr\/?s={search_term_string}"},"query-input":{"@type":"PropertyValueSpecification","valueRequired":true,"valueName":"search_term_string"}}],"inLanguage":"fr-FR"}]}},"_links":{"self":[{"href":"https:\/\/distribution.audio-technica.eu\/fr-fr\/wp-json\/wp\/v2\/product\/12337","targetHints":{"allow":["GET"]}}],"collection":[{"href":"https:\/\/distribution.audio-technica.eu\/fr-fr\/wp-json\/wp\/v2\/product"}],"about":[{"href":"https:\/\/distribution.audio-technica.eu\/fr-fr\/wp-json\/wp\/v2\/types\/product"}],"wp:featuredmedia":[{"embeddable":true,"href":"https:\/\/distribution.audio-technica.eu\/fr-fr\/wp-json\/wp\/v2\/media\/12338"}],"wp:attachment":[{"href":"https:\/\/distribution.audio-technica.eu\/fr-fr\/wp-json\/wp\/v2\/media?parent=12337"}],"wp:term":[{"taxonomy":"product_brand","embeddable":true,"href":"https:\/\/distribution.audio-technica.eu\/fr-fr\/wp-json\/wp\/v2\/product_brand?post=12337"},{"taxonomy":"product_cat","embeddable":true,"href":"https:\/\/distribution.audio-technica.eu\/fr-fr\/wp-json\/wp\/v2\/product_cat?post=12337"},{"taxonomy":"product_tag","embeddable":true,"href":"https:\/\/distribution.audio-technica.eu\/fr-fr\/wp-json\/wp\/v2\/product_tag?post=12337"}],"curies":[{"name":"wp","href":"https:\/\/api.w.org\/{rel}","templated":true}]}}