{"id":12342,"date":"2024-09-27T11:19:25","date_gmt":"2024-09-27T10:19:25","guid":{"rendered":"https:\/\/distribution.audio-technica.eu\/fr-fr\/?post_type=product&#038;p=12342"},"modified":"2024-09-27T11:19:26","modified_gmt":"2024-09-27T10:19:26","slug":"9401a","status":"publish","type":"product","link":"https:\/\/distribution.audio-technica.eu\/fr-fr\/produits\/9401a\/","title":{"rendered":"9401A"},"content":{"rendered":"<p>Ce convertisseur propose 16 canaux AoIP \/ ST2110 \/ AES67 \/ RAVENNA vers 16 canaux AES, utilisant un connecteur DB-25 (au format AES59-2012 avec c\u00e2blage Tascam). Il prend en charge des fr\u00e9quences d\u2019\u00e9chantillonnage allant de 44.1 \u00e0 192 kHz avec une r\u00e9solution de 16 \u00e0 32 bits. Cette interface fait partie de la nouvelle plateforme UNIO et, offre la possibilit\u00e9 d\u2019utiliser les enceintes Genelec de la s\u00e9rie SAM et The Ones en AES \u00e0 partir d\u2019une connexion r\u00e9seau. Ce produit se r\u00e9v\u00e8le particuli\u00e8rement utile dans le cadre d\u2019un c\u00e2blage num\u00e9rique \u00e9tendu depuis une r\u00e9gie ou un nodal, permettant de b\u00e9n\u00e9ficier du syst\u00e8me de calibration de pi\u00e8ces GLM.<\/p>\n","protected":false},"excerpt":{"rendered":"<p>Convertisseur AoIP &#8211; AES\/EBU<br \/>\n\u2013 Connecteur DB25 de sortie AES dot\u00e9 du brochage AES59-2012<br \/>\n\u2013 Entr\u00e9e secteur universelle (100-240 VCA) sur un connecteur CEI<br \/>\n\u2013 Consomme 12 W en fonctionnement normal, mode d\u2019\u00e9conomie d\u2019\u00e9nergie ISS &lt; 2 W<br \/>\n\u2013 Bo\u00eetier \u00e0 montage en rack haut 1U<br \/>\n\u2013 Livr\u00e9 avec un c\u00e2ble secteur et un c\u00e2ble CAT5\/RJ45 pour le r\u00e9seau GLM.<\/p>\n","protected":false},"featured_media":12343,"template":"","meta":{"_acf_changed":false},"product_brand":[],"product_cat":[2169],"product_tag":[],"class_list":{"0":"post-12342","1":"product","2":"type-product","3":"status-publish","4":"has-post-thumbnail","6":"product_cat-interface","8":"first","9":"instock","10":"shipping-taxable","11":"product-type-simple"},"acf":[],"yoast_head":"<!-- This site is optimized with the Yoast SEO plugin v27.1.1 - https:\/\/yoast.com\/product\/yoast-seo-wordpress\/ -->\n<title>9401A - FR Audio-Technica Distribution<\/title>\n<meta name=\"robots\" content=\"index, follow, max-snippet:-1, max-image-preview:large, max-video-preview:-1\" \/>\n<link rel=\"canonical\" href=\"https:\/\/distribution.audio-technica.eu\/fr-fr\/produits\/9401a\/\" \/>\n<meta property=\"og:locale\" content=\"fr_FR\" \/>\n<meta property=\"og:type\" content=\"article\" \/>\n<meta property=\"og:title\" content=\"9401A - FR Audio-Technica Distribution\" \/>\n<meta property=\"og:description\" content=\"Convertisseur AoIP - AES\/EBU \u2013 Connecteur DB25 de sortie AES dot\u00e9 du brochage AES59-2012 \u2013 Entr\u00e9e secteur universelle (100-240 VCA) sur un connecteur CEI \u2013 Consomme 12 W en fonctionnement normal, mode d\u2019\u00e9conomie d\u2019\u00e9nergie ISS &lt; 2 W \u2013 Bo\u00eetier \u00e0 montage en rack haut 1U \u2013 Livr\u00e9 avec un c\u00e2ble secteur et un c\u00e2ble CAT5\/RJ45 pour le r\u00e9seau GLM.\" \/>\n<meta property=\"og:url\" content=\"https:\/\/distribution.audio-technica.eu\/fr-fr\/produits\/9401a\/\" \/>\n<meta property=\"og:site_name\" content=\"FR Audio-Technica Distribution\" \/>\n<meta property=\"article:modified_time\" content=\"2024-09-27T10:19:26+00:00\" \/>\n<meta property=\"og:image\" content=\"https:\/\/distribution.audio-technica.eu\/app\/uploads\/sites\/3\/9401A_1.jpg\" \/>\n\t<meta property=\"og:image:width\" content=\"1002\" \/>\n\t<meta property=\"og:image:height\" content=\"776\" \/>\n\t<meta property=\"og:image:type\" content=\"image\/jpeg\" \/>\n<meta name=\"twitter:card\" content=\"summary_large_image\" \/>\n<meta name=\"twitter:label1\" content=\"Dur\u00e9e de lecture estim\u00e9e\" \/>\n\t<meta name=\"twitter:data1\" content=\"1 minute\" \/>\n<script type=\"application\/ld+json\" class=\"yoast-schema-graph\">{\"@context\":\"https:\/\/schema.org\",\"@graph\":[{\"@type\":\"WebPage\",\"@id\":\"https:\/\/distribution.audio-technica.eu\/fr-fr\/produits\/9401a\/\",\"url\":\"https:\/\/distribution.audio-technica.eu\/fr-fr\/produits\/9401a\/\",\"name\":\"9401A - FR Audio-Technica Distribution\",\"isPartOf\":{\"@id\":\"https:\/\/distribution.audio-technica.eu\/fr-fr\/#website\"},\"primaryImageOfPage\":{\"@id\":\"https:\/\/distribution.audio-technica.eu\/fr-fr\/produits\/9401a\/#primaryimage\"},\"image\":{\"@id\":\"https:\/\/distribution.audio-technica.eu\/fr-fr\/produits\/9401a\/#primaryimage\"},\"thumbnailUrl\":\"\/app\/uploads\/sites\/3\/9401A_1.jpg\",\"datePublished\":\"2024-09-27T10:19:25+00:00\",\"dateModified\":\"2024-09-27T10:19:26+00:00\",\"breadcrumb\":{\"@id\":\"https:\/\/distribution.audio-technica.eu\/fr-fr\/produits\/9401a\/#breadcrumb\"},\"inLanguage\":\"fr-FR\",\"potentialAction\":[{\"@type\":\"ReadAction\",\"target\":[\"https:\/\/distribution.audio-technica.eu\/fr-fr\/produits\/9401a\/\"]}]},{\"@type\":\"ImageObject\",\"inLanguage\":\"fr-FR\",\"@id\":\"https:\/\/distribution.audio-technica.eu\/fr-fr\/produits\/9401a\/#primaryimage\",\"url\":\"\/app\/uploads\/sites\/3\/9401A_1.jpg\",\"contentUrl\":\"\/app\/uploads\/sites\/3\/9401A_1.jpg\",\"width\":1002,\"height\":776},{\"@type\":\"BreadcrumbList\",\"@id\":\"https:\/\/distribution.audio-technica.eu\/fr-fr\/produits\/9401a\/#breadcrumb\",\"itemListElement\":[{\"@type\":\"ListItem\",\"position\":1,\"name\":\"Products\",\"item\":\"https:\/\/distribution.audio-technica.eu\/fr-fr\/\"},{\"@type\":\"ListItem\",\"position\":2,\"name\":\"Produits\",\"item\":\"https:\/\/distribution.audio-technica.eu\/fr-fr\/produits\/\"},{\"@type\":\"ListItem\",\"position\":3,\"name\":\"9401A\"}]},{\"@type\":\"WebSite\",\"@id\":\"https:\/\/distribution.audio-technica.eu\/fr-fr\/#website\",\"url\":\"https:\/\/distribution.audio-technica.eu\/fr-fr\/\",\"name\":\"FR Audio-Technica Distribution\",\"description\":\"\",\"potentialAction\":[{\"@type\":\"SearchAction\",\"target\":{\"@type\":\"EntryPoint\",\"urlTemplate\":\"https:\/\/distribution.audio-technica.eu\/fr-fr\/?s={search_term_string}\"},\"query-input\":{\"@type\":\"PropertyValueSpecification\",\"valueRequired\":true,\"valueName\":\"search_term_string\"}}],\"inLanguage\":\"fr-FR\"}]}<\/script>\n<!-- \/ Yoast SEO plugin. -->","yoast_head_json":{"title":"9401A - FR Audio-Technica Distribution","robots":{"index":"index","follow":"follow","max-snippet":"max-snippet:-1","max-image-preview":"max-image-preview:large","max-video-preview":"max-video-preview:-1"},"canonical":"https:\/\/distribution.audio-technica.eu\/fr-fr\/produits\/9401a\/","og_locale":"fr_FR","og_type":"article","og_title":"9401A - FR Audio-Technica Distribution","og_description":"Convertisseur AoIP - AES\/EBU \u2013 Connecteur DB25 de sortie AES dot\u00e9 du brochage AES59-2012 \u2013 Entr\u00e9e secteur universelle (100-240 VCA) sur un connecteur CEI \u2013 Consomme 12 W en fonctionnement normal, mode d\u2019\u00e9conomie d\u2019\u00e9nergie ISS &lt; 2 W \u2013 Bo\u00eetier \u00e0 montage en rack haut 1U \u2013 Livr\u00e9 avec un c\u00e2ble secteur et un c\u00e2ble CAT5\/RJ45 pour le r\u00e9seau GLM.","og_url":"https:\/\/distribution.audio-technica.eu\/fr-fr\/produits\/9401a\/","og_site_name":"FR Audio-Technica Distribution","article_modified_time":"2024-09-27T10:19:26+00:00","og_image":[{"width":1002,"height":776,"url":"https:\/\/distribution.audio-technica.eu\/app\/uploads\/sites\/3\/9401A_1.jpg","type":"image\/jpeg"}],"twitter_card":"summary_large_image","twitter_misc":{"Dur\u00e9e de lecture estim\u00e9e":"1 minute"},"schema":{"@context":"https:\/\/schema.org","@graph":[{"@type":"WebPage","@id":"https:\/\/distribution.audio-technica.eu\/fr-fr\/produits\/9401a\/","url":"https:\/\/distribution.audio-technica.eu\/fr-fr\/produits\/9401a\/","name":"9401A - FR Audio-Technica Distribution","isPartOf":{"@id":"https:\/\/distribution.audio-technica.eu\/fr-fr\/#website"},"primaryImageOfPage":{"@id":"https:\/\/distribution.audio-technica.eu\/fr-fr\/produits\/9401a\/#primaryimage"},"image":{"@id":"https:\/\/distribution.audio-technica.eu\/fr-fr\/produits\/9401a\/#primaryimage"},"thumbnailUrl":"\/app\/uploads\/sites\/3\/9401A_1.jpg","datePublished":"2024-09-27T10:19:25+00:00","dateModified":"2024-09-27T10:19:26+00:00","breadcrumb":{"@id":"https:\/\/distribution.audio-technica.eu\/fr-fr\/produits\/9401a\/#breadcrumb"},"inLanguage":"fr-FR","potentialAction":[{"@type":"ReadAction","target":["https:\/\/distribution.audio-technica.eu\/fr-fr\/produits\/9401a\/"]}]},{"@type":"ImageObject","inLanguage":"fr-FR","@id":"https:\/\/distribution.audio-technica.eu\/fr-fr\/produits\/9401a\/#primaryimage","url":"\/app\/uploads\/sites\/3\/9401A_1.jpg","contentUrl":"\/app\/uploads\/sites\/3\/9401A_1.jpg","width":1002,"height":776},{"@type":"BreadcrumbList","@id":"https:\/\/distribution.audio-technica.eu\/fr-fr\/produits\/9401a\/#breadcrumb","itemListElement":[{"@type":"ListItem","position":1,"name":"Products","item":"https:\/\/distribution.audio-technica.eu\/fr-fr\/"},{"@type":"ListItem","position":2,"name":"Produits","item":"https:\/\/distribution.audio-technica.eu\/fr-fr\/produits\/"},{"@type":"ListItem","position":3,"name":"9401A"}]},{"@type":"WebSite","@id":"https:\/\/distribution.audio-technica.eu\/fr-fr\/#website","url":"https:\/\/distribution.audio-technica.eu\/fr-fr\/","name":"FR Audio-Technica Distribution","description":"","potentialAction":[{"@type":"SearchAction","target":{"@type":"EntryPoint","urlTemplate":"https:\/\/distribution.audio-technica.eu\/fr-fr\/?s={search_term_string}"},"query-input":{"@type":"PropertyValueSpecification","valueRequired":true,"valueName":"search_term_string"}}],"inLanguage":"fr-FR"}]}},"_links":{"self":[{"href":"https:\/\/distribution.audio-technica.eu\/fr-fr\/wp-json\/wp\/v2\/product\/12342","targetHints":{"allow":["GET"]}}],"collection":[{"href":"https:\/\/distribution.audio-technica.eu\/fr-fr\/wp-json\/wp\/v2\/product"}],"about":[{"href":"https:\/\/distribution.audio-technica.eu\/fr-fr\/wp-json\/wp\/v2\/types\/product"}],"wp:featuredmedia":[{"embeddable":true,"href":"https:\/\/distribution.audio-technica.eu\/fr-fr\/wp-json\/wp\/v2\/media\/12343"}],"wp:attachment":[{"href":"https:\/\/distribution.audio-technica.eu\/fr-fr\/wp-json\/wp\/v2\/media?parent=12342"}],"wp:term":[{"taxonomy":"product_brand","embeddable":true,"href":"https:\/\/distribution.audio-technica.eu\/fr-fr\/wp-json\/wp\/v2\/product_brand?post=12342"},{"taxonomy":"product_cat","embeddable":true,"href":"https:\/\/distribution.audio-technica.eu\/fr-fr\/wp-json\/wp\/v2\/product_cat?post=12342"},{"taxonomy":"product_tag","embeddable":true,"href":"https:\/\/distribution.audio-technica.eu\/fr-fr\/wp-json\/wp\/v2\/product_tag?post=12342"}],"curies":[{"name":"wp","href":"https:\/\/api.w.org\/{rel}","templated":true}]}}