{"id":12461,"date":"2025-08-22T14:20:55","date_gmt":"2025-08-22T13:20:55","guid":{"rendered":"https:\/\/distribution.audio-technica.eu\/fr-fr\/?post_type=product&#038;p=12461"},"modified":"2025-08-22T14:20:55","modified_gmt":"2025-08-22T13:20:55","slug":"unio-prm","status":"publish","type":"product","link":"https:\/\/distribution.audio-technica.eu\/fr-fr\/produits\/unio-prm\/","title":{"rendered":"UNIO-PRM"},"content":{"rendered":"<p>Une exp\u00e9rience sonore in\u00e9dite en associant le 9320A et son micro 8300A \u00e0 leur nouveau casque 8550A, formant ainsi l\u2019UNIO-PRM.<\/p>\n","protected":false},"excerpt":{"rendered":"<div>L&rsquo;UNIO-PRM est la continuit\u00e9 parfaite entre casque et moniteurs SAM !<\/p>\n<p>Caract\u00e9ristiques<\/p><\/div>\n<ul>\n<li>Reproduction de votre set-up d&rsquo;enceintes au casque<\/li>\n<li>Contr\u00f4le total de votre syst\u00e8me d&rsquo;\u00e9coute via le GLM5<\/li>\n<li>Casque pour une \u00e9coute binaurale calibr\u00e9e\u00a0\u00e0 votre morphologie HRTF<\/li>\n<\/ul>\n","protected":false},"featured_media":12462,"template":"","meta":{"_acf_changed":false},"product_brand":[],"product_cat":[2179],"product_tag":[],"class_list":{"0":"post-12461","1":"product","2":"type-product","3":"status-publish","4":"has-post-thumbnail","6":"product_cat-unio-prm","8":"first","9":"instock","10":"shipping-taxable","11":"product-type-simple"},"acf":[],"yoast_head":"<!-- This site is optimized with the Yoast SEO plugin v27.1.1 - https:\/\/yoast.com\/product\/yoast-seo-wordpress\/ -->\n<title>UNIO-PRM - FR Audio-Technica Distribution<\/title>\n<meta name=\"robots\" content=\"index, follow, max-snippet:-1, max-image-preview:large, max-video-preview:-1\" \/>\n<link rel=\"canonical\" href=\"https:\/\/distribution.audio-technica.eu\/fr-fr\/produits\/unio-prm\/\" \/>\n<meta property=\"og:locale\" content=\"fr_FR\" \/>\n<meta property=\"og:type\" content=\"article\" \/>\n<meta property=\"og:title\" content=\"UNIO-PRM - FR Audio-Technica Distribution\" \/>\n<meta property=\"og:description\" content=\"L&#039;UNIO-PRM est la continuit\u00e9 parfaite entre casque et moniteurs SAM !  Caract\u00e9ristiques   Reproduction de votre set-up d&#039;enceintes au casque  Contr\u00f4le total de votre syst\u00e8me d&#039;\u00e9coute via le GLM5  Casque pour une \u00e9coute binaurale calibr\u00e9e\u00a0\u00e0 votre morphologie HRTF\" \/>\n<meta property=\"og:url\" content=\"https:\/\/distribution.audio-technica.eu\/fr-fr\/produits\/unio-prm\/\" \/>\n<meta property=\"og:site_name\" content=\"FR Audio-Technica Distribution\" \/>\n<meta property=\"og:image\" content=\"https:\/\/distribution.audio-technica.eu\/app\/uploads\/sites\/3\/UNIO-PRM-2.png\" \/>\n\t<meta property=\"og:image:width\" content=\"767\" \/>\n\t<meta property=\"og:image:height\" content=\"446\" \/>\n\t<meta property=\"og:image:type\" content=\"image\/png\" \/>\n<meta name=\"twitter:card\" content=\"summary_large_image\" \/>\n<meta name=\"twitter:label1\" content=\"Dur\u00e9e de lecture estim\u00e9e\" \/>\n\t<meta name=\"twitter:data1\" content=\"1 minute\" \/>\n<script type=\"application\/ld+json\" class=\"yoast-schema-graph\">{\"@context\":\"https:\/\/schema.org\",\"@graph\":[{\"@type\":\"WebPage\",\"@id\":\"https:\/\/distribution.audio-technica.eu\/fr-fr\/produits\/unio-prm\/\",\"url\":\"https:\/\/distribution.audio-technica.eu\/fr-fr\/produits\/unio-prm\/\",\"name\":\"UNIO-PRM - FR Audio-Technica Distribution\",\"isPartOf\":{\"@id\":\"https:\/\/distribution.audio-technica.eu\/fr-fr\/#website\"},\"primaryImageOfPage\":{\"@id\":\"https:\/\/distribution.audio-technica.eu\/fr-fr\/produits\/unio-prm\/#primaryimage\"},\"image\":{\"@id\":\"https:\/\/distribution.audio-technica.eu\/fr-fr\/produits\/unio-prm\/#primaryimage\"},\"thumbnailUrl\":\"\/app\/uploads\/sites\/3\/UNIO-PRM-2.png\",\"datePublished\":\"2025-08-22T13:20:55+00:00\",\"breadcrumb\":{\"@id\":\"https:\/\/distribution.audio-technica.eu\/fr-fr\/produits\/unio-prm\/#breadcrumb\"},\"inLanguage\":\"fr-FR\",\"potentialAction\":[{\"@type\":\"ReadAction\",\"target\":[\"https:\/\/distribution.audio-technica.eu\/fr-fr\/produits\/unio-prm\/\"]}]},{\"@type\":\"ImageObject\",\"inLanguage\":\"fr-FR\",\"@id\":\"https:\/\/distribution.audio-technica.eu\/fr-fr\/produits\/unio-prm\/#primaryimage\",\"url\":\"\/app\/uploads\/sites\/3\/UNIO-PRM-2.png\",\"contentUrl\":\"\/app\/uploads\/sites\/3\/UNIO-PRM-2.png\",\"width\":767,\"height\":446},{\"@type\":\"BreadcrumbList\",\"@id\":\"https:\/\/distribution.audio-technica.eu\/fr-fr\/produits\/unio-prm\/#breadcrumb\",\"itemListElement\":[{\"@type\":\"ListItem\",\"position\":1,\"name\":\"Products\",\"item\":\"https:\/\/distribution.audio-technica.eu\/fr-fr\/\"},{\"@type\":\"ListItem\",\"position\":2,\"name\":\"Produits\",\"item\":\"https:\/\/distribution.audio-technica.eu\/fr-fr\/produits\/\"},{\"@type\":\"ListItem\",\"position\":3,\"name\":\"UNIO-PRM\"}]},{\"@type\":\"WebSite\",\"@id\":\"https:\/\/distribution.audio-technica.eu\/fr-fr\/#website\",\"url\":\"https:\/\/distribution.audio-technica.eu\/fr-fr\/\",\"name\":\"FR Audio-Technica Distribution\",\"description\":\"\",\"potentialAction\":[{\"@type\":\"SearchAction\",\"target\":{\"@type\":\"EntryPoint\",\"urlTemplate\":\"https:\/\/distribution.audio-technica.eu\/fr-fr\/?s={search_term_string}\"},\"query-input\":{\"@type\":\"PropertyValueSpecification\",\"valueRequired\":true,\"valueName\":\"search_term_string\"}}],\"inLanguage\":\"fr-FR\"}]}<\/script>\n<!-- \/ Yoast SEO plugin. -->","yoast_head_json":{"title":"UNIO-PRM - FR Audio-Technica Distribution","robots":{"index":"index","follow":"follow","max-snippet":"max-snippet:-1","max-image-preview":"max-image-preview:large","max-video-preview":"max-video-preview:-1"},"canonical":"https:\/\/distribution.audio-technica.eu\/fr-fr\/produits\/unio-prm\/","og_locale":"fr_FR","og_type":"article","og_title":"UNIO-PRM - FR Audio-Technica Distribution","og_description":"L'UNIO-PRM est la continuit\u00e9 parfaite entre casque et moniteurs SAM !  Caract\u00e9ristiques   Reproduction de votre set-up d'enceintes au casque  Contr\u00f4le total de votre syst\u00e8me d'\u00e9coute via le GLM5  Casque pour une \u00e9coute binaurale calibr\u00e9e\u00a0\u00e0 votre morphologie HRTF","og_url":"https:\/\/distribution.audio-technica.eu\/fr-fr\/produits\/unio-prm\/","og_site_name":"FR Audio-Technica Distribution","og_image":[{"width":767,"height":446,"url":"https:\/\/distribution.audio-technica.eu\/app\/uploads\/sites\/3\/UNIO-PRM-2.png","type":"image\/png"}],"twitter_card":"summary_large_image","twitter_misc":{"Dur\u00e9e de lecture estim\u00e9e":"1 minute"},"schema":{"@context":"https:\/\/schema.org","@graph":[{"@type":"WebPage","@id":"https:\/\/distribution.audio-technica.eu\/fr-fr\/produits\/unio-prm\/","url":"https:\/\/distribution.audio-technica.eu\/fr-fr\/produits\/unio-prm\/","name":"UNIO-PRM - FR Audio-Technica Distribution","isPartOf":{"@id":"https:\/\/distribution.audio-technica.eu\/fr-fr\/#website"},"primaryImageOfPage":{"@id":"https:\/\/distribution.audio-technica.eu\/fr-fr\/produits\/unio-prm\/#primaryimage"},"image":{"@id":"https:\/\/distribution.audio-technica.eu\/fr-fr\/produits\/unio-prm\/#primaryimage"},"thumbnailUrl":"\/app\/uploads\/sites\/3\/UNIO-PRM-2.png","datePublished":"2025-08-22T13:20:55+00:00","breadcrumb":{"@id":"https:\/\/distribution.audio-technica.eu\/fr-fr\/produits\/unio-prm\/#breadcrumb"},"inLanguage":"fr-FR","potentialAction":[{"@type":"ReadAction","target":["https:\/\/distribution.audio-technica.eu\/fr-fr\/produits\/unio-prm\/"]}]},{"@type":"ImageObject","inLanguage":"fr-FR","@id":"https:\/\/distribution.audio-technica.eu\/fr-fr\/produits\/unio-prm\/#primaryimage","url":"\/app\/uploads\/sites\/3\/UNIO-PRM-2.png","contentUrl":"\/app\/uploads\/sites\/3\/UNIO-PRM-2.png","width":767,"height":446},{"@type":"BreadcrumbList","@id":"https:\/\/distribution.audio-technica.eu\/fr-fr\/produits\/unio-prm\/#breadcrumb","itemListElement":[{"@type":"ListItem","position":1,"name":"Products","item":"https:\/\/distribution.audio-technica.eu\/fr-fr\/"},{"@type":"ListItem","position":2,"name":"Produits","item":"https:\/\/distribution.audio-technica.eu\/fr-fr\/produits\/"},{"@type":"ListItem","position":3,"name":"UNIO-PRM"}]},{"@type":"WebSite","@id":"https:\/\/distribution.audio-technica.eu\/fr-fr\/#website","url":"https:\/\/distribution.audio-technica.eu\/fr-fr\/","name":"FR Audio-Technica Distribution","description":"","potentialAction":[{"@type":"SearchAction","target":{"@type":"EntryPoint","urlTemplate":"https:\/\/distribution.audio-technica.eu\/fr-fr\/?s={search_term_string}"},"query-input":{"@type":"PropertyValueSpecification","valueRequired":true,"valueName":"search_term_string"}}],"inLanguage":"fr-FR"}]}},"_links":{"self":[{"href":"https:\/\/distribution.audio-technica.eu\/fr-fr\/wp-json\/wp\/v2\/product\/12461","targetHints":{"allow":["GET"]}}],"collection":[{"href":"https:\/\/distribution.audio-technica.eu\/fr-fr\/wp-json\/wp\/v2\/product"}],"about":[{"href":"https:\/\/distribution.audio-technica.eu\/fr-fr\/wp-json\/wp\/v2\/types\/product"}],"wp:featuredmedia":[{"embeddable":true,"href":"https:\/\/distribution.audio-technica.eu\/fr-fr\/wp-json\/wp\/v2\/media\/12462"}],"wp:attachment":[{"href":"https:\/\/distribution.audio-technica.eu\/fr-fr\/wp-json\/wp\/v2\/media?parent=12461"}],"wp:term":[{"taxonomy":"product_brand","embeddable":true,"href":"https:\/\/distribution.audio-technica.eu\/fr-fr\/wp-json\/wp\/v2\/product_brand?post=12461"},{"taxonomy":"product_cat","embeddable":true,"href":"https:\/\/distribution.audio-technica.eu\/fr-fr\/wp-json\/wp\/v2\/product_cat?post=12461"},{"taxonomy":"product_tag","embeddable":true,"href":"https:\/\/distribution.audio-technica.eu\/fr-fr\/wp-json\/wp\/v2\/product_tag?post=12461"}],"curies":[{"name":"wp","href":"https:\/\/api.w.org\/{rel}","templated":true}]}}