{"id":12464,"date":"2025-08-28T15:26:20","date_gmt":"2025-08-28T14:26:20","guid":{"rendered":"https:\/\/distribution.audio-technica.eu\/fr-fr\/?post_type=product&#038;p=12464"},"modified":"2025-08-28T15:27:27","modified_gmt":"2025-08-28T14:27:27","slug":"talk-8","status":"publish","type":"product","link":"https:\/\/distribution.audio-technica.eu\/fr-fr\/produits\/talk-8\/","title":{"rendered":"Talk 8"},"content":{"rendered":"<p>Sp\u00e9cifications :<\/p>\n<ul>\n<li>TYPE : Pupitre microphone multifonction<\/li>\n<li>ENTR\u00c9E MIC XLRF : -3<\/li>\n<li>ALIMENTATION FANT\u00d4ME : 48V &#8211; d\u00e9sactivable<\/li>\n<li>FILTRE PASSE-HAUT : 160Hz<\/li>\n<li>PLAGE DE GAIN : + 12dB &#8211; +55 dB<\/li>\n<li>PROTOCOLE : Propri\u00e9taire Optimal Audio<\/li>\n<li>DISTANCE : de raccordement 500 m maximum<\/li>\n<li>MATERIAU : Acier peint et ABS<\/li>\n<li>FINITION : Peinture noire<\/li>\n<li>CONNECTEURS : RJ45 verrouillable EtherCon<\/li>\n<li>FIXATIONS : par encoche (x2) pour vis \u00e0 t\u00eate plate<\/li>\n<li>DIMENSIONS : (L) 230mm x (H) 54mm x (P) 168mm<\/li>\n<li>PIEDS CAOUTCHOUC : ( 12mm) et MIC1 exclus<\/li>\n<li>POIDS : 1.65 Kg<\/li>\n<li>ACCESSOIRE : MIC1 (inclus)<\/li>\n<li>TYPE : Microphone col de cygne<\/li>\n<li>CELLULE : Dynamique &#8211; cardio\u00efde<\/li>\n<li>R\u00c9PONSE EN FR\u00c9QUENCES : 50Khz-18KHz<\/li>\n<li>SENSIBILIT\u00c9 : -53dB (\u00b13dB) (0dB=1 V\/Pa @1 KHz)<\/li>\n<li>IMP\u00c9DANCE : 500 \u2126 \u00b130%<\/li>\n<li>HAUTEUR : 318 mm (collerette insertion 18mm)<\/li>\n<\/ul>\n","protected":false},"excerpt":{"rendered":"<p>Talk8 est un micro pupitre d&rsquo;annonce qui propose une solution polyvalente pour la cr\u00e9ation d\u2019annonces, tout en offrant une tr\u00e8s bonne qualit\u00e9 audio.<\/p>\n<p>Caract\u00e9ristiques :<\/p>\n<ul>\n<li>Bo\u00eetier robuste<\/li>\n<li>8 Zones<\/li>\n<li>4 Groupes de zones<\/li>\n<li>6 boutons de messages pr\u00e9-enregistr\u00e9s<\/li>\n<li>1 Zoner = jusqu&rsquo;\u00e0 deux talk8<\/li>\n<li>Microphone dynamique<\/li>\n<li>A poser ou \u00e0 fixer au mur<\/li>\n<\/ul>\n","protected":false},"featured_media":12465,"template":"","meta":{"_acf_changed":false},"product_brand":[],"product_cat":[2180],"product_tag":[],"class_list":{"0":"post-12464","1":"product","2":"type-product","3":"status-publish","4":"has-post-thumbnail","6":"product_cat-micro-pupitre","8":"first","9":"instock","10":"shipping-taxable","11":"product-type-simple"},"acf":[],"yoast_head":"<!-- This site is optimized with the Yoast SEO plugin v27.1.1 - https:\/\/yoast.com\/product\/yoast-seo-wordpress\/ -->\n<title>Talk 8 - FR Audio-Technica Distribution<\/title>\n<meta name=\"robots\" content=\"index, follow, max-snippet:-1, max-image-preview:large, max-video-preview:-1\" \/>\n<link rel=\"canonical\" href=\"https:\/\/distribution.audio-technica.eu\/fr-fr\/produits\/talk-8\/\" \/>\n<meta property=\"og:locale\" content=\"fr_FR\" \/>\n<meta property=\"og:type\" content=\"article\" \/>\n<meta property=\"og:title\" content=\"Talk 8 - FR Audio-Technica Distribution\" \/>\n<meta property=\"og:description\" content=\"Talk8 est un micro pupitre d&#039;annonce qui propose une solution polyvalente pour la cr\u00e9ation d\u2019annonces, tout en offrant une tr\u00e8s bonne qualit\u00e9 audio.  Caract\u00e9ristiques :   Bo\u00eetier robuste  8 Zones  4 Groupes de zones  6 boutons de messages pr\u00e9-enregistr\u00e9s  1 Zoner = jusqu&#039;\u00e0 deux talk8  Microphone dynamique  A poser ou \u00e0 fixer au mur\" \/>\n<meta property=\"og:url\" content=\"https:\/\/distribution.audio-technica.eu\/fr-fr\/produits\/talk-8\/\" \/>\n<meta property=\"og:site_name\" content=\"FR Audio-Technica Distribution\" \/>\n<meta property=\"article:modified_time\" content=\"2025-08-28T14:27:27+00:00\" \/>\n<meta property=\"og:image\" content=\"https:\/\/distribution.audio-technica.eu\/app\/uploads\/sites\/3\/TALK-8-WITH-MIC-1_Front.jpg\" \/>\n\t<meta property=\"og:image:width\" content=\"800\" \/>\n\t<meta property=\"og:image:height\" content=\"600\" \/>\n\t<meta property=\"og:image:type\" content=\"image\/jpeg\" \/>\n<meta name=\"twitter:card\" content=\"summary_large_image\" \/>\n<meta name=\"twitter:label1\" content=\"Dur\u00e9e de lecture estim\u00e9e\" \/>\n\t<meta name=\"twitter:data1\" content=\"1 minute\" \/>\n<script type=\"application\/ld+json\" class=\"yoast-schema-graph\">{\"@context\":\"https:\/\/schema.org\",\"@graph\":[{\"@type\":\"WebPage\",\"@id\":\"https:\/\/distribution.audio-technica.eu\/fr-fr\/produits\/talk-8\/\",\"url\":\"https:\/\/distribution.audio-technica.eu\/fr-fr\/produits\/talk-8\/\",\"name\":\"Talk 8 - FR Audio-Technica Distribution\",\"isPartOf\":{\"@id\":\"https:\/\/distribution.audio-technica.eu\/fr-fr\/#website\"},\"primaryImageOfPage\":{\"@id\":\"https:\/\/distribution.audio-technica.eu\/fr-fr\/produits\/talk-8\/#primaryimage\"},\"image\":{\"@id\":\"https:\/\/distribution.audio-technica.eu\/fr-fr\/produits\/talk-8\/#primaryimage\"},\"thumbnailUrl\":\"\/app\/uploads\/sites\/3\/TALK-8-WITH-MIC-1_Front.jpg\",\"datePublished\":\"2025-08-28T14:26:20+00:00\",\"dateModified\":\"2025-08-28T14:27:27+00:00\",\"breadcrumb\":{\"@id\":\"https:\/\/distribution.audio-technica.eu\/fr-fr\/produits\/talk-8\/#breadcrumb\"},\"inLanguage\":\"fr-FR\",\"potentialAction\":[{\"@type\":\"ReadAction\",\"target\":[\"https:\/\/distribution.audio-technica.eu\/fr-fr\/produits\/talk-8\/\"]}]},{\"@type\":\"ImageObject\",\"inLanguage\":\"fr-FR\",\"@id\":\"https:\/\/distribution.audio-technica.eu\/fr-fr\/produits\/talk-8\/#primaryimage\",\"url\":\"\/app\/uploads\/sites\/3\/TALK-8-WITH-MIC-1_Front.jpg\",\"contentUrl\":\"\/app\/uploads\/sites\/3\/TALK-8-WITH-MIC-1_Front.jpg\",\"width\":800,\"height\":600},{\"@type\":\"BreadcrumbList\",\"@id\":\"https:\/\/distribution.audio-technica.eu\/fr-fr\/produits\/talk-8\/#breadcrumb\",\"itemListElement\":[{\"@type\":\"ListItem\",\"position\":1,\"name\":\"Products\",\"item\":\"https:\/\/distribution.audio-technica.eu\/fr-fr\/\"},{\"@type\":\"ListItem\",\"position\":2,\"name\":\"Produits\",\"item\":\"https:\/\/distribution.audio-technica.eu\/fr-fr\/produits\/\"},{\"@type\":\"ListItem\",\"position\":3,\"name\":\"Talk 8\"}]},{\"@type\":\"WebSite\",\"@id\":\"https:\/\/distribution.audio-technica.eu\/fr-fr\/#website\",\"url\":\"https:\/\/distribution.audio-technica.eu\/fr-fr\/\",\"name\":\"FR Audio-Technica Distribution\",\"description\":\"\",\"potentialAction\":[{\"@type\":\"SearchAction\",\"target\":{\"@type\":\"EntryPoint\",\"urlTemplate\":\"https:\/\/distribution.audio-technica.eu\/fr-fr\/?s={search_term_string}\"},\"query-input\":{\"@type\":\"PropertyValueSpecification\",\"valueRequired\":true,\"valueName\":\"search_term_string\"}}],\"inLanguage\":\"fr-FR\"}]}<\/script>\n<!-- \/ Yoast SEO plugin. -->","yoast_head_json":{"title":"Talk 8 - FR Audio-Technica Distribution","robots":{"index":"index","follow":"follow","max-snippet":"max-snippet:-1","max-image-preview":"max-image-preview:large","max-video-preview":"max-video-preview:-1"},"canonical":"https:\/\/distribution.audio-technica.eu\/fr-fr\/produits\/talk-8\/","og_locale":"fr_FR","og_type":"article","og_title":"Talk 8 - FR Audio-Technica Distribution","og_description":"Talk8 est un micro pupitre d'annonce qui propose une solution polyvalente pour la cr\u00e9ation d\u2019annonces, tout en offrant une tr\u00e8s bonne qualit\u00e9 audio.  Caract\u00e9ristiques :   Bo\u00eetier robuste  8 Zones  4 Groupes de zones  6 boutons de messages pr\u00e9-enregistr\u00e9s  1 Zoner = jusqu'\u00e0 deux talk8  Microphone dynamique  A poser ou \u00e0 fixer au mur","og_url":"https:\/\/distribution.audio-technica.eu\/fr-fr\/produits\/talk-8\/","og_site_name":"FR Audio-Technica Distribution","article_modified_time":"2025-08-28T14:27:27+00:00","og_image":[{"width":800,"height":600,"url":"https:\/\/distribution.audio-technica.eu\/app\/uploads\/sites\/3\/TALK-8-WITH-MIC-1_Front.jpg","type":"image\/jpeg"}],"twitter_card":"summary_large_image","twitter_misc":{"Dur\u00e9e de lecture estim\u00e9e":"1 minute"},"schema":{"@context":"https:\/\/schema.org","@graph":[{"@type":"WebPage","@id":"https:\/\/distribution.audio-technica.eu\/fr-fr\/produits\/talk-8\/","url":"https:\/\/distribution.audio-technica.eu\/fr-fr\/produits\/talk-8\/","name":"Talk 8 - FR Audio-Technica Distribution","isPartOf":{"@id":"https:\/\/distribution.audio-technica.eu\/fr-fr\/#website"},"primaryImageOfPage":{"@id":"https:\/\/distribution.audio-technica.eu\/fr-fr\/produits\/talk-8\/#primaryimage"},"image":{"@id":"https:\/\/distribution.audio-technica.eu\/fr-fr\/produits\/talk-8\/#primaryimage"},"thumbnailUrl":"\/app\/uploads\/sites\/3\/TALK-8-WITH-MIC-1_Front.jpg","datePublished":"2025-08-28T14:26:20+00:00","dateModified":"2025-08-28T14:27:27+00:00","breadcrumb":{"@id":"https:\/\/distribution.audio-technica.eu\/fr-fr\/produits\/talk-8\/#breadcrumb"},"inLanguage":"fr-FR","potentialAction":[{"@type":"ReadAction","target":["https:\/\/distribution.audio-technica.eu\/fr-fr\/produits\/talk-8\/"]}]},{"@type":"ImageObject","inLanguage":"fr-FR","@id":"https:\/\/distribution.audio-technica.eu\/fr-fr\/produits\/talk-8\/#primaryimage","url":"\/app\/uploads\/sites\/3\/TALK-8-WITH-MIC-1_Front.jpg","contentUrl":"\/app\/uploads\/sites\/3\/TALK-8-WITH-MIC-1_Front.jpg","width":800,"height":600},{"@type":"BreadcrumbList","@id":"https:\/\/distribution.audio-technica.eu\/fr-fr\/produits\/talk-8\/#breadcrumb","itemListElement":[{"@type":"ListItem","position":1,"name":"Products","item":"https:\/\/distribution.audio-technica.eu\/fr-fr\/"},{"@type":"ListItem","position":2,"name":"Produits","item":"https:\/\/distribution.audio-technica.eu\/fr-fr\/produits\/"},{"@type":"ListItem","position":3,"name":"Talk 8"}]},{"@type":"WebSite","@id":"https:\/\/distribution.audio-technica.eu\/fr-fr\/#website","url":"https:\/\/distribution.audio-technica.eu\/fr-fr\/","name":"FR Audio-Technica Distribution","description":"","potentialAction":[{"@type":"SearchAction","target":{"@type":"EntryPoint","urlTemplate":"https:\/\/distribution.audio-technica.eu\/fr-fr\/?s={search_term_string}"},"query-input":{"@type":"PropertyValueSpecification","valueRequired":true,"valueName":"search_term_string"}}],"inLanguage":"fr-FR"}]}},"_links":{"self":[{"href":"https:\/\/distribution.audio-technica.eu\/fr-fr\/wp-json\/wp\/v2\/product\/12464","targetHints":{"allow":["GET"]}}],"collection":[{"href":"https:\/\/distribution.audio-technica.eu\/fr-fr\/wp-json\/wp\/v2\/product"}],"about":[{"href":"https:\/\/distribution.audio-technica.eu\/fr-fr\/wp-json\/wp\/v2\/types\/product"}],"wp:featuredmedia":[{"embeddable":true,"href":"https:\/\/distribution.audio-technica.eu\/fr-fr\/wp-json\/wp\/v2\/media\/12465"}],"wp:attachment":[{"href":"https:\/\/distribution.audio-technica.eu\/fr-fr\/wp-json\/wp\/v2\/media?parent=12464"}],"wp:term":[{"taxonomy":"product_brand","embeddable":true,"href":"https:\/\/distribution.audio-technica.eu\/fr-fr\/wp-json\/wp\/v2\/product_brand?post=12464"},{"taxonomy":"product_cat","embeddable":true,"href":"https:\/\/distribution.audio-technica.eu\/fr-fr\/wp-json\/wp\/v2\/product_cat?post=12464"},{"taxonomy":"product_tag","embeddable":true,"href":"https:\/\/distribution.audio-technica.eu\/fr-fr\/wp-json\/wp\/v2\/product_tag?post=12464"}],"curies":[{"name":"wp","href":"https:\/\/api.w.org\/{rel}","templated":true}]}}