{"id":12469,"date":"2025-08-28T15:36:28","date_gmt":"2025-08-28T14:36:28","guid":{"rendered":"https:\/\/distribution.audio-technica.eu\/fr-fr\/?post_type=product&#038;p=12469"},"modified":"2025-08-28T15:36:28","modified_gmt":"2025-08-28T14:36:28","slug":"sub-18","status":"publish","type":"product","link":"https:\/\/distribution.audio-technica.eu\/fr-fr\/produits\/sub-18\/","title":{"rendered":"Sub 18"},"content":{"rendered":"<p>Sp\u00e9cifications :<\/p>\n<ul>\n<li>R\u00c9PONSE EN FR\u00c9QUENCES (avec pr\u00e9r\u00e9glages) : 42Hz \u2013 150 Hz +\/-3 dB, -10dB @36Hz<\/li>\n<li>HAUT-PARLEURS LF : 18\u2019\u2019 (460mm)<\/li>\n<li>PUISSANCE NOMINALE : (AES) 800W (AES) \u2013 3200W (peak)<\/li>\n<li>IMPEDANCE NOMINALE : 8\u2126<\/li>\n<li>SENSIBILITE : (1W\/1m) 88dB<\/li>\n<li>MAXIMUM SPL : 130 dBcont \/ 136 dBpeak<\/li>\n<li>MATERIAU : Contreplaqu\u00e9<\/li>\n<li>FINITION : Peinture textur\u00e9e noire<\/li>\n<li>GRILLE : acier perfor\u00e9<\/li>\n<li>CONNECTEURS : Euroblock &#8211; 4<\/li>\n<li>FIXATIONS : Insert M8 (x12) pour fixation \u0153illets<\/li>\n<li>DIMENSIONS : (L) 756mm x (H) 537mm x (P) 544mm<\/li>\n<li>POIDS : 47.0 Kg<\/li>\n<li>ACCESSOIRS OPTIONNELS : \u0153illets M8<\/li>\n<\/ul>\n","protected":false},"excerpt":{"rendered":"<p>Le nouveau Sub18 rejoint la gamme de caissons de basses Sub6, Sub10 et Sub15, avec des graves encore plus puissants. Il est id\u00e9al avec des cubo\u00efd 12 ou cubo\u00efd 15 pour offrir une exp\u00e9rience sonore chaleureuse et impactante.<\/p>\n<ul>\n<li>Caisson : bass-reflex en contreplaqu\u00e9<\/li>\n<li>Niveau de pression acoustique : 136 dB<\/li>\n<li>Contreplaqu\u00e9 et grille en acier r\u00e9sistant aux chocs<\/li>\n<li>Installation au sol ou suspendu<\/li>\n<li>Contr\u00f4le intuitif via WebApp<\/li>\n<\/ul>\n","protected":false},"featured_media":12470,"template":"","meta":{"_acf_changed":false},"product_brand":[],"product_cat":[2142,2166,2167,2148],"product_tag":[],"class_list":{"0":"post-12469","1":"product","2":"type-product","3":"status-publish","4":"has-post-thumbnail","6":"product_cat-caisson-de-basses","7":"product_cat-caissons-de-graves","8":"product_cat-subwoofer","9":"product_cat-subwoofers","11":"first","12":"instock","13":"shipping-taxable","14":"product-type-simple"},"acf":[],"yoast_head":"<!-- This site is optimized with the Yoast SEO plugin v27.1.1 - https:\/\/yoast.com\/product\/yoast-seo-wordpress\/ -->\n<title>Sub 18 - FR Audio-Technica Distribution<\/title>\n<meta name=\"robots\" content=\"index, follow, max-snippet:-1, max-image-preview:large, max-video-preview:-1\" \/>\n<link rel=\"canonical\" href=\"https:\/\/distribution.audio-technica.eu\/fr-fr\/produits\/sub-18\/\" \/>\n<meta property=\"og:locale\" content=\"fr_FR\" \/>\n<meta property=\"og:type\" content=\"article\" \/>\n<meta property=\"og:title\" content=\"Sub 18 - FR Audio-Technica Distribution\" \/>\n<meta property=\"og:description\" content=\"Le nouveau Sub18 rejoint la gamme de caissons de basses Sub6, Sub10 et Sub15, avec des graves encore plus puissants. Il est id\u00e9al avec des cubo\u00efd 12 ou cubo\u00efd 15 pour offrir une exp\u00e9rience sonore chaleureuse et impactante.   Caisson : bass-reflex en contreplaqu\u00e9  Niveau de pression acoustique : 136 dB  Contreplaqu\u00e9 et grille en acier r\u00e9sistant aux chocs  Installation au sol ou suspendu  Contr\u00f4le intuitif via WebApp\" \/>\n<meta property=\"og:url\" content=\"https:\/\/distribution.audio-technica.eu\/fr-fr\/produits\/sub-18\/\" \/>\n<meta property=\"og:site_name\" content=\"FR Audio-Technica Distribution\" \/>\n<meta property=\"og:image\" content=\"https:\/\/distribution.audio-technica.eu\/app\/uploads\/sites\/3\/SUB-18-FRONT-Cutout.jpg\" \/>\n\t<meta property=\"og:image:width\" content=\"800\" \/>\n\t<meta property=\"og:image:height\" content=\"600\" \/>\n\t<meta property=\"og:image:type\" content=\"image\/jpeg\" \/>\n<meta name=\"twitter:card\" content=\"summary_large_image\" \/>\n<meta name=\"twitter:label1\" content=\"Dur\u00e9e de lecture estim\u00e9e\" \/>\n\t<meta name=\"twitter:data1\" content=\"1 minute\" \/>\n<script type=\"application\/ld+json\" class=\"yoast-schema-graph\">{\"@context\":\"https:\/\/schema.org\",\"@graph\":[{\"@type\":\"WebPage\",\"@id\":\"https:\/\/distribution.audio-technica.eu\/fr-fr\/produits\/sub-18\/\",\"url\":\"https:\/\/distribution.audio-technica.eu\/fr-fr\/produits\/sub-18\/\",\"name\":\"Sub 18 - FR Audio-Technica Distribution\",\"isPartOf\":{\"@id\":\"https:\/\/distribution.audio-technica.eu\/fr-fr\/#website\"},\"primaryImageOfPage\":{\"@id\":\"https:\/\/distribution.audio-technica.eu\/fr-fr\/produits\/sub-18\/#primaryimage\"},\"image\":{\"@id\":\"https:\/\/distribution.audio-technica.eu\/fr-fr\/produits\/sub-18\/#primaryimage\"},\"thumbnailUrl\":\"\/app\/uploads\/sites\/3\/SUB-18-FRONT-Cutout.jpg\",\"datePublished\":\"2025-08-28T14:36:28+00:00\",\"breadcrumb\":{\"@id\":\"https:\/\/distribution.audio-technica.eu\/fr-fr\/produits\/sub-18\/#breadcrumb\"},\"inLanguage\":\"fr-FR\",\"potentialAction\":[{\"@type\":\"ReadAction\",\"target\":[\"https:\/\/distribution.audio-technica.eu\/fr-fr\/produits\/sub-18\/\"]}]},{\"@type\":\"ImageObject\",\"inLanguage\":\"fr-FR\",\"@id\":\"https:\/\/distribution.audio-technica.eu\/fr-fr\/produits\/sub-18\/#primaryimage\",\"url\":\"\/app\/uploads\/sites\/3\/SUB-18-FRONT-Cutout.jpg\",\"contentUrl\":\"\/app\/uploads\/sites\/3\/SUB-18-FRONT-Cutout.jpg\",\"width\":800,\"height\":600},{\"@type\":\"BreadcrumbList\",\"@id\":\"https:\/\/distribution.audio-technica.eu\/fr-fr\/produits\/sub-18\/#breadcrumb\",\"itemListElement\":[{\"@type\":\"ListItem\",\"position\":1,\"name\":\"Products\",\"item\":\"https:\/\/distribution.audio-technica.eu\/fr-fr\/\"},{\"@type\":\"ListItem\",\"position\":2,\"name\":\"Produits\",\"item\":\"https:\/\/distribution.audio-technica.eu\/fr-fr\/produits\/\"},{\"@type\":\"ListItem\",\"position\":3,\"name\":\"Sub 18\"}]},{\"@type\":\"WebSite\",\"@id\":\"https:\/\/distribution.audio-technica.eu\/fr-fr\/#website\",\"url\":\"https:\/\/distribution.audio-technica.eu\/fr-fr\/\",\"name\":\"FR Audio-Technica Distribution\",\"description\":\"\",\"potentialAction\":[{\"@type\":\"SearchAction\",\"target\":{\"@type\":\"EntryPoint\",\"urlTemplate\":\"https:\/\/distribution.audio-technica.eu\/fr-fr\/?s={search_term_string}\"},\"query-input\":{\"@type\":\"PropertyValueSpecification\",\"valueRequired\":true,\"valueName\":\"search_term_string\"}}],\"inLanguage\":\"fr-FR\"}]}<\/script>\n<!-- \/ Yoast SEO plugin. -->","yoast_head_json":{"title":"Sub 18 - FR Audio-Technica Distribution","robots":{"index":"index","follow":"follow","max-snippet":"max-snippet:-1","max-image-preview":"max-image-preview:large","max-video-preview":"max-video-preview:-1"},"canonical":"https:\/\/distribution.audio-technica.eu\/fr-fr\/produits\/sub-18\/","og_locale":"fr_FR","og_type":"article","og_title":"Sub 18 - FR Audio-Technica Distribution","og_description":"Le nouveau Sub18 rejoint la gamme de caissons de basses Sub6, Sub10 et Sub15, avec des graves encore plus puissants. Il est id\u00e9al avec des cubo\u00efd 12 ou cubo\u00efd 15 pour offrir une exp\u00e9rience sonore chaleureuse et impactante.   Caisson : bass-reflex en contreplaqu\u00e9  Niveau de pression acoustique : 136 dB  Contreplaqu\u00e9 et grille en acier r\u00e9sistant aux chocs  Installation au sol ou suspendu  Contr\u00f4le intuitif via WebApp","og_url":"https:\/\/distribution.audio-technica.eu\/fr-fr\/produits\/sub-18\/","og_site_name":"FR Audio-Technica Distribution","og_image":[{"width":800,"height":600,"url":"https:\/\/distribution.audio-technica.eu\/app\/uploads\/sites\/3\/SUB-18-FRONT-Cutout.jpg","type":"image\/jpeg"}],"twitter_card":"summary_large_image","twitter_misc":{"Dur\u00e9e de lecture estim\u00e9e":"1 minute"},"schema":{"@context":"https:\/\/schema.org","@graph":[{"@type":"WebPage","@id":"https:\/\/distribution.audio-technica.eu\/fr-fr\/produits\/sub-18\/","url":"https:\/\/distribution.audio-technica.eu\/fr-fr\/produits\/sub-18\/","name":"Sub 18 - FR Audio-Technica Distribution","isPartOf":{"@id":"https:\/\/distribution.audio-technica.eu\/fr-fr\/#website"},"primaryImageOfPage":{"@id":"https:\/\/distribution.audio-technica.eu\/fr-fr\/produits\/sub-18\/#primaryimage"},"image":{"@id":"https:\/\/distribution.audio-technica.eu\/fr-fr\/produits\/sub-18\/#primaryimage"},"thumbnailUrl":"\/app\/uploads\/sites\/3\/SUB-18-FRONT-Cutout.jpg","datePublished":"2025-08-28T14:36:28+00:00","breadcrumb":{"@id":"https:\/\/distribution.audio-technica.eu\/fr-fr\/produits\/sub-18\/#breadcrumb"},"inLanguage":"fr-FR","potentialAction":[{"@type":"ReadAction","target":["https:\/\/distribution.audio-technica.eu\/fr-fr\/produits\/sub-18\/"]}]},{"@type":"ImageObject","inLanguage":"fr-FR","@id":"https:\/\/distribution.audio-technica.eu\/fr-fr\/produits\/sub-18\/#primaryimage","url":"\/app\/uploads\/sites\/3\/SUB-18-FRONT-Cutout.jpg","contentUrl":"\/app\/uploads\/sites\/3\/SUB-18-FRONT-Cutout.jpg","width":800,"height":600},{"@type":"BreadcrumbList","@id":"https:\/\/distribution.audio-technica.eu\/fr-fr\/produits\/sub-18\/#breadcrumb","itemListElement":[{"@type":"ListItem","position":1,"name":"Products","item":"https:\/\/distribution.audio-technica.eu\/fr-fr\/"},{"@type":"ListItem","position":2,"name":"Produits","item":"https:\/\/distribution.audio-technica.eu\/fr-fr\/produits\/"},{"@type":"ListItem","position":3,"name":"Sub 18"}]},{"@type":"WebSite","@id":"https:\/\/distribution.audio-technica.eu\/fr-fr\/#website","url":"https:\/\/distribution.audio-technica.eu\/fr-fr\/","name":"FR Audio-Technica Distribution","description":"","potentialAction":[{"@type":"SearchAction","target":{"@type":"EntryPoint","urlTemplate":"https:\/\/distribution.audio-technica.eu\/fr-fr\/?s={search_term_string}"},"query-input":{"@type":"PropertyValueSpecification","valueRequired":true,"valueName":"search_term_string"}}],"inLanguage":"fr-FR"}]}},"_links":{"self":[{"href":"https:\/\/distribution.audio-technica.eu\/fr-fr\/wp-json\/wp\/v2\/product\/12469","targetHints":{"allow":["GET"]}}],"collection":[{"href":"https:\/\/distribution.audio-technica.eu\/fr-fr\/wp-json\/wp\/v2\/product"}],"about":[{"href":"https:\/\/distribution.audio-technica.eu\/fr-fr\/wp-json\/wp\/v2\/types\/product"}],"wp:featuredmedia":[{"embeddable":true,"href":"https:\/\/distribution.audio-technica.eu\/fr-fr\/wp-json\/wp\/v2\/media\/12470"}],"wp:attachment":[{"href":"https:\/\/distribution.audio-technica.eu\/fr-fr\/wp-json\/wp\/v2\/media?parent=12469"}],"wp:term":[{"taxonomy":"product_brand","embeddable":true,"href":"https:\/\/distribution.audio-technica.eu\/fr-fr\/wp-json\/wp\/v2\/product_brand?post=12469"},{"taxonomy":"product_cat","embeddable":true,"href":"https:\/\/distribution.audio-technica.eu\/fr-fr\/wp-json\/wp\/v2\/product_cat?post=12469"},{"taxonomy":"product_tag","embeddable":true,"href":"https:\/\/distribution.audio-technica.eu\/fr-fr\/wp-json\/wp\/v2\/product_tag?post=12469"}],"curies":[{"name":"wp","href":"https:\/\/api.w.org\/{rel}","templated":true}]}}