{"id":12521,"date":"2025-10-01T16:12:13","date_gmt":"2025-10-01T15:12:13","guid":{"rendered":"https:\/\/distribution.audio-technica.eu\/fr-fr\/?post_type=product&#038;p=12521"},"modified":"2025-10-01T16:12:13","modified_gmt":"2025-10-01T15:12:13","slug":"8380a","status":"publish","type":"product","link":"https:\/\/distribution.audio-technica.eu\/fr-fr\/produits\/8380a\/","title":{"rendered":"8380A"},"content":{"rendered":"<h3 class=\"null\"><strong>Un concentr\u00e9 de puissance et de pr\u00e9cision.<\/strong><\/h3>\n","protected":false},"excerpt":{"rendered":"<p>Con\u00e7u pour offrir une image sonore pr\u00e9cise et une reproduction neutre, la\u00a0<strong>8380A<\/strong>\u00a0est le choix naturel pour les applications \u00e0 niveau de pression acoustique \u00e9lev\u00e9 dans les cabines de taille moyenne, notamment les studios d&rsquo;enregistrement, de mixage et de mastering professionnels, ainsi que les environnements Hi-fi haut de gamme.<\/p>\n<p><strong>Caract\u00e9ristiques\u00a0<\/strong><\/p>\n<ul>\n<li>Enceinte 3 voies<\/li>\n<li>Bande passante : 29Hz &#8211; 43Khz<\/li>\n<li>Woofer : 15 pouces<\/li>\n<li>Medium &#8211; aigu : technologie coaxiale<\/li>\n<li>Niveau SPL : 122dB<\/li>\n<li>Param\u00e9trable via le GLM 5.2<\/li>\n<li>Poids : 54kg<\/li>\n<\/ul>\n","protected":false},"featured_media":12516,"template":"","meta":{"_acf_changed":false},"product_brand":[],"product_cat":[2144],"product_tag":[2183,2184,2182],"class_list":{"0":"post-12521","1":"product","2":"type-product","3":"status-publish","4":"has-post-thumbnail","6":"product_cat-enceintes","7":"product_tag-8380a","8":"product_tag-enceinte","9":"product_tag-genelec","11":"first","12":"instock","13":"shipping-taxable","14":"product-type-simple"},"acf":[],"yoast_head":"<!-- This site is optimized with the Yoast SEO plugin v27.1.1 - https:\/\/yoast.com\/product\/yoast-seo-wordpress\/ -->\n<title>8380A - FR Audio-Technica Distribution<\/title>\n<meta name=\"robots\" content=\"index, follow, max-snippet:-1, max-image-preview:large, max-video-preview:-1\" \/>\n<link rel=\"canonical\" href=\"https:\/\/distribution.audio-technica.eu\/fr-fr\/produits\/8380a\/\" \/>\n<meta property=\"og:locale\" content=\"fr_FR\" \/>\n<meta property=\"og:type\" content=\"article\" \/>\n<meta property=\"og:title\" content=\"8380A - FR Audio-Technica Distribution\" \/>\n<meta property=\"og:description\" content=\"Con\u00e7u pour offrir une image sonore pr\u00e9cise et une reproduction neutre, la\u00a08380A\u00a0est le choix naturel pour les applications \u00e0 niveau de pression acoustique \u00e9lev\u00e9 dans les cabines de taille moyenne, notamment les studios d&#039;enregistrement, de mixage et de mastering professionnels, ainsi que les environnements Hi-fi haut de gamme.  Caract\u00e9ristiques\u00a0   Enceinte 3 voies  Bande passante : 29Hz - 43Khz  Woofer : 15 pouces  Medium - aigu : technologie coaxiale  Niveau SPL : 122dB  Param\u00e9trable via le GLM 5.2  Poids : 54kg\" \/>\n<meta property=\"og:url\" content=\"https:\/\/distribution.audio-technica.eu\/fr-fr\/produits\/8380a\/\" \/>\n<meta property=\"og:site_name\" content=\"FR Audio-Technica Distribution\" \/>\n<meta property=\"og:image\" content=\"https:\/\/distribution.audio-technica.eu\/app\/uploads\/sites\/3\/8380A_soMe_Posts_EBLAST.jpg\" \/>\n\t<meta property=\"og:image:width\" content=\"600\" \/>\n\t<meta property=\"og:image:height\" content=\"400\" \/>\n\t<meta property=\"og:image:type\" content=\"image\/jpeg\" \/>\n<meta name=\"twitter:card\" content=\"summary_large_image\" \/>\n<meta name=\"twitter:label1\" content=\"Dur\u00e9e de lecture estim\u00e9e\" \/>\n\t<meta name=\"twitter:data1\" content=\"1 minute\" \/>\n<script type=\"application\/ld+json\" class=\"yoast-schema-graph\">{\"@context\":\"https:\/\/schema.org\",\"@graph\":[{\"@type\":\"WebPage\",\"@id\":\"https:\/\/distribution.audio-technica.eu\/fr-fr\/produits\/8380a\/\",\"url\":\"https:\/\/distribution.audio-technica.eu\/fr-fr\/produits\/8380a\/\",\"name\":\"8380A - FR Audio-Technica Distribution\",\"isPartOf\":{\"@id\":\"https:\/\/distribution.audio-technica.eu\/fr-fr\/#website\"},\"primaryImageOfPage\":{\"@id\":\"https:\/\/distribution.audio-technica.eu\/fr-fr\/produits\/8380a\/#primaryimage\"},\"image\":{\"@id\":\"https:\/\/distribution.audio-technica.eu\/fr-fr\/produits\/8380a\/#primaryimage\"},\"thumbnailUrl\":\"\/app\/uploads\/sites\/3\/8380A_soMe_Posts_EBLAST.jpg\",\"datePublished\":\"2025-10-01T15:12:13+00:00\",\"breadcrumb\":{\"@id\":\"https:\/\/distribution.audio-technica.eu\/fr-fr\/produits\/8380a\/#breadcrumb\"},\"inLanguage\":\"fr-FR\",\"potentialAction\":[{\"@type\":\"ReadAction\",\"target\":[\"https:\/\/distribution.audio-technica.eu\/fr-fr\/produits\/8380a\/\"]}]},{\"@type\":\"ImageObject\",\"inLanguage\":\"fr-FR\",\"@id\":\"https:\/\/distribution.audio-technica.eu\/fr-fr\/produits\/8380a\/#primaryimage\",\"url\":\"\/app\/uploads\/sites\/3\/8380A_soMe_Posts_EBLAST.jpg\",\"contentUrl\":\"\/app\/uploads\/sites\/3\/8380A_soMe_Posts_EBLAST.jpg\",\"width\":600,\"height\":400},{\"@type\":\"BreadcrumbList\",\"@id\":\"https:\/\/distribution.audio-technica.eu\/fr-fr\/produits\/8380a\/#breadcrumb\",\"itemListElement\":[{\"@type\":\"ListItem\",\"position\":1,\"name\":\"Products\",\"item\":\"https:\/\/distribution.audio-technica.eu\/fr-fr\/\"},{\"@type\":\"ListItem\",\"position\":2,\"name\":\"Produits\",\"item\":\"https:\/\/distribution.audio-technica.eu\/fr-fr\/produits\/\"},{\"@type\":\"ListItem\",\"position\":3,\"name\":\"8380A\"}]},{\"@type\":\"WebSite\",\"@id\":\"https:\/\/distribution.audio-technica.eu\/fr-fr\/#website\",\"url\":\"https:\/\/distribution.audio-technica.eu\/fr-fr\/\",\"name\":\"FR Audio-Technica Distribution\",\"description\":\"\",\"potentialAction\":[{\"@type\":\"SearchAction\",\"target\":{\"@type\":\"EntryPoint\",\"urlTemplate\":\"https:\/\/distribution.audio-technica.eu\/fr-fr\/?s={search_term_string}\"},\"query-input\":{\"@type\":\"PropertyValueSpecification\",\"valueRequired\":true,\"valueName\":\"search_term_string\"}}],\"inLanguage\":\"fr-FR\"}]}<\/script>\n<!-- \/ Yoast SEO plugin. -->","yoast_head_json":{"title":"8380A - FR Audio-Technica Distribution","robots":{"index":"index","follow":"follow","max-snippet":"max-snippet:-1","max-image-preview":"max-image-preview:large","max-video-preview":"max-video-preview:-1"},"canonical":"https:\/\/distribution.audio-technica.eu\/fr-fr\/produits\/8380a\/","og_locale":"fr_FR","og_type":"article","og_title":"8380A - FR Audio-Technica Distribution","og_description":"Con\u00e7u pour offrir une image sonore pr\u00e9cise et une reproduction neutre, la\u00a08380A\u00a0est le choix naturel pour les applications \u00e0 niveau de pression acoustique \u00e9lev\u00e9 dans les cabines de taille moyenne, notamment les studios d'enregistrement, de mixage et de mastering professionnels, ainsi que les environnements Hi-fi haut de gamme.  Caract\u00e9ristiques\u00a0   Enceinte 3 voies  Bande passante : 29Hz - 43Khz  Woofer : 15 pouces  Medium - aigu : technologie coaxiale  Niveau SPL : 122dB  Param\u00e9trable via le GLM 5.2  Poids : 54kg","og_url":"https:\/\/distribution.audio-technica.eu\/fr-fr\/produits\/8380a\/","og_site_name":"FR Audio-Technica Distribution","og_image":[{"width":600,"height":400,"url":"https:\/\/distribution.audio-technica.eu\/app\/uploads\/sites\/3\/8380A_soMe_Posts_EBLAST.jpg","type":"image\/jpeg"}],"twitter_card":"summary_large_image","twitter_misc":{"Dur\u00e9e de lecture estim\u00e9e":"1 minute"},"schema":{"@context":"https:\/\/schema.org","@graph":[{"@type":"WebPage","@id":"https:\/\/distribution.audio-technica.eu\/fr-fr\/produits\/8380a\/","url":"https:\/\/distribution.audio-technica.eu\/fr-fr\/produits\/8380a\/","name":"8380A - FR Audio-Technica Distribution","isPartOf":{"@id":"https:\/\/distribution.audio-technica.eu\/fr-fr\/#website"},"primaryImageOfPage":{"@id":"https:\/\/distribution.audio-technica.eu\/fr-fr\/produits\/8380a\/#primaryimage"},"image":{"@id":"https:\/\/distribution.audio-technica.eu\/fr-fr\/produits\/8380a\/#primaryimage"},"thumbnailUrl":"\/app\/uploads\/sites\/3\/8380A_soMe_Posts_EBLAST.jpg","datePublished":"2025-10-01T15:12:13+00:00","breadcrumb":{"@id":"https:\/\/distribution.audio-technica.eu\/fr-fr\/produits\/8380a\/#breadcrumb"},"inLanguage":"fr-FR","potentialAction":[{"@type":"ReadAction","target":["https:\/\/distribution.audio-technica.eu\/fr-fr\/produits\/8380a\/"]}]},{"@type":"ImageObject","inLanguage":"fr-FR","@id":"https:\/\/distribution.audio-technica.eu\/fr-fr\/produits\/8380a\/#primaryimage","url":"\/app\/uploads\/sites\/3\/8380A_soMe_Posts_EBLAST.jpg","contentUrl":"\/app\/uploads\/sites\/3\/8380A_soMe_Posts_EBLAST.jpg","width":600,"height":400},{"@type":"BreadcrumbList","@id":"https:\/\/distribution.audio-technica.eu\/fr-fr\/produits\/8380a\/#breadcrumb","itemListElement":[{"@type":"ListItem","position":1,"name":"Products","item":"https:\/\/distribution.audio-technica.eu\/fr-fr\/"},{"@type":"ListItem","position":2,"name":"Produits","item":"https:\/\/distribution.audio-technica.eu\/fr-fr\/produits\/"},{"@type":"ListItem","position":3,"name":"8380A"}]},{"@type":"WebSite","@id":"https:\/\/distribution.audio-technica.eu\/fr-fr\/#website","url":"https:\/\/distribution.audio-technica.eu\/fr-fr\/","name":"FR Audio-Technica Distribution","description":"","potentialAction":[{"@type":"SearchAction","target":{"@type":"EntryPoint","urlTemplate":"https:\/\/distribution.audio-technica.eu\/fr-fr\/?s={search_term_string}"},"query-input":{"@type":"PropertyValueSpecification","valueRequired":true,"valueName":"search_term_string"}}],"inLanguage":"fr-FR"}]}},"_links":{"self":[{"href":"https:\/\/distribution.audio-technica.eu\/fr-fr\/wp-json\/wp\/v2\/product\/12521","targetHints":{"allow":["GET"]}}],"collection":[{"href":"https:\/\/distribution.audio-technica.eu\/fr-fr\/wp-json\/wp\/v2\/product"}],"about":[{"href":"https:\/\/distribution.audio-technica.eu\/fr-fr\/wp-json\/wp\/v2\/types\/product"}],"wp:featuredmedia":[{"embeddable":true,"href":"https:\/\/distribution.audio-technica.eu\/fr-fr\/wp-json\/wp\/v2\/media\/12516"}],"wp:attachment":[{"href":"https:\/\/distribution.audio-technica.eu\/fr-fr\/wp-json\/wp\/v2\/media?parent=12521"}],"wp:term":[{"taxonomy":"product_brand","embeddable":true,"href":"https:\/\/distribution.audio-technica.eu\/fr-fr\/wp-json\/wp\/v2\/product_brand?post=12521"},{"taxonomy":"product_cat","embeddable":true,"href":"https:\/\/distribution.audio-technica.eu\/fr-fr\/wp-json\/wp\/v2\/product_cat?post=12521"},{"taxonomy":"product_tag","embeddable":true,"href":"https:\/\/distribution.audio-technica.eu\/fr-fr\/wp-json\/wp\/v2\/product_tag?post=12521"}],"curies":[{"name":"wp","href":"https:\/\/api.w.org\/{rel}","templated":true}]}}