{"id":14919,"date":"2018-12-14T14:10:44","date_gmt":"2018-12-14T14:10:44","guid":{"rendered":"https:\/\/atdb-production.studiograft.dev\/nl\/product\/import-placeholder-for-14003\/"},"modified":"2023-04-04T17:10:04","modified_gmt":"2023-04-04T16:10:04","slug":"9000a","status":"publish","type":"product","link":"https:\/\/distribution.audio-technica.eu\/nl-nl\/producten\/9000a\/","title":{"rendered":"9000A"},"content":{"rendered":"<h2>9000A<\/h2>\n<h3>Stereo Volume Controller<\/h3>\n<p>De Genelec 9000A-stereovolumeregelaar is een handige volumeregeling voor alle Genelec studiomonitoren en actieve luidsprekers.<\/p>\n<p>De input en output van de volumeregelaar hebben male en female stereo-aansluitingen die direct kunnen worden aangesloten op de meeste computers en laptops, MP3-spelers en gamestations. De 9000A is verkrijgbaar in twee kleuren: zwart en wit.<\/p>\n<p>Een converterkabel die 2 x RCA naar 3,5 mm stereo (female) converteert, is nodig voor audioapparatuur met RCA-uitgangen. Een converterkabel die 3,5 mm stereo (mannelijk) naar 2 x XLR (mannelijk) converteert, is nodig om de 9000A stereovolumeregelaar te gebruiken met Genelec-monitor luidsprekers met XLR-ingang. Deze kabels zijn verkrijgbaar bij een geautoriseerde Genelec-dealer.<\/p>\n<p>De verbindingskabel op de 9000A is Y-gesplitst. Na 1 meter (3 ft 3 &#8220;) van de bedieningsknop splitst de enkele kabel in twee kabels van 1 meter (3 ft 3&#8243;), \u00e9\u00e9n voor audio-invoer, \u00e9\u00e9n voor audio-uitvoer.<\/p>\n<p>&nbsp;<\/p>\n<p>[fusion_imageframe image_id=&#8221;15187&#8243; max_width=&#8221;&#8221; style_type=&#8221;none&#8221; stylecolor=&#8221;&#8221; hover_type=&#8221;none&#8221; bordersize=&#8221;&#8221; bordercolor=&#8221;&#8221; borderradius=&#8221;&#8221; align=&#8221;none&#8221; lightbox=&#8221;no&#8221; gallery_id=&#8221;&#8221; lightbox_image=&#8221;&#8221; alt=&#8221;&#8221; link=&#8221;&#8221; linktarget=&#8221;_self&#8221; hide_on_mobile=&#8221;small-visibility,medium-visibility,large-visibility&#8221; class=&#8221;&#8221; id=&#8221;&#8221; animation_type=&#8221;&#8221; animation_direction=&#8221;left&#8221; animation_speed=&#8221;0.3&#8243; animation_offset=&#8221;&#8221;]https:\/\/distribution.audio-technica.eu\/nl\/wp-content\/uploads\/sites\/5\/9000a_scheme_0.jpg[\/fusion_imageframe]<\/p>\n<p>&nbsp;<\/p>\n<ul>\n<li>Gewicht: 0,325 kg (0,72 lbs)<\/li>\n<li>Hoogte: 42 mm (1 5\/8 &#8220;)<\/li>\n<li>Diameter: 60 mm (2 1\/8 &#8220;)<\/li>\n<\/ul>\n","protected":false},"excerpt":{"rendered":"<h3>Stereo Volume Controller<\/h3>\n<ul class=\"summary\">\n<li>Volumeregelaar voor Genelec studiomonitoren<\/li>\n<\/ul>\n","protected":false},"featured_media":14827,"template":"","meta":{"_acf_changed":false},"product_brand":[],"product_cat":[1906,1918],"product_tag":[],"class_list":{"0":"post-14919","1":"product","2":"type-product","3":"status-publish","4":"has-post-thumbnail","6":"product_cat-genelec","7":"product_cat-accessories","9":"first","10":"instock","11":"shipping-taxable","12":"product-type-simple"},"acf":[],"yoast_head":"<!-- This site is optimized with the Yoast SEO plugin v27.1.1 - https:\/\/yoast.com\/product\/yoast-seo-wordpress\/ -->\n<title>9000A - NL Audio-Technica Distribution<\/title>\n<meta name=\"robots\" content=\"index, follow, max-snippet:-1, max-image-preview:large, max-video-preview:-1\" \/>\n<link rel=\"canonical\" href=\"https:\/\/distribution.audio-technica.eu\/nl-nl\/producten\/9000a\/\" \/>\n<meta property=\"og:locale\" content=\"nl_NL\" \/>\n<meta property=\"og:type\" content=\"article\" \/>\n<meta property=\"og:title\" content=\"9000A - NL Audio-Technica Distribution\" \/>\n<meta property=\"og:description\" content=\"Stereo Volume Controller   Volumeregelaar voor Genelec studiomonitoren\" \/>\n<meta property=\"og:url\" content=\"https:\/\/distribution.audio-technica.eu\/nl-nl\/producten\/9000a\/\" \/>\n<meta property=\"og:site_name\" content=\"NL Audio-Technica Distribution\" \/>\n<meta property=\"article:modified_time\" content=\"2023-04-04T16:10:04+00:00\" \/>\n<meta property=\"og:image\" content=\"https:\/\/distribution.audio-technica.eu\/app\/uploads\/sites\/5\/Genelec-9000A-1.jpg\" \/>\n\t<meta property=\"og:image:width\" content=\"1000\" \/>\n\t<meta property=\"og:image:height\" content=\"1000\" \/>\n\t<meta property=\"og:image:type\" content=\"image\/jpeg\" \/>\n<meta name=\"twitter:card\" content=\"summary_large_image\" \/>\n<meta name=\"twitter:label1\" content=\"Geschatte leestijd\" \/>\n\t<meta name=\"twitter:data1\" content=\"1 minuut\" \/>\n<script type=\"application\/ld+json\" class=\"yoast-schema-graph\">{\"@context\":\"https:\/\/schema.org\",\"@graph\":[{\"@type\":\"WebPage\",\"@id\":\"https:\/\/distribution.audio-technica.eu\/nl-nl\/producten\/9000a\/\",\"url\":\"https:\/\/distribution.audio-technica.eu\/nl-nl\/producten\/9000a\/\",\"name\":\"9000A - NL Audio-Technica Distribution\",\"isPartOf\":{\"@id\":\"https:\/\/distribution.audio-technica.eu\/nl-nl\/#website\"},\"primaryImageOfPage\":{\"@id\":\"https:\/\/distribution.audio-technica.eu\/nl-nl\/producten\/9000a\/#primaryimage\"},\"image\":{\"@id\":\"https:\/\/distribution.audio-technica.eu\/nl-nl\/producten\/9000a\/#primaryimage\"},\"thumbnailUrl\":\"\/app\/uploads\/sites\/5\/Genelec-9000A-1.jpg\",\"datePublished\":\"2018-12-14T14:10:44+00:00\",\"dateModified\":\"2023-04-04T16:10:04+00:00\",\"breadcrumb\":{\"@id\":\"https:\/\/distribution.audio-technica.eu\/nl-nl\/producten\/9000a\/#breadcrumb\"},\"inLanguage\":\"nl-NL\",\"potentialAction\":[{\"@type\":\"ReadAction\",\"target\":[\"https:\/\/distribution.audio-technica.eu\/nl-nl\/producten\/9000a\/\"]}]},{\"@type\":\"ImageObject\",\"inLanguage\":\"nl-NL\",\"@id\":\"https:\/\/distribution.audio-technica.eu\/nl-nl\/producten\/9000a\/#primaryimage\",\"url\":\"\/app\/uploads\/sites\/5\/Genelec-9000A-1.jpg\",\"contentUrl\":\"\/app\/uploads\/sites\/5\/Genelec-9000A-1.jpg\",\"width\":1000,\"height\":1000},{\"@type\":\"BreadcrumbList\",\"@id\":\"https:\/\/distribution.audio-technica.eu\/nl-nl\/producten\/9000a\/#breadcrumb\",\"itemListElement\":[{\"@type\":\"ListItem\",\"position\":1,\"name\":\"Products\",\"item\":\"https:\/\/distribution.audio-technica.eu\/nl-nl\/\"},{\"@type\":\"ListItem\",\"position\":2,\"name\":\"Producten\",\"item\":\"https:\/\/distribution.audio-technica.eu\/nl-nl\/producten\/\"},{\"@type\":\"ListItem\",\"position\":3,\"name\":\"9000A\"}]},{\"@type\":\"WebSite\",\"@id\":\"https:\/\/distribution.audio-technica.eu\/nl-nl\/#website\",\"url\":\"https:\/\/distribution.audio-technica.eu\/nl-nl\/\",\"name\":\"NL Audio-Technica Distribution\",\"description\":\"\",\"potentialAction\":[{\"@type\":\"SearchAction\",\"target\":{\"@type\":\"EntryPoint\",\"urlTemplate\":\"https:\/\/distribution.audio-technica.eu\/nl-nl\/?s={search_term_string}\"},\"query-input\":{\"@type\":\"PropertyValueSpecification\",\"valueRequired\":true,\"valueName\":\"search_term_string\"}}],\"inLanguage\":\"nl-NL\"}]}<\/script>\n<!-- \/ Yoast SEO plugin. -->","yoast_head_json":{"title":"9000A - NL Audio-Technica Distribution","robots":{"index":"index","follow":"follow","max-snippet":"max-snippet:-1","max-image-preview":"max-image-preview:large","max-video-preview":"max-video-preview:-1"},"canonical":"https:\/\/distribution.audio-technica.eu\/nl-nl\/producten\/9000a\/","og_locale":"nl_NL","og_type":"article","og_title":"9000A - NL Audio-Technica Distribution","og_description":"Stereo Volume Controller   Volumeregelaar voor Genelec studiomonitoren","og_url":"https:\/\/distribution.audio-technica.eu\/nl-nl\/producten\/9000a\/","og_site_name":"NL Audio-Technica Distribution","article_modified_time":"2023-04-04T16:10:04+00:00","og_image":[{"width":1000,"height":1000,"url":"https:\/\/distribution.audio-technica.eu\/app\/uploads\/sites\/5\/Genelec-9000A-1.jpg","type":"image\/jpeg"}],"twitter_card":"summary_large_image","twitter_misc":{"Geschatte leestijd":"1 minuut"},"schema":{"@context":"https:\/\/schema.org","@graph":[{"@type":"WebPage","@id":"https:\/\/distribution.audio-technica.eu\/nl-nl\/producten\/9000a\/","url":"https:\/\/distribution.audio-technica.eu\/nl-nl\/producten\/9000a\/","name":"9000A - NL Audio-Technica Distribution","isPartOf":{"@id":"https:\/\/distribution.audio-technica.eu\/nl-nl\/#website"},"primaryImageOfPage":{"@id":"https:\/\/distribution.audio-technica.eu\/nl-nl\/producten\/9000a\/#primaryimage"},"image":{"@id":"https:\/\/distribution.audio-technica.eu\/nl-nl\/producten\/9000a\/#primaryimage"},"thumbnailUrl":"\/app\/uploads\/sites\/5\/Genelec-9000A-1.jpg","datePublished":"2018-12-14T14:10:44+00:00","dateModified":"2023-04-04T16:10:04+00:00","breadcrumb":{"@id":"https:\/\/distribution.audio-technica.eu\/nl-nl\/producten\/9000a\/#breadcrumb"},"inLanguage":"nl-NL","potentialAction":[{"@type":"ReadAction","target":["https:\/\/distribution.audio-technica.eu\/nl-nl\/producten\/9000a\/"]}]},{"@type":"ImageObject","inLanguage":"nl-NL","@id":"https:\/\/distribution.audio-technica.eu\/nl-nl\/producten\/9000a\/#primaryimage","url":"\/app\/uploads\/sites\/5\/Genelec-9000A-1.jpg","contentUrl":"\/app\/uploads\/sites\/5\/Genelec-9000A-1.jpg","width":1000,"height":1000},{"@type":"BreadcrumbList","@id":"https:\/\/distribution.audio-technica.eu\/nl-nl\/producten\/9000a\/#breadcrumb","itemListElement":[{"@type":"ListItem","position":1,"name":"Products","item":"https:\/\/distribution.audio-technica.eu\/nl-nl\/"},{"@type":"ListItem","position":2,"name":"Producten","item":"https:\/\/distribution.audio-technica.eu\/nl-nl\/producten\/"},{"@type":"ListItem","position":3,"name":"9000A"}]},{"@type":"WebSite","@id":"https:\/\/distribution.audio-technica.eu\/nl-nl\/#website","url":"https:\/\/distribution.audio-technica.eu\/nl-nl\/","name":"NL Audio-Technica Distribution","description":"","potentialAction":[{"@type":"SearchAction","target":{"@type":"EntryPoint","urlTemplate":"https:\/\/distribution.audio-technica.eu\/nl-nl\/?s={search_term_string}"},"query-input":{"@type":"PropertyValueSpecification","valueRequired":true,"valueName":"search_term_string"}}],"inLanguage":"nl-NL"}]}},"_links":{"self":[{"href":"https:\/\/distribution.audio-technica.eu\/nl-nl\/wp-json\/wp\/v2\/product\/14919","targetHints":{"allow":["GET"]}}],"collection":[{"href":"https:\/\/distribution.audio-technica.eu\/nl-nl\/wp-json\/wp\/v2\/product"}],"about":[{"href":"https:\/\/distribution.audio-technica.eu\/nl-nl\/wp-json\/wp\/v2\/types\/product"}],"wp:featuredmedia":[{"embeddable":true,"href":"https:\/\/distribution.audio-technica.eu\/nl-nl\/wp-json\/wp\/v2\/media\/14827"}],"wp:attachment":[{"href":"https:\/\/distribution.audio-technica.eu\/nl-nl\/wp-json\/wp\/v2\/media?parent=14919"}],"wp:term":[{"taxonomy":"product_brand","embeddable":true,"href":"https:\/\/distribution.audio-technica.eu\/nl-nl\/wp-json\/wp\/v2\/product_brand?post=14919"},{"taxonomy":"product_cat","embeddable":true,"href":"https:\/\/distribution.audio-technica.eu\/nl-nl\/wp-json\/wp\/v2\/product_cat?post=14919"},{"taxonomy":"product_tag","embeddable":true,"href":"https:\/\/distribution.audio-technica.eu\/nl-nl\/wp-json\/wp\/v2\/product_tag?post=14919"}],"curies":[{"name":"wp","href":"https:\/\/api.w.org\/{rel}","templated":true}]}}